{"id":786,"date":"2022-04-21T15:41:11","date_gmt":"2022-04-21T15:41:11","guid":{"rendered":"https:\/\/magicandrituals.com\/talismas-e-amuletos\/"},"modified":"2023-09-08T15:40:36","modified_gmt":"2023-09-08T15:40:36","slug":"talismas-e-amuletos","status":"publish","type":"page","link":"https:\/\/magicandrituals.com\/pt-pt\/talismas-e-amuletos\/","title":{"rendered":"Talism\u00e3s e amuletos"},"content":{"rendered":"<style>.kb-row-layout-wrap.wp-block-kadence-rowlayout.kb-row-layout-id38_22becc-81{margin-bottom:40px;}.kb-row-layout-id38_22becc-81 > .kt-row-column-wrap{align-content:start;}:where(.kb-row-layout-id38_22becc-81 > .kt-row-column-wrap) > .wp-block-kadence-column{justify-content:start;}.kb-row-layout-id38_22becc-81 > .kt-row-column-wrap{column-gap:var(--global-kb-gap-md, 2rem);row-gap:var(--global-kb-gap-md, 2rem);padding-top:80px;padding-bottom:190px;grid-template-columns:minmax(0, 1fr);}.kb-row-layout-id38_22becc-81{background-image:url('https:\/\/magicandrituals.com\/wp-content\/uploads\/2022\/04\/talismans-amulets-banner.jpg');background-size:cover;background-position:center center;background-attachment:scroll;background-repeat:no-repeat;}.kb-row-layout-id38_22becc-81 > .kt-row-layout-overlay{opacity:0.30;background-color:var(--global-palette3, #1A202C);}.kb-row-layout-id38_22becc-81 .kt-row-layout-bottom-sep{height:100px;}.kb-row-layout-id38_22becc-81 .kt-row-layout-bottom-sep svg{width:100%;}.kb-row-layout-id38_22becc-81 .kt-row-layout-bottom-sep svg{fill:#ffffff!important;}@media all and (max-width: 1024px){.kb-row-layout-id38_22becc-81 > .kt-row-column-wrap{grid-template-columns:minmax(0, 1fr);}}@media all and (max-width: 1024px){.kb-row-layout-id38_22becc-81 .kt-row-layout-bottom-sep{height:px;}}@media all and (max-width: 1024px){.kb-row-layout-id38_22becc-81 .kt-row-layout-bottom-sep svg{width:%;}}@media all and (max-width: 767px){.kb-row-layout-id38_22becc-81 > .kt-row-column-wrap{grid-template-columns:minmax(0, 1fr);}.kb-row-layout-id38_22becc-81 .kt-row-layout-bottom-sep{height:px;}.kb-row-layout-id38_22becc-81 .kt-row-layout-bottom-sep svg{width:%;}}<\/style><div class=\"kb-row-layout-wrap kb-row-layout-id38_22becc-81 alignfull kt-row-has-bg wp-block-kadence-rowlayout\"><div class=\"kt-row-layout-overlay kt-row-overlay-normal\"><\/div><div class=\"kt-row-layout-bottom-sep kt-row-sep-type-mtns\"><svg viewBox=\"0 0 1000 100\" preserveAspectRatio=\"none\"><path d=\"M1000,50l-182.69,-45.286l-292.031,61.197l-190.875,-41.075l-143.748,28.794l-190.656,-23.63l0,70l1000,0l0,-50Z\" style=\"opacity: 0.4\" \/><path d=\"M1000,57l-152.781,-22.589l-214.383,19.81l-159.318,-21.471l-177.44,25.875l-192.722,5.627l-103.356,-27.275l0,63.023l1000,0l0,-43Z\" \/><\/svg><\/div><div class=\"kt-row-column-wrap kt-has-1-columns kt-row-layout-equal kt-tab-layout-inherit kt-mobile-layout-row kt-row-valign-top\">\n<style>.kadence-column38_509b1e-36 > .kt-inside-inner-col,.kadence-column38_509b1e-36 > .kt-inside-inner-col:before{border-top-left-radius:0px;border-top-right-radius:0px;border-bottom-right-radius:0px;border-bottom-left-radius:0px;}.kadence-column38_509b1e-36 > .kt-inside-inner-col{column-gap:var(--global-kb-gap-sm, 1rem);}.kadence-column38_509b1e-36 > .kt-inside-inner-col{flex-direction:column;}.kadence-column38_509b1e-36 > .kt-inside-inner-col > .aligncenter{width:100%;}.kadence-column38_509b1e-36 > .kt-inside-inner-col:before{opacity:0.3;}.kadence-column38_509b1e-36{position:relative;}@media all and (max-width: 1024px){.kadence-column38_509b1e-36 > .kt-inside-inner-col{flex-direction:column;justify-content:center;}}@media all and (max-width: 767px){.kadence-column38_509b1e-36 > .kt-inside-inner-col{flex-direction:column;justify-content:center;}}<\/style>\n<div class=\"wp-block-kadence-column kadence-column38_509b1e-36 inner-column-1\"><div class=\"kt-inside-inner-col\"><style>.wp-block-kadence-advancedheading.kt-adv-heading38_41e5a7-a7, .wp-block-kadence-advancedheading.kt-adv-heading38_41e5a7-a7[data-kb-block=\"kb-adv-heading38_41e5a7-a7\"]{text-align:center;font-size:56px;font-style:normal;}.wp-block-kadence-advancedheading.kt-adv-heading38_41e5a7-a7 mark.kt-highlight, .wp-block-kadence-advancedheading.kt-adv-heading38_41e5a7-a7[data-kb-block=\"kb-adv-heading38_41e5a7-a7\"] mark.kt-highlight{font-style:normal;color:#f76a0c;-webkit-box-decoration-break:clone;box-decoration-break:clone;padding-top:0px;padding-right:0px;padding-bottom:0px;padding-left:0px;}.wp-block-kadence-advancedheading.kt-adv-heading38_41e5a7-a7 img.kb-inline-image, .wp-block-kadence-advancedheading.kt-adv-heading38_41e5a7-a7[data-kb-block=\"kb-adv-heading38_41e5a7-a7\"] img.kb-inline-image{width:150px;vertical-align:baseline;}<\/style>\n<h1 class=\"kt-adv-heading38_41e5a7-a7 wp-block-kadence-advancedheading has-theme-palette-9-color has-text-color\" data-kb-block=\"kb-adv-heading38_41e5a7-a7\">Talism\u00e3s e amuletos<\/h1>\n<\/div><\/div>\n\n<\/div><\/div>\n<div class=\"wp-block-columns is-layout-flex wp-container-core-columns-is-layout-9d6595d7 wp-block-columns-is-layout-flex\">\n<div class=\"wp-block-column is-layout-flow wp-block-column-is-layout-flow\">\n<p>Acredita em objectos da sorte ou sagrados? A linguagem reflecte o facto de que muitas pessoas o fizeram e ainda o fazem.<\/p>\n\n\n\n<p>O termo pode vir da palavra francesa, espanhola ou italiana &#8220;talism\u00e3&#8221;; as tr\u00eas incluem palavras semelhantes para um amuleto da sorte. Os tr\u00eas termos derivam de uma \u00fanica palavra \u00e1rabe para designar um amuleto, &#8220;Tilsam&#8221;. Tilsam, por sua vez, remonta ao antigo verbo grego telein, que significa &#8220;iniciar nos mist\u00e9rios&#8221; ou &#8220;rito religioso&#8221; e, se recuarmos ainda mais no tempo, podemos relacion\u00e1-lo com o termo grego &#8220;teleo&#8221; (&#8220;completar&#8221; e &#8220;consagrar&#8221;), vendo tamb\u00e9m a sua rela\u00e7\u00e3o com uma a\u00e7\u00e3o ou ritual para dotar o objeto do seu poder.<\/p>\n<\/div>\n\n\n\n<div class=\"wp-block-column is-layout-flow wp-block-column-is-layout-flow\">\n<p>Embora a palavra talism\u00e3, no seu uso mais estrito, se refira a um objeto, mesmo um ser humano ou um animal pode ser considerado um talism\u00e3, cuja mera presen\u00e7a de alguma forma faz com que coisas m\u00e1gicas aconte\u00e7am.<\/p>\n<\/div>\n<\/div>\n        <div class=\"wp-block-getwid-custom-post-type custom-post-type-post has-layout-grid has-spacing-small\">\n            <div class=\"wp-block-getwid-custom-post-type__wrapper getwid-columns getwid-columns-3\">\n                <p>Nothing found.<\/p>            <\/div>\n\n                    <\/div>\n        ","protected":false},"excerpt":{"rendered":"<p>Talism\u00e3s e amuletos Acredita em objectos da sorte ou sagrados? A linguagem reflecte o facto de que muitas pessoas o fizeram e ainda o fazem. O termo pode vir da palavra francesa, espanhola ou italiana &#8220;talism\u00e3&#8221;; as tr\u00eas incluem palavras semelhantes para um amuleto da sorte. Os tr\u00eas termos derivam de uma \u00fanica palavra \u00e1rabe&#8230;<\/p>\n","protected":false},"author":1,"featured_media":0,"parent":0,"menu_order":0,"comment_status":"closed","ping_status":"closed","template":"","meta":{"_kad_post_transparent":"","_kad_post_title":"","_kad_post_layout":"","_kad_post_sidebar_id":"","_kad_post_content_style":"","_kad_post_vertical_padding":"","_kad_post_feature":"","_kad_post_feature_position":"","_kad_post_header":false,"_kad_post_footer":false,"_kad_post_classname":"","footnotes":""},"class_list":["post-786","page","type-page","status-publish","hentry"],"_links":{"self":[{"href":"https:\/\/magicandrituals.com\/pt-pt\/wp-json\/wp\/v2\/pages\/786","targetHints":{"allow":["GET"]}}],"collection":[{"href":"https:\/\/magicandrituals.com\/pt-pt\/wp-json\/wp\/v2\/pages"}],"about":[{"href":"https:\/\/magicandrituals.com\/pt-pt\/wp-json\/wp\/v2\/types\/page"}],"author":[{"embeddable":true,"href":"https:\/\/magicandrituals.com\/pt-pt\/wp-json\/wp\/v2\/users\/1"}],"replies":[{"embeddable":true,"href":"https:\/\/magicandrituals.com\/pt-pt\/wp-json\/wp\/v2\/comments?post=786"}],"version-history":[{"count":1,"href":"https:\/\/magicandrituals.com\/pt-pt\/wp-json\/wp\/v2\/pages\/786\/revisions"}],"predecessor-version":[{"id":787,"href":"https:\/\/magicandrituals.com\/pt-pt\/wp-json\/wp\/v2\/pages\/786\/revisions\/787"}],"wp:attachment":[{"href":"https:\/\/magicandrituals.com\/pt-pt\/wp-json\/wp\/v2\/media?parent=786"}],"curies":[{"name":"wp","href":"https:\/\/api.w.org\/{rel}","templated":true}]}}