{"id":784,"date":"2022-04-21T13:16:26","date_gmt":"2022-04-21T13:16:26","guid":{"rendered":"https:\/\/magicandrituals.com\/a-cabala\/"},"modified":"2023-09-08T15:39:27","modified_gmt":"2023-09-08T15:39:27","slug":"a-cabala","status":"publish","type":"page","link":"https:\/\/magicandrituals.com\/pt-pt\/a-cabala\/","title":{"rendered":"A Cabala"},"content":{"rendered":"<style>.kb-row-layout-id44_de2845-2c > .kt-row-column-wrap{align-content:start;}:where(.kb-row-layout-id44_de2845-2c > .kt-row-column-wrap) > .wp-block-kadence-column{justify-content:start;}.kb-row-layout-id44_de2845-2c > .kt-row-column-wrap{column-gap:var(--global-kb-gap-md, 2rem);row-gap:var(--global-kb-gap-md, 2rem);padding-top:80px;padding-bottom:190px;grid-template-columns:minmax(0, 1fr);}.kb-row-layout-id44_de2845-2c{background-image:url('https:\/\/magicandrituals.com\/wp-content\/uploads\/2022\/04\/lacabala.jpg');background-size:cover;background-position:52% 61%;background-attachment:scroll;background-repeat:no-repeat;}.kb-row-layout-id44_de2845-2c > .kt-row-layout-overlay{opacity:0.30;}.kb-row-layout-id44_de2845-2c .kt-row-layout-bottom-sep{height:100px;}.kb-row-layout-id44_de2845-2c .kt-row-layout-bottom-sep svg{width:100%;}.kb-row-layout-id44_de2845-2c .kt-row-layout-bottom-sep svg{fill:#ffffff!important;}@media all and (max-width: 1024px){.kb-row-layout-id44_de2845-2c > .kt-row-column-wrap{grid-template-columns:minmax(0, 1fr);}}@media all and (max-width: 1024px){.kb-row-layout-id44_de2845-2c .kt-row-layout-bottom-sep{height:px;}}@media all and (max-width: 1024px){.kb-row-layout-id44_de2845-2c .kt-row-layout-bottom-sep svg{width:%;}}@media all and (max-width: 767px){.kb-row-layout-id44_de2845-2c > .kt-row-column-wrap{grid-template-columns:minmax(0, 1fr);}.kb-row-layout-id44_de2845-2c .kt-row-layout-bottom-sep{height:px;}.kb-row-layout-id44_de2845-2c .kt-row-layout-bottom-sep svg{width:%;}}<\/style><div class=\"kb-row-layout-wrap kb-row-layout-id44_de2845-2c alignfull kt-row-has-bg wp-block-kadence-rowlayout\"><div class=\"kt-row-layout-bottom-sep kt-row-sep-type-mtns\"><svg viewBox=\"0 0 1000 100\" preserveAspectRatio=\"none\"><path d=\"M1000,50l-182.69,-45.286l-292.031,61.197l-190.875,-41.075l-143.748,28.794l-190.656,-23.63l0,70l1000,0l0,-50Z\" style=\"opacity: 0.4\" \/><path d=\"M1000,57l-152.781,-22.589l-214.383,19.81l-159.318,-21.471l-177.44,25.875l-192.722,5.627l-103.356,-27.275l0,63.023l1000,0l0,-43Z\" \/><\/svg><\/div><div class=\"kt-row-column-wrap kt-has-1-columns kt-row-layout-equal kt-tab-layout-inherit kt-mobile-layout-row kt-row-valign-top\">\n<style>.kadence-column44_4f5178-e4 > .kt-inside-inner-col,.kadence-column44_4f5178-e4 > .kt-inside-inner-col:before{border-top-left-radius:0px;border-top-right-radius:0px;border-bottom-right-radius:0px;border-bottom-left-radius:0px;}.kadence-column44_4f5178-e4 > .kt-inside-inner-col{column-gap:var(--global-kb-gap-sm, 1rem);}.kadence-column44_4f5178-e4 > .kt-inside-inner-col{flex-direction:column;}.kadence-column44_4f5178-e4 > .kt-inside-inner-col > .aligncenter{width:100%;}.kadence-column44_4f5178-e4 > .kt-inside-inner-col:before{opacity:0.3;}.kadence-column44_4f5178-e4{position:relative;}@media all and (max-width: 1024px){.kadence-column44_4f5178-e4 > .kt-inside-inner-col{flex-direction:column;justify-content:center;}}@media all and (max-width: 767px){.kadence-column44_4f5178-e4 > .kt-inside-inner-col{flex-direction:column;justify-content:center;}}<\/style>\n<div class=\"wp-block-kadence-column kadence-column44_4f5178-e4 inner-column-1\"><div class=\"kt-inside-inner-col\"><style>.wp-block-kadence-advancedheading.kt-adv-heading44_97186e-52, .wp-block-kadence-advancedheading.kt-adv-heading44_97186e-52[data-kb-block=\"kb-adv-heading44_97186e-52\"]{text-align:center;font-size:56px;font-style:normal;}.wp-block-kadence-advancedheading.kt-adv-heading44_97186e-52 mark.kt-highlight, .wp-block-kadence-advancedheading.kt-adv-heading44_97186e-52[data-kb-block=\"kb-adv-heading44_97186e-52\"] mark.kt-highlight{font-style:normal;color:#f76a0c;-webkit-box-decoration-break:clone;box-decoration-break:clone;padding-top:0px;padding-right:0px;padding-bottom:0px;padding-left:0px;}.wp-block-kadence-advancedheading.kt-adv-heading44_97186e-52 img.kb-inline-image, .wp-block-kadence-advancedheading.kt-adv-heading44_97186e-52[data-kb-block=\"kb-adv-heading44_97186e-52\"] img.kb-inline-image{width:150px;vertical-align:baseline;}<\/style>\n<h1 class=\"kt-adv-heading44_97186e-52 wp-block-kadence-advancedheading has-theme-palette-9-color has-text-color\" data-kb-block=\"kb-adv-heading44_97186e-52\">A Cabala<\/h1>\n<\/div><\/div>\n\n<\/div><\/div>\n<div class=\"wp-block-columns is-layout-flex wp-container-core-columns-is-layout-9d6595d7 wp-block-columns-is-layout-flex\">\n<div class=\"wp-block-column is-layout-flow wp-block-column-is-layout-flow\">\n<p>A Cabala \u00e9 a explica\u00e7\u00e3o do todo, do nascimento e do funcionamento do mundo, do vis\u00edvel e do invis\u00edvel, do interior e do exterior. Da ordena\u00e7\u00e3o do mundo e da nossa consci\u00eancia. Uma forma de trabalho pessoal que nos leva de volta \u00e0 pureza e \u00e0 origem.<\/p>\n<\/div>\n\n\n\n<div class=\"wp-block-column is-layout-flow wp-block-column-is-layout-flow\">\n<p>No final do s\u00e9culo XIII, no sul de Fran\u00e7a, surgiu uma forma de pensar a partir de tradi\u00e7\u00f5es antigas, uma explica\u00e7\u00e3o do mundo, uma base para todo o misticismo ocidental, o fundamento da espiritualidade no Ocidente&#8230; chamaram-lhe <strong>Cabala<\/strong>.<\/p>\n<\/div>\n<\/div>\n\n<p>A Cabala divide-se em tr\u00eas classes: te\u00f3rica, meditativa e m\u00e1gica. A Cabala tem sido a base da magia no Ocidente. E a Cabala m\u00e1gica, intimamente relacionada com a meditativa, baseia-se em sinais, palavras, nomes divinos&#8230; para expandir a nossa consci\u00eancia e influenciar os acontecimentos da vida quotidiana.<\/p>\n        <div class=\"wp-block-getwid-custom-post-type custom-post-type-post has-layout-grid has-spacing-small\">\n            <div class=\"wp-block-getwid-custom-post-type__wrapper getwid-columns getwid-columns-3\">\n                <p>Nothing found.<\/p>            <\/div>\n\n                    <\/div>\n        ","protected":false},"excerpt":{"rendered":"<p>A Cabala A Cabala \u00e9 a explica\u00e7\u00e3o do todo, do nascimento e do funcionamento do mundo, do vis\u00edvel e do invis\u00edvel, do interior e do exterior. Da ordena\u00e7\u00e3o do mundo e da nossa consci\u00eancia. Uma forma de trabalho pessoal que nos leva de volta \u00e0 pureza e \u00e0 origem. No final do s\u00e9culo XIII, no&#8230;<\/p>\n","protected":false},"author":1,"featured_media":0,"parent":0,"menu_order":0,"comment_status":"closed","ping_status":"closed","template":"","meta":{"_kad_post_transparent":"","_kad_post_title":"","_kad_post_layout":"","_kad_post_sidebar_id":"","_kad_post_content_style":"","_kad_post_vertical_padding":"","_kad_post_feature":"","_kad_post_feature_position":"","_kad_post_header":false,"_kad_post_footer":false,"_kad_post_classname":"","footnotes":""},"class_list":["post-784","page","type-page","status-publish","hentry"],"_links":{"self":[{"href":"https:\/\/magicandrituals.com\/pt-pt\/wp-json\/wp\/v2\/pages\/784","targetHints":{"allow":["GET"]}}],"collection":[{"href":"https:\/\/magicandrituals.com\/pt-pt\/wp-json\/wp\/v2\/pages"}],"about":[{"href":"https:\/\/magicandrituals.com\/pt-pt\/wp-json\/wp\/v2\/types\/page"}],"author":[{"embeddable":true,"href":"https:\/\/magicandrituals.com\/pt-pt\/wp-json\/wp\/v2\/users\/1"}],"replies":[{"embeddable":true,"href":"https:\/\/magicandrituals.com\/pt-pt\/wp-json\/wp\/v2\/comments?post=784"}],"version-history":[{"count":1,"href":"https:\/\/magicandrituals.com\/pt-pt\/wp-json\/wp\/v2\/pages\/784\/revisions"}],"predecessor-version":[{"id":785,"href":"https:\/\/magicandrituals.com\/pt-pt\/wp-json\/wp\/v2\/pages\/784\/revisions\/785"}],"wp:attachment":[{"href":"https:\/\/magicandrituals.com\/pt-pt\/wp-json\/wp\/v2\/media?parent=784"}],"curies":[{"name":"wp","href":"https:\/\/api.w.org\/{rel}","templated":true}]}}