{"id":782,"date":"2022-04-21T13:49:06","date_gmt":"2022-04-21T13:49:06","guid":{"rendered":"https:\/\/magicandrituals.com\/taro\/"},"modified":"2023-09-08T15:37:49","modified_gmt":"2023-09-08T15:37:49","slug":"taro","status":"publish","type":"page","link":"https:\/\/magicandrituals.com\/pt-pt\/taro\/","title":{"rendered":"Tar\u00f4"},"content":{"rendered":"<style>.kb-row-layout-wrap.wp-block-kadence-rowlayout.kb-row-layout-id_139c4a-3b{margin-bottom:40px;}.kb-row-layout-id_139c4a-3b > .kt-row-column-wrap{align-content:start;}:where(.kb-row-layout-id_139c4a-3b > .kt-row-column-wrap) > .wp-block-kadence-column{justify-content:start;}.kb-row-layout-id_139c4a-3b > .kt-row-column-wrap{column-gap:var(--global-kb-gap-md, 2rem);row-gap:var(--global-kb-gap-md, 2rem);padding-top:80px;padding-bottom:190px;grid-template-columns:minmax(0, 1fr);}.kb-row-layout-id_139c4a-3b{background-image:url('https:\/\/magicandrituals.com\/wp-content\/uploads\/2022\/04\/tarot-banner.jpg');background-size:cover;background-position:center center;background-attachment:scroll;background-repeat:no-repeat;}.kb-row-layout-id_139c4a-3b > .kt-row-layout-overlay{opacity:0.30;background-color:var(--global-palette3, #1A202C);}.kb-row-layout-id_139c4a-3b .kt-row-layout-bottom-sep{height:100px;}.kb-row-layout-id_139c4a-3b .kt-row-layout-bottom-sep svg{width:100%;}.kb-row-layout-id_139c4a-3b .kt-row-layout-bottom-sep svg{fill:#ffffff!important;}@media all and (max-width: 1024px){.kb-row-layout-id_139c4a-3b > .kt-row-column-wrap{grid-template-columns:minmax(0, 1fr);}}@media all and (max-width: 1024px){.kb-row-layout-id_139c4a-3b .kt-row-layout-bottom-sep{height:px;}}@media all and (max-width: 1024px){.kb-row-layout-id_139c4a-3b .kt-row-layout-bottom-sep svg{width:%;}}@media all and (max-width: 767px){.kb-row-layout-id_139c4a-3b > .kt-row-column-wrap{grid-template-columns:minmax(0, 1fr);}.kb-row-layout-id_139c4a-3b .kt-row-layout-bottom-sep{height:px;}.kb-row-layout-id_139c4a-3b .kt-row-layout-bottom-sep svg{width:%;}}<\/style><div class=\"kb-row-layout-wrap kb-row-layout-id_139c4a-3b alignfull kt-row-has-bg wp-block-kadence-rowlayout\"><div class=\"kt-row-layout-overlay kt-row-overlay-normal\"><\/div><div class=\"kt-row-layout-bottom-sep kt-row-sep-type-mtns\"><svg viewBox=\"0 0 1000 100\" preserveAspectRatio=\"none\"><path d=\"M1000,50l-182.69,-45.286l-292.031,61.197l-190.875,-41.075l-143.748,28.794l-190.656,-23.63l0,70l1000,0l0,-50Z\" style=\"opacity: 0.4\" \/><path d=\"M1000,57l-152.781,-22.589l-214.383,19.81l-159.318,-21.471l-177.44,25.875l-192.722,5.627l-103.356,-27.275l0,63.023l1000,0l0,-43Z\" \/><\/svg><\/div><div class=\"kt-row-column-wrap kt-has-1-columns kt-row-layout-equal kt-tab-layout-inherit kt-mobile-layout-row kt-row-valign-top\">\n<style>.kadence-column_b5fdac-33 > .kt-inside-inner-col,.kadence-column_b5fdac-33 > .kt-inside-inner-col:before{border-top-left-radius:0px;border-top-right-radius:0px;border-bottom-right-radius:0px;border-bottom-left-radius:0px;}.kadence-column_b5fdac-33 > .kt-inside-inner-col{column-gap:var(--global-kb-gap-sm, 1rem);}.kadence-column_b5fdac-33 > .kt-inside-inner-col{flex-direction:column;}.kadence-column_b5fdac-33 > .kt-inside-inner-col > .aligncenter{width:100%;}.kadence-column_b5fdac-33 > .kt-inside-inner-col:before{opacity:0.3;}.kadence-column_b5fdac-33{position:relative;}@media all and (max-width: 1024px){.kadence-column_b5fdac-33 > .kt-inside-inner-col{flex-direction:column;justify-content:center;}}@media all and (max-width: 767px){.kadence-column_b5fdac-33 > .kt-inside-inner-col{flex-direction:column;justify-content:center;}}<\/style>\n<div class=\"wp-block-kadence-column kadence-column_b5fdac-33 inner-column-1\"><div class=\"kt-inside-inner-col\"><style>.wp-block-kadence-advancedheading.kt-adv-heading_a38346-61, .wp-block-kadence-advancedheading.kt-adv-heading_a38346-61[data-kb-block=\"kb-adv-heading_a38346-61\"]{text-align:center;font-size:56px;font-style:normal;}.wp-block-kadence-advancedheading.kt-adv-heading_a38346-61 mark.kt-highlight, .wp-block-kadence-advancedheading.kt-adv-heading_a38346-61[data-kb-block=\"kb-adv-heading_a38346-61\"] mark.kt-highlight{font-style:normal;color:#f76a0c;-webkit-box-decoration-break:clone;box-decoration-break:clone;padding-top:0px;padding-right:0px;padding-bottom:0px;padding-left:0px;}.wp-block-kadence-advancedheading.kt-adv-heading_a38346-61 img.kb-inline-image, .wp-block-kadence-advancedheading.kt-adv-heading_a38346-61[data-kb-block=\"kb-adv-heading_a38346-61\"] img.kb-inline-image{width:150px;vertical-align:baseline;}<\/style>\n<h1 class=\"kt-adv-heading_a38346-61 wp-block-kadence-advancedheading has-theme-palette-9-color has-text-color\" data-kb-block=\"kb-adv-heading_a38346-61\">Tar\u00f4<\/h1>\n<\/div><\/div>\n\n<\/div><\/div>\n<div class=\"wp-block-columns is-layout-flex wp-container-core-columns-is-layout-9d6595d7 wp-block-columns-is-layout-flex\">\n<div class=\"wp-block-column is-layout-flow wp-block-column-is-layout-flow\">\n<p>O Tarot \u00e9 mais do que um baralho de cartas, \u00e9 uma ferramenta para a nossa evolu\u00e7\u00e3o. Embora tenha nascido no s\u00e9culo XIV, a sua difus\u00e3o teve de esperar at\u00e9 \u00e0 inven\u00e7\u00e3o da imprensa. E a sua utiliza\u00e7\u00e3o como m\u00e9todo divinat\u00f3rio tornou-se popular no s\u00e9culo XVIII.<\/p>\n\n\n\n<p>Historicamente, a primeira not\u00edcia sobre a sua utiliza\u00e7\u00e3o na adivinha\u00e7\u00e3o vem de um manuscrito de um autor desconhecido, por volta de 1750, onde se fala dos diferentes significados das cartas.<\/p>\n\n\n\n<p>O Tarot, para al\u00e9m de ser um jogo de cartas e um m\u00e9todo de adivinha\u00e7\u00e3o, \u00e9 uma ferramenta impressionante para a nossa evolu\u00e7\u00e3o, se devidamente combinado com a cabala.<\/p>\n<\/div>\n\n\n\n<div class=\"wp-block-column is-layout-flow wp-block-column-is-layout-flow\">\n<p>\u00c9 composto por 78 cartas, 22 arcanos maiores (como as 22 letras do alfabeto hebraico) e 56 arcanos menores. Indica-nos o caminho na nossa \u00e1rvore da vida e orienta-nos pelas vias certas para o nosso crescimento. O Tarot representa as for\u00e7as arquet\u00edpicas da natureza, \u00e9 uma ferramenta poderosa para o nosso auto-conhecimento, para utiliza\u00e7\u00e3o como ferramenta terap\u00eautica, para a compreens\u00e3o das profundezas da nossa mente, para o nosso crescimento espiritual e, de certa forma, \u00e9 uma representa\u00e7\u00e3o diferente da \u00e1rvore da vida, talvez mais acess\u00edvel dado o seu vasto simbolismo.<\/p>\n\n\n\n<p>Seja como for, o <strong>tarot \u00e9 uma das melhores e mais simples formas de abordar a espiritualidade e o nosso crescimento interior.<\/strong><\/p>\n<\/div>\n<\/div>\n<style>.kb-row-layout-id_1dd92b-a6 > .kt-row-column-wrap{align-content:start;}:where(.kb-row-layout-id_1dd92b-a6 > .kt-row-column-wrap) > .wp-block-kadence-column{justify-content:start;}.kb-row-layout-id_1dd92b-a6 > .kt-row-column-wrap{column-gap:var(--global-kb-gap-md, 2rem);row-gap:var(--global-kb-gap-md, 2rem);max-width:var( --global-content-width, 1290px );padding-left:var(--global-content-edge-padding);padding-right:var(--global-content-edge-padding);padding-top:var(--global-kb-spacing-sm, 1.5rem);padding-bottom:var(--global-kb-spacing-sm, 1.5rem);grid-template-columns:minmax(0, 1fr);}.kb-row-layout-id_1dd92b-a6 > .kt-row-layout-overlay{opacity:0.30;}@media all and (max-width: 1024px){.kb-row-layout-id_1dd92b-a6 > .kt-row-column-wrap{grid-template-columns:minmax(0, 1fr);}}@media all and (max-width: 767px){.kb-row-layout-id_1dd92b-a6 > .kt-row-column-wrap{grid-template-columns:minmax(0, 1fr);}}<\/style><div class=\"kb-row-layout-wrap kb-row-layout-id_1dd92b-a6 alignnone wp-block-kadence-rowlayout\"><div class=\"kt-row-column-wrap kt-has-1-columns kt-row-layout-equal kt-tab-layout-inherit kt-mobile-layout-row kt-row-valign-top kb-theme-content-width\">\n<style>.kadence-column_0f3dcf-57 > .kt-inside-inner-col,.kadence-column_0f3dcf-57 > .kt-inside-inner-col:before{border-top-left-radius:0px;border-top-right-radius:0px;border-bottom-right-radius:0px;border-bottom-left-radius:0px;}.kadence-column_0f3dcf-57 > .kt-inside-inner-col{column-gap:var(--global-kb-gap-sm, 1rem);}.kadence-column_0f3dcf-57 > .kt-inside-inner-col{flex-direction:column;}.kadence-column_0f3dcf-57 > .kt-inside-inner-col > .aligncenter{width:100%;}.kadence-column_0f3dcf-57 > .kt-inside-inner-col:before{opacity:0.3;}.kadence-column_0f3dcf-57{position:relative;}@media all and (max-width: 1024px){.kadence-column_0f3dcf-57 > .kt-inside-inner-col{flex-direction:column;justify-content:center;}}@media all and (max-width: 767px){.kadence-column_0f3dcf-57 > .kt-inside-inner-col{flex-direction:column;justify-content:center;}}<\/style>\n<div class=\"wp-block-kadence-column kadence-column_0f3dcf-57 inner-column-1\"><div class=\"kt-inside-inner-col\"><\/div><\/div>\n\n<\/div><\/div>\n\t\t<div class=\"wp-block-getwid-recent-posts has-layout-grid has-cropped-images\">\n\t\t\t<div class=\"wp-block-getwid-recent-posts__wrapper getwid-columns getwid-columns-3\">\n\t\t\t\t\n<article id=\"post-750\" class=\"wp-block-getwid-recent-posts__post\">\n    <div class=\"wp-block-getwid-recent-posts__post-wrapper\">\n                    <div class=\"wp-block-getwid-recent-posts__post-thumbnail\">\n                <a href=\"https:\/\/magicandrituals.com\/pt-pt\/origens-do-taro\/\"><img loading=\"lazy\" decoding=\"async\" width=\"350\" height=\"339\" src=\"https:\/\/magicandrituals.com\/wp-content\/uploads\/2022\/04\/Tarot-cabala.jpg\" class=\"attachment-large size-large wp-post-image\" alt=\"Origens do Tar\u00f4\" srcset=\"https:\/\/magicandrituals.com\/wp-content\/uploads\/2022\/04\/Tarot-cabala.jpg 350w, https:\/\/magicandrituals.com\/wp-content\/uploads\/2022\/04\/Tarot-cabala-300x291.jpg 300w\" sizes=\"auto, (max-width: 350px) 100vw, 350px\" \/><\/a>\n            <\/div>\n                            <div class=\"wp-block-getwid-recent-posts__content-wrapper\">\n                                    <header class=\"wp-block-getwid-recent-posts__entry-header\">\n                                                    <h3 class=\"wp-block-getwid-recent-posts__post-title\"><a href=\"https:\/\/magicandrituals.com\/pt-pt\/origens-do-taro\/\">Origens do Tar\u00f4<\/a><\/h3>                                                                    <\/header>\n                                <div class=\"wp-block-getwid-recent-posts__post-content\">Os registos mais antigos de um baralho de tarot prov\u00eam de It\u00e1lia, sendo o mais antigo o de Filippo Maria Visconti (1412-1447), conservado na Universidade de Yale. O famoso baralho&#8230;<\/div>\n                \n                            <\/div>\n            <\/div>\n<\/article>\n\t\t\t<\/div>\n\t\t<\/div>\n\t\t","protected":false},"excerpt":{"rendered":"<p>Tar\u00f4 O Tarot \u00e9 mais do que um baralho de cartas, \u00e9 uma ferramenta para a nossa evolu\u00e7\u00e3o. Embora tenha nascido no s\u00e9culo XIV, a sua difus\u00e3o teve de esperar at\u00e9 \u00e0 inven\u00e7\u00e3o da imprensa. E a sua utiliza\u00e7\u00e3o como m\u00e9todo divinat\u00f3rio tornou-se popular no s\u00e9culo XVIII. Historicamente, a primeira not\u00edcia sobre a sua utiliza\u00e7\u00e3o&#8230;<\/p>\n","protected":false},"author":1,"featured_media":0,"parent":0,"menu_order":0,"comment_status":"closed","ping_status":"closed","template":"","meta":{"_kad_post_transparent":"","_kad_post_title":"","_kad_post_layout":"","_kad_post_sidebar_id":"","_kad_post_content_style":"","_kad_post_vertical_padding":"","_kad_post_feature":"","_kad_post_feature_position":"","_kad_post_header":false,"_kad_post_footer":false,"_kad_post_classname":"","footnotes":""},"class_list":["post-782","page","type-page","status-publish","hentry"],"_links":{"self":[{"href":"https:\/\/magicandrituals.com\/pt-pt\/wp-json\/wp\/v2\/pages\/782","targetHints":{"allow":["GET"]}}],"collection":[{"href":"https:\/\/magicandrituals.com\/pt-pt\/wp-json\/wp\/v2\/pages"}],"about":[{"href":"https:\/\/magicandrituals.com\/pt-pt\/wp-json\/wp\/v2\/types\/page"}],"author":[{"embeddable":true,"href":"https:\/\/magicandrituals.com\/pt-pt\/wp-json\/wp\/v2\/users\/1"}],"replies":[{"embeddable":true,"href":"https:\/\/magicandrituals.com\/pt-pt\/wp-json\/wp\/v2\/comments?post=782"}],"version-history":[{"count":1,"href":"https:\/\/magicandrituals.com\/pt-pt\/wp-json\/wp\/v2\/pages\/782\/revisions"}],"predecessor-version":[{"id":783,"href":"https:\/\/magicandrituals.com\/pt-pt\/wp-json\/wp\/v2\/pages\/782\/revisions\/783"}],"wp:attachment":[{"href":"https:\/\/magicandrituals.com\/pt-pt\/wp-json\/wp\/v2\/media?parent=782"}],"curies":[{"name":"wp","href":"https:\/\/api.w.org\/{rel}","templated":true}]}}