{"id":780,"date":"2022-05-10T08:11:32","date_gmt":"2022-05-10T08:11:32","guid":{"rendered":"https:\/\/magicandrituals.com\/rituais\/"},"modified":"2023-09-08T15:36:13","modified_gmt":"2023-09-08T15:36:13","slug":"rituais","status":"publish","type":"page","link":"https:\/\/magicandrituals.com\/pt-pt\/rituais\/","title":{"rendered":"Rituais"},"content":{"rendered":"<style>.kb-row-layout-wrap.wp-block-kadence-rowlayout.kb-row-layout-id342_7ef609-79{margin-bottom:40px;}.kb-row-layout-id342_7ef609-79 > .kt-row-column-wrap{align-content:start;}:where(.kb-row-layout-id342_7ef609-79 > .kt-row-column-wrap) > .wp-block-kadence-column{justify-content:start;}.kb-row-layout-id342_7ef609-79 > .kt-row-column-wrap{column-gap:var(--global-kb-gap-md, 2rem);row-gap:var(--global-kb-gap-md, 2rem);padding-top:95px;padding-bottom:227px;grid-template-columns:minmax(0, 1fr);}.kb-row-layout-id342_7ef609-79{background-image:url('https:\/\/magicandrituals.com\/wp-content\/uploads\/2022\/05\/rituals-bg.jpg');background-size:cover;background-position:center center;background-attachment:scroll;background-repeat:no-repeat;}.kb-row-layout-id342_7ef609-79 > .kt-row-layout-overlay{opacity:0.30;background-color:var(--global-palette3, #1A202C);}.kb-row-layout-id342_7ef609-79 .kt-row-layout-bottom-sep{height:100px;}.kb-row-layout-id342_7ef609-79 .kt-row-layout-bottom-sep svg{width:100%;}.kb-row-layout-id342_7ef609-79 .kt-row-layout-bottom-sep svg{fill:#ffffff!important;}@media all and (max-width: 1024px){.kb-row-layout-id342_7ef609-79 > .kt-row-column-wrap{grid-template-columns:minmax(0, 1fr);}}@media all and (max-width: 1024px){.kb-row-layout-id342_7ef609-79 .kt-row-layout-bottom-sep{height:px;}}@media all and (max-width: 1024px){.kb-row-layout-id342_7ef609-79 .kt-row-layout-bottom-sep svg{width:%;}}@media all and (max-width: 767px){.kb-row-layout-id342_7ef609-79 > .kt-row-column-wrap{grid-template-columns:minmax(0, 1fr);}.kb-row-layout-id342_7ef609-79 .kt-row-layout-bottom-sep{height:px;}.kb-row-layout-id342_7ef609-79 .kt-row-layout-bottom-sep svg{width:%;}}<\/style><div class=\"kb-row-layout-wrap kb-row-layout-id342_7ef609-79 alignfull kt-row-has-bg wp-block-kadence-rowlayout\"><div class=\"kt-row-layout-overlay kt-row-overlay-normal\"><\/div><div class=\"kt-row-layout-bottom-sep kt-row-sep-type-mtns\"><svg viewBox=\"0 0 1000 100\" preserveAspectRatio=\"none\"><path d=\"M1000,50l-182.69,-45.286l-292.031,61.197l-190.875,-41.075l-143.748,28.794l-190.656,-23.63l0,70l1000,0l0,-50Z\" style=\"opacity: 0.4\" \/><path d=\"M1000,57l-152.781,-22.589l-214.383,19.81l-159.318,-21.471l-177.44,25.875l-192.722,5.627l-103.356,-27.275l0,63.023l1000,0l0,-43Z\" \/><\/svg><\/div><div class=\"kt-row-column-wrap kt-has-1-columns kt-row-layout-equal kt-tab-layout-inherit kt-mobile-layout-row kt-row-valign-top\">\n<style>.kadence-column342_44a2c4-ed > .kt-inside-inner-col,.kadence-column342_44a2c4-ed > .kt-inside-inner-col:before{border-top-left-radius:0px;border-top-right-radius:0px;border-bottom-right-radius:0px;border-bottom-left-radius:0px;}.kadence-column342_44a2c4-ed > .kt-inside-inner-col{column-gap:var(--global-kb-gap-sm, 1rem);}.kadence-column342_44a2c4-ed > .kt-inside-inner-col{flex-direction:column;}.kadence-column342_44a2c4-ed > .kt-inside-inner-col > .aligncenter{width:100%;}.kadence-column342_44a2c4-ed > .kt-inside-inner-col:before{opacity:0.3;}.kadence-column342_44a2c4-ed{position:relative;}@media all and (max-width: 1024px){.kadence-column342_44a2c4-ed > .kt-inside-inner-col{flex-direction:column;justify-content:center;}}@media all and (max-width: 767px){.kadence-column342_44a2c4-ed > .kt-inside-inner-col{flex-direction:column;justify-content:center;}}<\/style>\n<div class=\"wp-block-kadence-column kadence-column342_44a2c4-ed inner-column-1\"><div class=\"kt-inside-inner-col\"><style>.wp-block-kadence-advancedheading.kt-adv-heading342_162ff5-6a, .wp-block-kadence-advancedheading.kt-adv-heading342_162ff5-6a[data-kb-block=\"kb-adv-heading342_162ff5-6a\"]{text-align:center;font-size:56px;font-style:normal;text-shadow:1px 1px 1px var(--global-palette9, #ffffff);}.wp-block-kadence-advancedheading.kt-adv-heading342_162ff5-6a mark.kt-highlight, .wp-block-kadence-advancedheading.kt-adv-heading342_162ff5-6a[data-kb-block=\"kb-adv-heading342_162ff5-6a\"] mark.kt-highlight{font-style:normal;color:#f76a0c;-webkit-box-decoration-break:clone;box-decoration-break:clone;padding-top:0px;padding-right:0px;padding-bottom:0px;padding-left:0px;}.wp-block-kadence-advancedheading.kt-adv-heading342_162ff5-6a img.kb-inline-image, .wp-block-kadence-advancedheading.kt-adv-heading342_162ff5-6a[data-kb-block=\"kb-adv-heading342_162ff5-6a\"] img.kb-inline-image{width:150px;vertical-align:baseline;}@media all and (max-width: 1024px){.wp-block-kadence-advancedheading.kt-adv-heading342_162ff5-6a, .wp-block-kadence-advancedheading.kt-adv-heading342_162ff5-6a[data-kb-block=\"kb-adv-heading342_162ff5-6a\"]{text-shadow:1px 1px 1px var(--global-palette9, #ffffff);}}@media all and (max-width: 767px){.wp-block-kadence-advancedheading.kt-adv-heading342_162ff5-6a, .wp-block-kadence-advancedheading.kt-adv-heading342_162ff5-6a[data-kb-block=\"kb-adv-heading342_162ff5-6a\"]{text-shadow:1px 1px 1px var(--global-palette9, #ffffff);}}<\/style>\n<h1 class=\"kt-adv-heading342_162ff5-6a wp-block-kadence-advancedheading has-theme-palette-9-color has-text-color\" data-kb-block=\"kb-adv-heading342_162ff5-6a\">Rituais<\/h1>\n<\/div><\/div>\n\n<\/div><\/div>\n<div class=\"wp-block-columns is-layout-flex wp-container-core-columns-is-layout-9d6595d7 wp-block-columns-is-layout-flex\">\n<div class=\"wp-block-column is-layout-flow wp-block-column-is-layout-flow\">\n<p>Os <strong>rituais<\/strong> s\u00e3o uma forma de pr\u00e1tica espiritual frequentemente realizada com o objetivo de honrar, recordar ou invocar a presen\u00e7a de uma ou mais divindades.<\/p>\n\n\n\n<p>H\u00e1 muitos rituais que podem ser realizados para honrar v\u00e1rias divindades. Uma das mais populares \u00e9 a realiza\u00e7\u00e3o de um ritual para pedir prote\u00e7\u00e3o a um arcanjo.<\/p>\n\n\n\n<p>Para realizar um ritual para pedir a prote\u00e7\u00e3o de um arcanjo, \u00e9 preciso primeiro limpar o espa\u00e7o e depois montar um altar com objectos como incenso, velas e flores. Coloque uma imagem do arcanjo que deseja invocar no centro e acenda o incenso e as velas enquanto recita as ora\u00e7\u00f5es.<\/p>\n<\/div>\n\n\n\n<div class=\"wp-block-column is-layout-flow wp-block-column-is-layout-flow\">\n<p>A palavra &#8220;ritual&#8221; deriva da palavra latina &#8220;r\u012btus&#8221;, que significa &#8220;certo, adequado e correto&#8221;. Os rituais s\u00e3o um conjunto de comportamentos ou ac\u00e7\u00f5es que se realizam com um objetivo espec\u00edfico.<\/p>\n\n\n\n<p>Existem muitos tipos diferentes de rituais. Algumas delas t\u00eam um significado religioso e outras s\u00e3o apenas tradi\u00e7\u00f5es a que as pessoas aderem sem qualquer raz\u00e3o espec\u00edfica. Por exemplo, algumas pessoas podem usar a mesma roupa todos os dias porque acreditam que isso lhes trar\u00e1 boa sorte.<\/p>\n\n\n\n<p>Alguns rituais prov\u00eam de cren\u00e7as religiosas como o cristianismo e o juda\u00edsmo. Os crist\u00e3os acreditam em sete arcanjos que servem como protectores da humanidade: Miguel, Gabriel, Rafael, Uriel, Chamuel (ou Haniel), Jofiel (ou Zadkiel) e Raguel (ou Remiel).<\/p>\n<\/div>\n<\/div>\n<style>.wp-block-kadence-spacer.kt-block-spacer-342_25fb9c-bf .kt-block-spacer{height:60px;}.wp-block-kadence-spacer.kt-block-spacer-342_25fb9c-bf .kt-divider{border-top-width:1px;height:1px;border-top-color:#eee;width:80%;border-top-style:solid;}<\/style>\n<div class=\"wp-block-kadence-spacer aligncenter kt-block-spacer-342_25fb9c-bf\"><div class=\"kt-block-spacer kt-block-spacer-halign-center\"><hr class=\"kt-divider\"\/><\/div><\/div>\n\n<p><strong>Os rituais s\u00e3o um modo de vida para algumas pessoas.<\/strong> Ajudam-nos a libertarem-se dos seus sentimentos negativos, a limparem a mente, a ligarem-se ao universo e a sentirem-se melhor.<\/p>\n\n<ul class=\"wp-block-list\">\n<li>O primeiro passo para realizar um ritual \u00e9 ter um objetivo em mente. Por exemplo, se quiser limpar o seu corpo, deve ter \u00e1gua pronta e quaisquer outros artigos necess\u00e1rios para o ritual.<\/li>\n\n\n\n<li>O segundo passo \u00e9 iniciar o ritual, come\u00e7ando pela ora\u00e7\u00e3o ou medita\u00e7\u00e3o e depois prosseguindo com rituais de limpeza ou qualquer outra atividade que seja necess\u00e1ria para o seu objetivo.<\/li>\n\n\n\n<li>O terceiro passo \u00e9 terminar o ritual agradecendo a Deus pela sua ajuda e prote\u00e7\u00e3o durante o per\u00edodo de necessidade.<\/li>\n<\/ul>\n        <div class=\"wp-block-getwid-custom-post-type custom-post-type-post has-layout-grid\">\n            <div class=\"wp-block-getwid-custom-post-type__wrapper getwid-columns getwid-columns-3\">\n                \t\t\t\t\t\t\t\t<div class='wp-block-getwid-custom-post-type__post'>\n\t\t\t\t\t\t\t\t\t\n<div class=\"wp-block-getwid-template-post-featured-background-image getwid-padding-top-large getwid-padding-bottom-large getwid-padding-left-large getwid-padding-right-large\" >\n\t\t\t<div class=\"wp-block-getwid-template-post-featured-background-image__image\" style=\"background-image: url(https:\/\/magicandrituals.com\/wp-content\/uploads\/2022\/05\/sello-jupiter-300x297.png);\"><\/div>\n\t\t<div class=\"wp-block-getwid-template-post-featured-background-image__foreground\"\n\t\t style=\"background-color: #000; \" \t><\/div>\n\t    <div class=\"wp-block-getwid-template-post-featured-background-image__content\"\n\t\t\t>\n        \n\n<h3 style=\"font-size: 32px;color:#fff;\" class=\"wp-block-getwid-template-post-title has-text-color\"><a class=\"wp-block-getwid-template-post-title__link\" href=\"https:\/\/magicandrituals.com\/pt-pt\/ritual-do-primeiro-pantaculo-de-jupiter-da-chave-de-salomao\/\">Ritual do Primeiro Pant\u00e1culo de J\u00fapiter da Chave de Salom\u00e3o<\/a><\/h3>\n\n\n<div class=\"wp-block-getwid-template-post-content is-excerpt has-text-color\" style=\"color:#fff;\"><p>Segundo McGregor Mathers (cujo verdadeiro nome era Samuel Liddell, um dos fundadores da Aurora Dourada), que traduziu a chave de Salom\u00e3o (a maior e a menor) e utilizou os selos&#8230;<\/p><\/div>\n\n    <\/div>\n<\/div>\n\t\t\t\t\t\t\t\t<\/div>\n\t\t\t\t\t\t\t            <\/div>\n\n                    <\/div>\n        ","protected":false},"excerpt":{"rendered":"<p>Rituais Os rituais s\u00e3o uma forma de pr\u00e1tica espiritual frequentemente realizada com o objetivo de honrar, recordar ou invocar a presen\u00e7a de uma ou mais divindades. H\u00e1 muitos rituais que podem ser realizados para honrar v\u00e1rias divindades. Uma das mais populares \u00e9 a realiza\u00e7\u00e3o de um ritual para pedir prote\u00e7\u00e3o a um arcanjo. Para realizar&#8230;<\/p>\n","protected":false},"author":1,"featured_media":0,"parent":0,"menu_order":0,"comment_status":"closed","ping_status":"closed","template":"","meta":{"_kad_post_transparent":"","_kad_post_title":"","_kad_post_layout":"","_kad_post_sidebar_id":"","_kad_post_content_style":"","_kad_post_vertical_padding":"","_kad_post_feature":"","_kad_post_feature_position":"","_kad_post_header":false,"_kad_post_footer":false,"_kad_post_classname":"","footnotes":""},"class_list":["post-780","page","type-page","status-publish","hentry"],"_links":{"self":[{"href":"https:\/\/magicandrituals.com\/pt-pt\/wp-json\/wp\/v2\/pages\/780","targetHints":{"allow":["GET"]}}],"collection":[{"href":"https:\/\/magicandrituals.com\/pt-pt\/wp-json\/wp\/v2\/pages"}],"about":[{"href":"https:\/\/magicandrituals.com\/pt-pt\/wp-json\/wp\/v2\/types\/page"}],"author":[{"embeddable":true,"href":"https:\/\/magicandrituals.com\/pt-pt\/wp-json\/wp\/v2\/users\/1"}],"replies":[{"embeddable":true,"href":"https:\/\/magicandrituals.com\/pt-pt\/wp-json\/wp\/v2\/comments?post=780"}],"version-history":[{"count":1,"href":"https:\/\/magicandrituals.com\/pt-pt\/wp-json\/wp\/v2\/pages\/780\/revisions"}],"predecessor-version":[{"id":781,"href":"https:\/\/magicandrituals.com\/pt-pt\/wp-json\/wp\/v2\/pages\/780\/revisions\/781"}],"wp:attachment":[{"href":"https:\/\/magicandrituals.com\/pt-pt\/wp-json\/wp\/v2\/media?parent=780"}],"curies":[{"name":"wp","href":"https:\/\/api.w.org\/{rel}","templated":true}]}}