{"id":778,"date":"2022-04-22T14:32:19","date_gmt":"2022-04-22T14:32:19","guid":{"rendered":"https:\/\/magicandrituals.com\/velas-magicas\/"},"modified":"2023-09-08T15:33:21","modified_gmt":"2023-09-08T15:33:21","slug":"velas-magicas","status":"publish","type":"page","link":"https:\/\/magicandrituals.com\/pt-pt\/velas-magicas\/","title":{"rendered":"Velas m\u00e1gicas"},"content":{"rendered":"<style>#kt-layout-id_a5d992-6f{margin-bottom:40px;}#kt-layout-id_a5d992-6f > .kt-row-column-wrap{z-index:10;position:relative;align-content:start;}:where(#kt-layout-id_a5d992-6f > .kt-row-column-wrap) > .wp-block-kadence-column{justify-content:start;}#kt-layout-id_a5d992-6f > .kt-row-column-wrap{column-gap:var(--global-kb-gap-md, 2rem);row-gap:var(--global-kb-gap-md, 2rem);padding-top:var( --global-kb-row-default-top, 25px );padding-bottom:var( --global-kb-row-default-bottom, 25px );padding-top:80px;padding-bottom:190px;grid-template-columns:minmax(0, 1fr);}#kt-layout-id_a5d992-6f{background-image:url('https:\/\/magicandrituals.com\/wp-content\/uploads\/2022\/04\/velas-magicas-top.jpg');background-size:cover;background-position:50% 42%;background-attachment:scroll;background-repeat:no-repeat;}#kt-layout-id_a5d992-6f > .kt-row-layout-overlay{opacity:0.30;background-color:var(--global-palette3, #1A202C);}#kt-layout-id_a5d992-6f .kt-row-layout-bottom-sep{height:100px;}#kt-layout-id_a5d992-6f .kt-row-layout-bottom-sep svg{width:100%;}#kt-layout-id_a5d992-6f .kt-row-layout-bottom-sep svg{fill:#ffffff!important;}@media all and (max-width: 1024px){#kt-layout-id_a5d992-6f > .kt-row-column-wrap{grid-template-columns:minmax(0, 1fr);}}@media all and (max-width: 1024px){#kt-layout-id_a5d992-6f .kt-row-layout-bottom-sep{height:px;}}@media all and (max-width: 1024px){#kt-layout-id_a5d992-6f .kt-row-layout-bottom-sep svg{width:%;}}@media all and (max-width: 767px){#kt-layout-id_a5d992-6f > .kt-row-column-wrap{grid-template-columns:minmax(0, 1fr);}#kt-layout-id_a5d992-6f .kt-row-layout-bottom-sep{height:px;}#kt-layout-id_a5d992-6f .kt-row-layout-bottom-sep svg{width:%;}}<\/style>\n<div class=\"wp-block-kadence-rowlayout alignfull\"><div id=\"kt-layout-id_a5d992-6f\" class=\"kt-row-layout-inner kt-row-has-bg kt-layout-id_a5d992-6f\"><div class=\"kt-row-layout-overlay kt-row-overlay-normal\"><\/div><div class=\"kt-row-column-wrap kt-has-1-columns kt-gutter-default kt-v-gutter-default kt-row-valign-top kt-row-layout-equal kt-tab-layout-inherit kt-m-colapse-left-to-right kt-mobile-layout-row\"><style>.kadence-column_b5fdac-33 > .kt-inside-inner-col{border-top-width:0px;border-right-width:0px;border-bottom-width:0px;border-left-width:0px;}.kadence-column_b5fdac-33 > .kt-inside-inner-col,.kadence-column_b5fdac-33 > .kt-inside-inner-col:before{border-top-left-radius:0px;border-top-right-radius:0px;border-bottom-right-radius:0px;border-bottom-left-radius:0px;}.kadence-column_b5fdac-33 > .kt-inside-inner-col{column-gap:var(--global-kb-gap-sm, 1rem);}.kadence-column_b5fdac-33 > .kt-inside-inner-col{flex-direction:column;}.kadence-column_b5fdac-33 > .kt-inside-inner-col > .aligncenter{width:100%;}.kadence-column_b5fdac-33 > .kt-inside-inner-col:before{opacity:0.3;}.kadence-column_b5fdac-33{position:relative;}@media all and (max-width: 1024px){.kadence-column_b5fdac-33 > .kt-inside-inner-col{flex-direction:column;justify-content:center;}}@media all and (max-width: 767px){.kadence-column_b5fdac-33 > .kt-inside-inner-col{flex-direction:column;justify-content:center;}}<\/style>\n<div class=\"wp-block-kadence-column inner-column-1 kadence-column_b5fdac-33\"><div class=\"kt-inside-inner-col\"><style>.wp-block-kadence-advancedheading.kt-adv-heading_5c03ae-fe, .wp-block-kadence-advancedheading.kt-adv-heading_5c03ae-fe[data-kb-block=\"kb-adv-heading_5c03ae-fe\"]{text-align:center;font-size:56px;font-style:normal;}.wp-block-kadence-advancedheading.kt-adv-heading_5c03ae-fe mark.kt-highlight, .wp-block-kadence-advancedheading.kt-adv-heading_5c03ae-fe[data-kb-block=\"kb-adv-heading_5c03ae-fe\"] mark.kt-highlight{font-style:normal;color:#f76a0c;-webkit-box-decoration-break:clone;box-decoration-break:clone;padding-top:0px;padding-right:0px;padding-bottom:0px;padding-left:0px;}.wp-block-kadence-advancedheading.kt-adv-heading_5c03ae-fe img.kb-inline-image, .wp-block-kadence-advancedheading.kt-adv-heading_5c03ae-fe[data-kb-block=\"kb-adv-heading_5c03ae-fe\"] img.kb-inline-image{width:150px;vertical-align:baseline;}<\/style>\n<h1 class=\"kt-adv-heading_5c03ae-fe wp-block-kadence-advancedheading has-theme-palette-9-color has-text-color\" data-kb-block=\"kb-adv-heading_5c03ae-fe\">Velas m\u00e1gicas<\/h1>\n<\/div><\/div>\n<\/div><div class=\"kt-row-layout-bottom-sep kt-row-sep-type-mtns\"><svg style=\"fill:#ffffff\" viewbox=\"0 0 1000 100\" preserveaspectratio=\"none\"><path d=\"M1000,50l-182.69,-45.286l-292.031,61.197l-190.875,-41.075l-143.748,28.794l-190.656,-23.63l0,70l1000,0l0,-50Z\" style=\"opacity:0.4\"><\/path><path d=\"M1000,57l-152.781,-22.589l-214.383,19.81l-159.318,-21.471l-177.44,25.875l-192.722,5.627l-103.356,-27.275l0,63.023l1000,0l0,-43Z\"><\/path><\/svg><\/div><\/div><\/div>\n\n<div class=\"wp-block-columns is-layout-flex wp-container-core-columns-is-layout-9d6595d7 wp-block-columns-is-layout-flex\">\n<div class=\"wp-block-column is-layout-flow wp-block-column-is-layout-flow\">\n<p>O fogo tem sido utilizado pela humanidade desde o in\u00edcio dos tempos. Na antiga Idade M\u00e9dia, mais tarde na P\u00e9rsia, havia os guardi\u00f5es do fogo, os magos, que tinham de manter a chama sagrada perpetuamente acesa. Este facto \u00e9 muito comum em v\u00e1rias civiliza\u00e7\u00f5es; de facto, em todas as religi\u00f5es o fogo \u00e9 utilizado como um elemento para melhorar uma ora\u00e7\u00e3o, para meditar ou para elaborar um ritual. Assim, na magia, \u00e9 um dos elementos principais. A forma mais comum de o utilizar \u00e9 atrav\u00e9s de velas.<\/p>\n<\/div>\n\n\n\n<div class=\"wp-block-column is-layout-flow wp-block-column-is-layout-flow\">\n<p>A palavra vela vem do latim candere, que significa brilhar. E a sua utiliza\u00e7\u00e3o mais comum \u00e9 a ilumina\u00e7\u00e3o, tanto do exterior como do nosso interior. Induzem-nos a meditar e a olhar para dentro de n\u00f3s pr\u00f3prios.<\/p>\n\n\n\n<p>A utiliza\u00e7\u00e3o do fogo em rituais \u00e9 t\u00e3o antiga como a sua descoberta, induzindo prote\u00e7\u00e3o, calor, relaxamento e procura interior.<\/p>\n<\/div>\n<\/div>\n\n<hr class=\"wp-block-separator\"\/>\n\n<div class=\"wp-block-columns is-layout-flex wp-container-core-columns-is-layout-9d6595d7 wp-block-columns-is-layout-flex\">\n<div class=\"wp-block-column is-layout-flow wp-block-column-is-layout-flow\">\n<p>Pensa-se que foram fabricados pelos eg\u00edpcios por volta do s\u00e9culo XIV a.C., alguns historiadores situam-nos no s\u00e9culo XIII a.C. A sua utiliza\u00e7\u00e3o era comum na Idade M\u00e9dia, sendo fabricados a partir de sebo e cera de abelha.<\/p>\n\n\n\n<p>A Idade M\u00e9dia foi uma \u00e9poca sombria e, nos rituais, o objetivo das velas era trazer luz a esta exist\u00eancia; de facto, nessa altura, s\u00f3 se podia contactar os anjos em determinadas horas e dias nos rituais de velas que usamos neste site, pois a escurid\u00e3o prevalecia e s\u00f3 havia janelas de luz para contactar.<\/p>\n<\/div>\n\n\n\n<div class=\"wp-block-column is-layout-flow wp-block-column-is-layout-flow\">\n<p>Existem in\u00fameros rituais com velas, o mais simples \u00e9 acender uma vela branca todos os dias at\u00e9 que o nosso desejo seja realizado. Mas, em geral, \u00e9 muito importante o dia e a cor para lhe dar mais for\u00e7a e, se o selo for acrescentado e se for ritualizado, a sua for\u00e7a \u00e9 multiplicada, tal como fazemos com as nossas velas preparadas.<\/p>\n<\/div>\n<\/div>\n\n<hr class=\"wp-block-separator\"\/>\n\n<div class=\"wp-block-columns is-layout-flex wp-container-core-columns-is-layout-9d6595d7 wp-block-columns-is-layout-flex\">\n<div class=\"wp-block-column is-layout-flow wp-block-column-is-layout-flow\">\n<p>O fogo, a forma como arde, o fumo&#8230; tudo isto nos d\u00e1 pistas sobre o problema a tratar, se produz fumo e fa\u00edscas, se a chama oscila na aus\u00eancia de vento, se o pavio demora muito tempo a acender, se cai para baixo e depois sobe, se na origem do pavio brilha mais do que o normal, se arde lentamente, se d\u00e1 voltas, se se apaga ou se a chama se torna mais intensa do que o normal&#8230;<\/p>\n\n\n\n<p>As cores das velas est\u00e3o relacionadas com os signos do zod\u00edaco, os arcanjos, os anjos e os dias da semana, portanto tamb\u00e9m com os antigos deuses greco-romanos e os planetas.<\/p>\n<\/div>\n\n\n\n<div class=\"wp-block-column is-layout-flow wp-block-column-is-layout-flow\">\n<p>Cada cor da vela pode ser trabalhada de forma planet\u00e1ria para diversos fins que ser\u00e3o explicados mais adiante.<\/p>\n\n\n\n<p>Quanto aos arcanjos, cada um tem a sua cor, os seus sinais e os seus selos, tal como os anjos da cabala. Iremos analisar cada um deles com mais profundidade em artigos posteriores.<\/p>\n<\/div>\n<\/div>\n<style>#kt-layout-id_1f0569-38 > .kt-row-column-wrap{align-content:start;}:where(#kt-layout-id_1f0569-38 > .kt-row-column-wrap) > .wp-block-kadence-column{justify-content:start;}#kt-layout-id_1f0569-38 > .kt-row-column-wrap{column-gap:var(--global-kb-gap-md, 2rem);row-gap:var(--global-kb-gap-md, 2rem);max-width:var( --global-content-width, 1290px );padding-left:var(--global-content-edge-padding);padding-right:var(--global-content-edge-padding);padding-top:var( --global-kb-row-default-top, 25px );padding-bottom:var( --global-kb-row-default-bottom, 25px );padding-top:var(--global-kb-spacing-sm, 1.5rem);padding-bottom:var(--global-kb-spacing-sm, 1.5rem);grid-template-columns:minmax(0, 1fr);}#kt-layout-id_1f0569-38 > .kt-row-layout-overlay{opacity:0.30;}@media all and (max-width: 1024px){#kt-layout-id_1f0569-38 > .kt-row-column-wrap{grid-template-columns:minmax(0, 1fr);}}@media all and (max-width: 767px){#kt-layout-id_1f0569-38 > .kt-row-column-wrap{grid-template-columns:minmax(0, 1fr);}}<\/style>\n<div class=\"wp-block-kadence-rowlayout alignnone\"><div id=\"kt-layout-id_1f0569-38\" class=\"kt-row-layout-inner kt-layout-id_1f0569-38\"><div class=\"kt-row-column-wrap kt-has-1-columns kt-gutter-default kt-v-gutter-default kt-row-valign-top kt-row-layout-equal kt-tab-layout-inherit kt-m-colapse-left-to-right kt-mobile-layout-row kb-theme-content-width\"><style>.kadence-column_150d39-2f > .kt-inside-inner-col{border-top-width:0px;border-right-width:0px;border-bottom-width:0px;border-left-width:0px;}.kadence-column_150d39-2f > .kt-inside-inner-col,.kadence-column_150d39-2f > .kt-inside-inner-col:before{border-top-left-radius:0px;border-top-right-radius:0px;border-bottom-right-radius:0px;border-bottom-left-radius:0px;}.kadence-column_150d39-2f > .kt-inside-inner-col{column-gap:var(--global-kb-gap-sm, 1rem);}.kadence-column_150d39-2f > .kt-inside-inner-col{flex-direction:column;}.kadence-column_150d39-2f > .kt-inside-inner-col > .aligncenter{width:100%;}.kadence-column_150d39-2f > .kt-inside-inner-col:before{opacity:0.3;}.kadence-column_150d39-2f{position:relative;}@media all and (max-width: 1024px){.kadence-column_150d39-2f > .kt-inside-inner-col{flex-direction:column;justify-content:center;}}@media all and (max-width: 767px){.kadence-column_150d39-2f > .kt-inside-inner-col{flex-direction:column;justify-content:center;}}<\/style>\n<div class=\"wp-block-kadence-column inner-column-1 kadence-column_150d39-2f\"><div class=\"kt-inside-inner-col\">        <div class=\"wp-block-getwid-custom-post-type custom-post-type-post has-layout-grid\">\n            <div class=\"wp-block-getwid-custom-post-type__wrapper getwid-columns getwid-columns-3\">\n                \t\t\t\t\t\t\t\t<div class='wp-block-getwid-custom-post-type__post'>\n\t\t\t\t\t\t\t\t\t\n<div class=\"wp-block-getwid-template-post-featured-background-image getwid-padding-top-large getwid-padding-bottom-large getwid-padding-left-large getwid-padding-right-large\" >\n\t\t\t<div class=\"wp-block-getwid-template-post-featured-background-image__image\" style=\"background-image: url(https:\/\/magicandrituals.com\/wp-content\/uploads\/2022\/04\/archangel-elemiah-candle-img-225x300.jpg);\"><\/div>\n\t\t<div class=\"wp-block-getwid-template-post-featured-background-image__foreground\"\n\t\t style=\"background-color: #000; \" \t><\/div>\n\t    <div class=\"wp-block-getwid-template-post-featured-background-image__content\"\n\t\t\t>\n        \n\n<h3 style=\"font-size: 32px;color:#fff;\" class=\"wp-block-getwid-template-post-title has-text-color\"><a class=\"wp-block-getwid-template-post-title__link\" href=\"https:\/\/magicandrituals.com\/pt-pt\/vela-magica-angel-elemiah\/\">Vela m\u00e1gica Angel Elemiah<\/a><\/h3>\n\n\n<div class=\"wp-block-getwid-template-post-content is-excerpt has-text-color\" style=\"color:#fff;\"><p>Elemiah significa &#8220;Deus escondido&#8220;, este anjo tem uma carater\u00edstica feminina. Pertence ao coro dos serafins (concretamente, \u00e9 o quarto anjo do coro). Ela \u00e9, portanto, um anjo da esfera Kether,&#8230;<\/p><\/div>\n\n    <\/div>\n<\/div>\n\t\t\t\t\t\t\t\t<\/div>\n\t\t\t\t\t\t\t\t\t\t\t\t\t\t\t<div class='wp-block-getwid-custom-post-type__post'>\n\t\t\t\t\t\t\t\t\t\n<div class=\"wp-block-getwid-template-post-featured-background-image getwid-padding-top-large getwid-padding-bottom-large getwid-padding-left-large getwid-padding-right-large\" >\n\t\t\t<div class=\"wp-block-getwid-template-post-featured-background-image__image\" style=\"background-image: url(https:\/\/magicandrituals.com\/wp-content\/uploads\/2022\/04\/vela-arcangel-gabriel-225x300.jpg);\"><\/div>\n\t\t<div class=\"wp-block-getwid-template-post-featured-background-image__foreground\"\n\t\t style=\"background-color: #000; \" \t><\/div>\n\t    <div class=\"wp-block-getwid-template-post-featured-background-image__content\"\n\t\t\t>\n        \n\n<h3 style=\"font-size: 32px;color:#fff;\" class=\"wp-block-getwid-template-post-title has-text-color\"><a class=\"wp-block-getwid-template-post-title__link\" href=\"https:\/\/magicandrituals.com\/pt-pt\/vela-magica-do-arcanjo-gabriel\/\">Vela m\u00e1gica do Arcanjo Gabriel<\/a><\/h3>\n\n\n<div class=\"wp-block-getwid-template-post-content is-excerpt has-text-color\" style=\"color:#fff;\"><p>A vela do arcanjo Gabriel \u00e9 utilizada para entrar em contacto com a sua energia e tudo o que ela traz. Sempre que queremos dar alma a uma situa\u00e7\u00e3o, quando&#8230;<\/p><\/div>\n\n    <\/div>\n<\/div>\n\t\t\t\t\t\t\t\t<\/div>\n\t\t\t\t\t\t\t            <\/div>\n\n                    <\/div>\n        <\/div><\/div>\n<\/div><\/div><\/div>\n","protected":false},"excerpt":{"rendered":"<p>Velas m\u00e1gicas O fogo tem sido utilizado pela humanidade desde o in\u00edcio dos tempos. Na antiga Idade M\u00e9dia, mais tarde na P\u00e9rsia, havia os guardi\u00f5es do fogo, os magos, que tinham de manter a chama sagrada perpetuamente acesa. Este facto \u00e9 muito comum em v\u00e1rias civiliza\u00e7\u00f5es; de facto, em todas as religi\u00f5es o fogo \u00e9&#8230;<\/p>\n","protected":false},"author":1,"featured_media":0,"parent":0,"menu_order":0,"comment_status":"closed","ping_status":"closed","template":"","meta":{"_kad_post_transparent":"","_kad_post_title":"","_kad_post_layout":"","_kad_post_sidebar_id":"","_kad_post_content_style":"","_kad_post_vertical_padding":"","_kad_post_feature":"","_kad_post_feature_position":"","_kad_post_header":false,"_kad_post_footer":false,"_kad_post_classname":"","footnotes":""},"class_list":["post-778","page","type-page","status-publish","hentry"],"_links":{"self":[{"href":"https:\/\/magicandrituals.com\/pt-pt\/wp-json\/wp\/v2\/pages\/778","targetHints":{"allow":["GET"]}}],"collection":[{"href":"https:\/\/magicandrituals.com\/pt-pt\/wp-json\/wp\/v2\/pages"}],"about":[{"href":"https:\/\/magicandrituals.com\/pt-pt\/wp-json\/wp\/v2\/types\/page"}],"author":[{"embeddable":true,"href":"https:\/\/magicandrituals.com\/pt-pt\/wp-json\/wp\/v2\/users\/1"}],"replies":[{"embeddable":true,"href":"https:\/\/magicandrituals.com\/pt-pt\/wp-json\/wp\/v2\/comments?post=778"}],"version-history":[{"count":1,"href":"https:\/\/magicandrituals.com\/pt-pt\/wp-json\/wp\/v2\/pages\/778\/revisions"}],"predecessor-version":[{"id":779,"href":"https:\/\/magicandrituals.com\/pt-pt\/wp-json\/wp\/v2\/pages\/778\/revisions\/779"}],"wp:attachment":[{"href":"https:\/\/magicandrituals.com\/pt-pt\/wp-json\/wp\/v2\/media?parent=778"}],"curies":[{"name":"wp","href":"https:\/\/api.w.org\/{rel}","templated":true}]}}