{"id":774,"date":"2022-04-21T13:30:48","date_gmt":"2022-04-21T13:30:48","guid":{"rendered":"https:\/\/magicandrituals.com\/arcanjos\/"},"modified":"2023-09-08T15:30:32","modified_gmt":"2023-09-08T15:30:32","slug":"arcanjos","status":"publish","type":"page","link":"https:\/\/magicandrituals.com\/pt-pt\/arcanjos\/","title":{"rendered":"Arcanjos"},"content":{"rendered":"<style>#kt-layout-id_139c4a-3b{margin-bottom:40px;}#kt-layout-id_139c4a-3b > .kt-row-column-wrap{z-index:10;position:relative;align-content:start;}:where(#kt-layout-id_139c4a-3b > .kt-row-column-wrap) > .wp-block-kadence-column{justify-content:start;}#kt-layout-id_139c4a-3b > .kt-row-column-wrap{column-gap:var(--global-kb-gap-md, 2rem);row-gap:var(--global-kb-gap-md, 2rem);padding-top:var( --global-kb-row-default-top, 25px );padding-bottom:var( --global-kb-row-default-bottom, 25px );padding-top:80px;padding-bottom:190px;grid-template-columns:minmax(0, 1fr);}#kt-layout-id_139c4a-3b{background-image:url('https:\/\/magicandrituals.com\/wp-content\/uploads\/2022\/04\/Archangels-cat.jpg');background-size:cover;background-position:center center;background-attachment:scroll;background-repeat:no-repeat;}#kt-layout-id_139c4a-3b > .kt-row-layout-overlay{opacity:0.30;background-color:var(--global-palette3, #1A202C);}#kt-layout-id_139c4a-3b .kt-row-layout-bottom-sep{height:100px;}#kt-layout-id_139c4a-3b .kt-row-layout-bottom-sep svg{width:100%;}#kt-layout-id_139c4a-3b .kt-row-layout-bottom-sep svg{fill:#ffffff!important;}@media all and (max-width: 1024px){#kt-layout-id_139c4a-3b > .kt-row-column-wrap{grid-template-columns:minmax(0, 1fr);}}@media all and (max-width: 1024px){#kt-layout-id_139c4a-3b .kt-row-layout-bottom-sep{height:px;}}@media all and (max-width: 1024px){#kt-layout-id_139c4a-3b .kt-row-layout-bottom-sep svg{width:%;}}@media all and (max-width: 767px){#kt-layout-id_139c4a-3b > .kt-row-column-wrap{grid-template-columns:minmax(0, 1fr);}#kt-layout-id_139c4a-3b .kt-row-layout-bottom-sep{height:px;}#kt-layout-id_139c4a-3b .kt-row-layout-bottom-sep svg{width:%;}}<\/style>\n<div class=\"wp-block-kadence-rowlayout alignfull\"><div id=\"kt-layout-id_139c4a-3b\" class=\"kt-row-layout-inner kt-row-has-bg kt-layout-id_139c4a-3b\"><div class=\"kt-row-layout-overlay kt-row-overlay-normal\"><\/div><div class=\"kt-row-column-wrap kt-has-1-columns kt-gutter-default kt-v-gutter-default kt-row-valign-top kt-row-layout-equal kt-tab-layout-inherit kt-m-colapse-left-to-right kt-mobile-layout-row\"><style>.kadence-column_b5fdac-33 > .kt-inside-inner-col{border-top-width:0px;border-right-width:0px;border-bottom-width:0px;border-left-width:0px;}.kadence-column_b5fdac-33 > .kt-inside-inner-col,.kadence-column_b5fdac-33 > .kt-inside-inner-col:before{border-top-left-radius:0px;border-top-right-radius:0px;border-bottom-right-radius:0px;border-bottom-left-radius:0px;}.kadence-column_b5fdac-33 > .kt-inside-inner-col{column-gap:var(--global-kb-gap-sm, 1rem);}.kadence-column_b5fdac-33 > .kt-inside-inner-col{flex-direction:column;}.kadence-column_b5fdac-33 > .kt-inside-inner-col > .aligncenter{width:100%;}.kadence-column_b5fdac-33 > .kt-inside-inner-col:before{opacity:0.3;}.kadence-column_b5fdac-33{position:relative;}@media all and (max-width: 1024px){.kadence-column_b5fdac-33 > .kt-inside-inner-col{flex-direction:column;justify-content:center;}}@media all and (max-width: 767px){.kadence-column_b5fdac-33 > .kt-inside-inner-col{flex-direction:column;justify-content:center;}}<\/style>\n<div class=\"wp-block-kadence-column inner-column-1 kadence-column_b5fdac-33\"><div class=\"kt-inside-inner-col\"><style>.wp-block-kadence-advancedheading.kt-adv-heading_a38346-61, .wp-block-kadence-advancedheading.kt-adv-heading_a38346-61[data-kb-block=\"kb-adv-heading_a38346-61\"]{text-align:center;font-size:56px;font-style:normal;}.wp-block-kadence-advancedheading.kt-adv-heading_a38346-61 mark.kt-highlight, .wp-block-kadence-advancedheading.kt-adv-heading_a38346-61[data-kb-block=\"kb-adv-heading_a38346-61\"] mark.kt-highlight{font-style:normal;color:#f76a0c;-webkit-box-decoration-break:clone;box-decoration-break:clone;padding-top:0px;padding-right:0px;padding-bottom:0px;padding-left:0px;}.wp-block-kadence-advancedheading.kt-adv-heading_a38346-61 img.kb-inline-image, .wp-block-kadence-advancedheading.kt-adv-heading_a38346-61[data-kb-block=\"kb-adv-heading_a38346-61\"] img.kb-inline-image{width:150px;vertical-align:baseline;}<\/style>\n<h1 class=\"kt-adv-heading_a38346-61 wp-block-kadence-advancedheading has-theme-palette-9-color has-text-color\" data-kb-block=\"kb-adv-heading_a38346-61\">Arcanjos<\/h1>\n<\/div><\/div>\n<\/div><div class=\"kt-row-layout-bottom-sep kt-row-sep-type-mtns\"><svg style=\"fill:#ffffff\" viewBox=\"0 0 1000 100\" preserveAspectRatio=\"none\"><path d=\"M1000,50l-182.69,-45.286l-292.031,61.197l-190.875,-41.075l-143.748,28.794l-190.656,-23.63l0,70l1000,0l0,-50Z\" style=\"opacity:0.4\"><\/path><path d=\"M1000,57l-152.781,-22.589l-214.383,19.81l-159.318,-21.471l-177.44,25.875l-192.722,5.627l-103.356,-27.275l0,63.023l1000,0l0,-43Z\"><\/path><\/svg><\/div><\/div><\/div>\n\n<div class=\"wp-block-columns is-layout-flex wp-container-core-columns-is-layout-9d6595d7 wp-block-columns-is-layout-flex\">\n<div class=\"wp-block-column is-layout-flow wp-block-column-is-layout-flow\">\n<p>Existe uma grande controv\u00e9rsia sobre o n\u00famero de arcanjos, um Arcanjo \u00e9 um tipo de anjo poderoso, que tem tarefas espec\u00edficas e dirige outros anjos.<\/p>\n\n\n\n<ul class=\"wp-block-list\"><li>A <strong>Igreja Cat\u00f3lica<\/strong> s\u00f3 reconhece tr\u00eas: Miguel, Rafael e Gabriel.<\/li><li>No <strong>juda\u00edsmo<\/strong> quase n\u00e3o h\u00e1 refer\u00eancias a anjos e arcanjos, mas tradicionalmente s\u00e3o aceites sete.<\/li><li>A <strong>Igreja Ortodoxa<\/strong> reconhece sete, Miguel, Gabriel, Rafael, Uriel, Yehudiel, Shealtiel e Barachiel, embora por vezes acrescente mais um: Jeremiel.<\/li><li>Os <strong>coptas<\/strong>, para al\u00e9m de Miguel, Rafael e Gabriel, acrescentam Uriel (mencionado no livro de Enoque), Zedekiel, Seratiel e Ananiel.<\/li><li>A <strong>Igreja Anglicana<\/strong> reconhece os quatro arcanjos principais, mas por vezes representa sete, acrescentando Chamuel (Camael), Jofiel e Zadkiel.<\/li><li>O Isl\u00e3o tamb\u00e9m reconhece sete arcanjos com nomes diferentes, como por exemplo Azrael, o arcanjo da morte. Os principais seriam Israfel, Mikhail, Jibrail e Azrael.<\/li><li>No <strong>esoterismo<\/strong>, Agripa reconhece Miguel, Gabriel, Rafael, Camael, Haniel (Anael), Zadkiel e Zafkiel. Alguns acrescentam Cassiel. Outros consideram a exist\u00eancia de mais arcanjos, como Raziel&#8230;<\/li><\/ul>\n<\/div>\n\n\n\n<div class=\"wp-block-column is-layout-flow wp-block-column-is-layout-flow\">\n<p>Apesar da controv\u00e9rsia, os esoteristas e muitas tradi\u00e7\u00f5es antigas aceitam uma correspond\u00eancia entre os arcanjos e os sete planetas da antiguidade, os sete dias da semana e os sete deuses gregos.<\/p>\n\n\n\n<p><strong>Na Cabala, embora n\u00e3o sejam chamados arcanjos, um corresponde a cada sephira ou esfera.<\/strong><\/p>\n\n\n\n<p>\u00c9 preciso ter em conta que as tradi\u00e7\u00f5es se comunicaram e se entrela\u00e7aram, assimilando conceitos diferentes e acrescentando-os aos seus.<\/p>\n\n\n\n<p>Seja como for, os arcanjos s\u00e3o energias com as quais se pode trabalhar e que nos podem ajudar.<\/p>\n<\/div>\n<\/div>\n<style>#kt-layout-id_de63e0-47 > .kt-row-column-wrap{align-content:start;}:where(#kt-layout-id_de63e0-47 > .kt-row-column-wrap) > .wp-block-kadence-column{justify-content:start;}#kt-layout-id_de63e0-47 > .kt-row-column-wrap{column-gap:var(--global-kb-gap-md, 2rem);row-gap:var(--global-kb-gap-md, 2rem);padding-top:var( --global-kb-row-default-top, 25px );padding-bottom:var( --global-kb-row-default-bottom, 25px );padding-top:var(--global-kb-spacing-sm, 1.5rem);padding-bottom:var(--global-kb-spacing-sm, 1.5rem);grid-template-columns:minmax(0, 1fr);}#kt-layout-id_de63e0-47 > .kt-row-layout-overlay{opacity:0.30;}@media all and (max-width: 1024px){#kt-layout-id_de63e0-47 > .kt-row-column-wrap{grid-template-columns:minmax(0, 1fr);}}@media all and (max-width: 767px){#kt-layout-id_de63e0-47 > .kt-row-column-wrap{grid-template-columns:minmax(0, 1fr);}}<\/style>\n<div class=\"wp-block-kadence-rowlayout alignnone\"><div id=\"kt-layout-id_de63e0-47\" class=\"kt-row-layout-inner kt-layout-id_de63e0-47\"><div class=\"kt-row-column-wrap kt-has-1-columns kt-gutter-default kt-v-gutter-default kt-row-valign-top kt-row-layout-equal kt-tab-layout-inherit kt-m-colapse-left-to-right kt-mobile-layout-row\"><style>.kadence-column_31536a-49 > .kt-inside-inner-col{border-top-width:0px;border-right-width:0px;border-bottom-width:0px;border-left-width:0px;}.kadence-column_31536a-49 > .kt-inside-inner-col,.kadence-column_31536a-49 > .kt-inside-inner-col:before{border-top-left-radius:0px;border-top-right-radius:0px;border-bottom-right-radius:0px;border-bottom-left-radius:0px;}.kadence-column_31536a-49 > .kt-inside-inner-col{column-gap:var(--global-kb-gap-sm, 1rem);}.kadence-column_31536a-49 > .kt-inside-inner-col{flex-direction:column;}.kadence-column_31536a-49 > .kt-inside-inner-col > .aligncenter{width:100%;}.kadence-column_31536a-49 > .kt-inside-inner-col:before{opacity:0.3;}.kadence-column_31536a-49{position:relative;}@media all and (max-width: 1024px){.kadence-column_31536a-49 > .kt-inside-inner-col{flex-direction:column;justify-content:center;}}@media all and (max-width: 767px){.kadence-column_31536a-49 > .kt-inside-inner-col{flex-direction:column;justify-content:center;}}<\/style>\n<div class=\"wp-block-kadence-column inner-column-1 kadence-column_31536a-49\"><div class=\"kt-inside-inner-col\">        <div class=\"wp-block-getwid-custom-post-type custom-post-type-post has-layout-grid\">\n            <div class=\"wp-block-getwid-custom-post-type__wrapper getwid-columns getwid-columns-3\">\n                \t\t\t\t\t\t\t\t<div class='wp-block-getwid-custom-post-type__post'>\n\t\t\t\t\t\t\t\t\t\n<div class=\"wp-block-getwid-template-post-featured-background-image getwid-padding-top-large getwid-padding-bottom-large getwid-padding-left-large getwid-padding-right-large\" >\n\t\t\t<div class=\"wp-block-getwid-template-post-featured-background-image__image\" style=\"background-image: url(https:\/\/magicandrituals.com\/wp-content\/uploads\/2022\/10\/archangel-camael-marble-heading-300x150.jpg);\"><\/div>\n\t\t<div class=\"wp-block-getwid-template-post-featured-background-image__foreground\"\n\t\t style=\"background-color: #000; \" \t><\/div>\n\t    <div class=\"wp-block-getwid-template-post-featured-background-image__content\"\n\t\t\t>\n        \n\n<h3 style=\"font-size: 32px;color:#fff;\" class=\"wp-block-getwid-template-post-title has-text-color\"><a class=\"wp-block-getwid-template-post-title__link\" href=\"https:\/\/magicandrituals.com\/pt-pt\/arcanjo-camael-chamuel-esfera-de-guevurah\/\">Arcanjo Camael (Chamuel). Esfera de Guevurah<\/a><\/h3>\n\n\n<div class=\"wp-block-getwid-template-post-content is-excerpt has-text-color\" style=\"color:#fff;\"><p>Guevurah \u00e9 a sephirah do rigor, da severidade, do poder&#8230; Est\u00e1 situado no pilar do rigor, na \u00e1rvore da vida. A imagem m\u00e1gica desta esfera \u00e9 um guerreiro numa carruagem&#8230;.<\/p><\/div>\n\n    <\/div>\n<\/div>\n\t\t\t\t\t\t\t\t<\/div>\n\t\t\t\t\t\t\t\t\t\t\t\t\t\t\t<div class='wp-block-getwid-custom-post-type__post'>\n\t\t\t\t\t\t\t\t\t\n<div class=\"wp-block-getwid-template-post-featured-background-image getwid-padding-top-large getwid-padding-bottom-large getwid-padding-left-large getwid-padding-right-large\" >\n\t\t\t<div class=\"wp-block-getwid-template-post-featured-background-image__image\" style=\"background-image: url(https:\/\/magicandrituals.com\/wp-content\/uploads\/2022\/09\/zadkiel-name-300x147.jpg);\"><\/div>\n\t\t<div class=\"wp-block-getwid-template-post-featured-background-image__foreground\"\n\t\t style=\"background-color: #000; \" \t><\/div>\n\t    <div class=\"wp-block-getwid-template-post-featured-background-image__content\"\n\t\t\t>\n        \n\n<h3 style=\"font-size: 32px;color:#fff;\" class=\"wp-block-getwid-template-post-title has-text-color\"><a class=\"wp-block-getwid-template-post-title__link\" href=\"https:\/\/magicandrituals.com\/pt-pt\/arcanjo-tzadkiel-zadkiel-sachiel-esfera-de-chesed\/\">Arcanjo Tzadkiel, Zadkiel, Sachiel. Esfera de Chesed<\/a><\/h3>\n\n\n<div class=\"wp-block-getwid-template-post-content is-excerpt has-text-color\" style=\"color:#fff;\"><p>Arcanjo da esfera de Chesed (Chesed), sobre a \u00e1rvore da vida. Esta Shepira ou esfera \u00e9 a da abund\u00e2ncia, da prosperidade, da alegria, da boa sorte. A imagem da esfera&#8230;<\/p><\/div>\n\n    <\/div>\n<\/div>\n\t\t\t\t\t\t\t\t<\/div>\n\t\t\t\t\t\t\t\t\t\t\t\t\t\t\t<div class='wp-block-getwid-custom-post-type__post'>\n\t\t\t\t\t\t\t\t\t\n<div class=\"wp-block-getwid-template-post-featured-background-image getwid-padding-top-large getwid-padding-bottom-large getwid-padding-left-large getwid-padding-right-large\" >\n\t\t\t<div class=\"wp-block-getwid-template-post-featured-background-image__image\" style=\"background-image: url(https:\/\/magicandrituals.com\/wp-content\/uploads\/2022\/05\/archangel-jehudiel-img-237x300.jpg);\"><\/div>\n\t\t<div class=\"wp-block-getwid-template-post-featured-background-image__foreground\"\n\t\t style=\"background-color: #000; \" \t><\/div>\n\t    <div class=\"wp-block-getwid-template-post-featured-background-image__content\"\n\t\t\t>\n        \n\n<h3 style=\"font-size: 32px;color:#fff;\" class=\"wp-block-getwid-template-post-title has-text-color\"><a class=\"wp-block-getwid-template-post-title__link\" href=\"https:\/\/magicandrituals.com\/pt-pt\/arcanjo-jehudiel\/\">Arcanjo Jehudiel<\/a><\/h3>\n\n\n<div class=\"wp-block-getwid-template-post-content is-excerpt has-text-color\" style=\"color:#fff;\"><p>Jehudiel \u00e9 um dos sete arcanjos aceites pelos cat\u00f3licos ortodoxos. \u00c9 tamb\u00e9m conhecido como Yehudiel ou jegudiel&#8230;.. Em hebraico significa &#8220;aquele que mostra gratid\u00e3o a Deus&#8221; ou &#8220;louvor a Deus&#8221;&#8230;.<\/p><\/div>\n\n    <\/div>\n<\/div>\n\t\t\t\t\t\t\t\t<\/div>\n\t\t\t\t\t\t\t\t\t\t\t\t\t\t\t<div class='wp-block-getwid-custom-post-type__post'>\n\t\t\t\t\t\t\t\t\t\n<div class=\"wp-block-getwid-template-post-featured-background-image getwid-padding-top-large getwid-padding-bottom-large getwid-padding-left-large getwid-padding-right-large\" >\n\t\t\t<div class=\"wp-block-getwid-template-post-featured-background-image__image\" style=\"background-image: url(https:\/\/magicandrituals.com\/wp-content\/uploads\/2022\/04\/archangel-gabriel-img-300x246.jpg);\"><\/div>\n\t\t<div class=\"wp-block-getwid-template-post-featured-background-image__foreground\"\n\t\t style=\"background-color: #000; \" \t><\/div>\n\t    <div class=\"wp-block-getwid-template-post-featured-background-image__content\"\n\t\t\t>\n        \n\n<h3 style=\"font-size: 32px;color:#fff;\" class=\"wp-block-getwid-template-post-title has-text-color\"><a class=\"wp-block-getwid-template-post-title__link\" href=\"https:\/\/magicandrituals.com\/pt-pt\/o-arcanjo-gabriel\/\">O Arcanjo Gabriel<\/a><\/h3>\n\n\n<div class=\"wp-block-getwid-template-post-content is-excerpt has-text-color\" style=\"color:#fff;\"><p>Gabriel significa em hebraico a for\u00e7a de Deus, \u05d2\u05b7\u05b7\u05bc\u05d1\u05b0\u05e8\u05b4\u05d9\u05d0\u05b5\u05dc, e \u00e9 mencionado na B\u00edblia juntamente com Miguel e Rafael. De acordo com a lenda judaica, ele \u00e9 respons\u00e1vel por conceder&#8230;<\/p><\/div>\n\n    <\/div>\n<\/div>\n\t\t\t\t\t\t\t\t<\/div>\n\t\t\t\t\t\t\t\t\t\t\t\t\t\t\t<div class='wp-block-getwid-custom-post-type__post'>\n\t\t\t\t\t\t\t\t\t\n<div class=\"wp-block-getwid-template-post-featured-background-image getwid-padding-top-large getwid-padding-bottom-large getwid-padding-left-large getwid-padding-right-large\" >\n\t\t\t<div class=\"wp-block-getwid-template-post-featured-background-image__image\" style=\"background-image: url(https:\/\/magicandrituals.com\/wp-content\/uploads\/2022\/04\/archangel-uriel-img-300x184.jpg);\"><\/div>\n\t\t<div class=\"wp-block-getwid-template-post-featured-background-image__foreground\"\n\t\t style=\"background-color: #000; \" \t><\/div>\n\t    <div class=\"wp-block-getwid-template-post-featured-background-image__content\"\n\t\t\t>\n        \n\n<h3 style=\"font-size: 32px;color:#fff;\" class=\"wp-block-getwid-template-post-title has-text-color\"><a class=\"wp-block-getwid-template-post-title__link\" href=\"https:\/\/magicandrituals.com\/pt-pt\/o-arcanjo-uriel\/\">O Arcanjo Uriel<\/a><\/h3>\n\n\n<div class=\"wp-block-getwid-template-post-content is-excerpt has-text-color\" style=\"color:#fff;\"><p>Uriel, Oriel, Nuriel, Uryan, Jeremiel, Suriel, Auriel, Vretil, Puruel, Fanuel, Jehoel, Phanuel, Ramiel; estes s\u00e3o os principais nomes pelos quais este arcanjo \u00e9 conhecido. \u05d0\u05d5\u05bc\u05e8\u05b4\u05d9\u05d0\u05b5 &#8220;Deus \u00e9 a minha luz&#8221;&#8230;<\/p><\/div>\n\n    <\/div>\n<\/div>\n\t\t\t\t\t\t\t\t<\/div>\n\t\t\t\t\t\t\t\t\t\t\t\t\t\t\t<div class='wp-block-getwid-custom-post-type__post'>\n\t\t\t\t\t\t\t\t\t\n<div class=\"wp-block-getwid-template-post-featured-background-image getwid-padding-top-large getwid-padding-bottom-large getwid-padding-left-large getwid-padding-right-large\" >\n\t\t\t<div class=\"wp-block-getwid-template-post-featured-background-image__image\" style=\"background-image: url(https:\/\/magicandrituals.com\/wp-content\/uploads\/2022\/04\/Archangel-Raphael-img-300x193.jpg);\"><\/div>\n\t\t<div class=\"wp-block-getwid-template-post-featured-background-image__foreground\"\n\t\t style=\"background-color: #000; \" \t><\/div>\n\t    <div class=\"wp-block-getwid-template-post-featured-background-image__content\"\n\t\t\t>\n        \n\n<h3 style=\"font-size: 32px;color:#fff;\" class=\"wp-block-getwid-template-post-title has-text-color\"><a class=\"wp-block-getwid-template-post-title__link\" href=\"https:\/\/magicandrituals.com\/pt-pt\/o-arcanjo-rafael\/\">O Arcanjo Rafael<\/a><\/h3>\n\n\n<div class=\"wp-block-getwid-template-post-content is-excerpt has-text-color\" style=\"color:#fff;\"><p>O Arcanjo Rafael \u00e9 um dos tr\u00eas arcanjos cujo nome aparece na B\u00edblia. Vem do hebraico \u05e8\u05e4\u05d0\u05dc e significa rem\u00e9dio de Deus, pelo que o seu atributo de cura est\u00e1&#8230;<\/p><\/div>\n\n    <\/div>\n<\/div>\n\t\t\t\t\t\t\t\t<\/div>\n\t\t\t\t\t\t\t\t\t\t\t\t\t\t\t<div class='wp-block-getwid-custom-post-type__post'>\n\t\t\t\t\t\t\t\t\t\n<div class=\"wp-block-getwid-template-post-featured-background-image getwid-padding-top-large getwid-padding-bottom-large getwid-padding-left-large getwid-padding-right-large\" >\n\t\t\t<div class=\"wp-block-getwid-template-post-featured-background-image__image\" style=\"background-image: url(https:\/\/magicandrituals.com\/wp-content\/uploads\/2022\/04\/arcangel-miguel-291x300.jpg);\"><\/div>\n\t\t<div class=\"wp-block-getwid-template-post-featured-background-image__foreground\"\n\t\t style=\"background-color: #000; \" \t><\/div>\n\t    <div class=\"wp-block-getwid-template-post-featured-background-image__content\"\n\t\t\t>\n        \n\n<h3 style=\"font-size: 32px;color:#fff;\" class=\"wp-block-getwid-template-post-title has-text-color\"><a class=\"wp-block-getwid-template-post-title__link\" href=\"https:\/\/magicandrituals.com\/pt-pt\/o-arcanjo-miguel\/\">O Arcanjo Miguel<\/a><\/h3>\n\n\n<div class=\"wp-block-getwid-template-post-content is-excerpt has-text-color\" style=\"color:#fff;\"><p>Miguel, em hebraico, significa Quem \u00e9 como Deus, \u05de\u05d9\u05db\u05d0\u05dc . Nas religi\u00f5es judaico-crist\u00e3 e isl\u00e2mica \u00e9 considerado o chefe dos ex\u00e9rcitos de Deus. Ele \u00e9 o regente da sephira Hod,&#8230;<\/p><\/div>\n\n    <\/div>\n<\/div>\n\t\t\t\t\t\t\t\t<\/div>\n\t\t\t\t\t\t\t            <\/div>\n\n                            <nav class=\"navigation pagination\" role=\"navigation\">\n                    <h2 class=\"screen-reader-text\"><\/h2>\n                    <div class=\"nav-links\">\n                                        <\/div>\n                <\/nav>\n                    <\/div>\n        <\/div><\/div>\n<\/div><\/div><\/div>\n","protected":false},"excerpt":{"rendered":"<p>Arcanjos Existe uma grande controv\u00e9rsia sobre o n\u00famero de arcanjos, um Arcanjo \u00e9 um tipo de anjo poderoso, que tem tarefas espec\u00edficas e dirige outros anjos. A Igreja Cat\u00f3lica s\u00f3 reconhece tr\u00eas: Miguel, Rafael e Gabriel. No juda\u00edsmo quase n\u00e3o h\u00e1 refer\u00eancias a anjos e arcanjos, mas tradicionalmente s\u00e3o aceites sete. A Igreja Ortodoxa reconhece&#8230;<\/p>\n","protected":false},"author":1,"featured_media":0,"parent":0,"menu_order":0,"comment_status":"closed","ping_status":"closed","template":"","meta":{"_kad_post_transparent":"","_kad_post_title":"","_kad_post_layout":"","_kad_post_sidebar_id":"","_kad_post_content_style":"","_kad_post_vertical_padding":"","_kad_post_feature":"","_kad_post_feature_position":"","_kad_post_header":false,"_kad_post_footer":false,"_kad_post_classname":"","footnotes":""},"class_list":["post-774","page","type-page","status-publish","hentry"],"_links":{"self":[{"href":"https:\/\/magicandrituals.com\/pt-pt\/wp-json\/wp\/v2\/pages\/774","targetHints":{"allow":["GET"]}}],"collection":[{"href":"https:\/\/magicandrituals.com\/pt-pt\/wp-json\/wp\/v2\/pages"}],"about":[{"href":"https:\/\/magicandrituals.com\/pt-pt\/wp-json\/wp\/v2\/types\/page"}],"author":[{"embeddable":true,"href":"https:\/\/magicandrituals.com\/pt-pt\/wp-json\/wp\/v2\/users\/1"}],"replies":[{"embeddable":true,"href":"https:\/\/magicandrituals.com\/pt-pt\/wp-json\/wp\/v2\/comments?post=774"}],"version-history":[{"count":1,"href":"https:\/\/magicandrituals.com\/pt-pt\/wp-json\/wp\/v2\/pages\/774\/revisions"}],"predecessor-version":[{"id":775,"href":"https:\/\/magicandrituals.com\/pt-pt\/wp-json\/wp\/v2\/pages\/774\/revisions\/775"}],"wp:attachment":[{"href":"https:\/\/magicandrituals.com\/pt-pt\/wp-json\/wp\/v2\/media?parent=774"}],"curies":[{"name":"wp","href":"https:\/\/api.w.org\/{rel}","templated":true}]}}