{"id":86,"date":"2022-04-21T13:49:06","date_gmt":"2022-04-21T13:49:06","guid":{"rendered":"https:\/\/magicandrituals.com\/tarot\/"},"modified":"2022-04-25T08:54:47","modified_gmt":"2022-04-25T08:54:47","slug":"tarot","status":"publish","type":"page","link":"https:\/\/magicandrituals.com\/es\/tarot\/","title":{"rendered":"Tarot"},"content":{"rendered":"<style>#kt-layout-id_139c4a-3b{margin-bottom:40px;}#kt-layout-id_139c4a-3b > .kt-row-column-wrap{z-index:10;position:relative;align-content:start;}:where(#kt-layout-id_139c4a-3b > .kt-row-column-wrap) > .wp-block-kadence-column{justify-content:start;}#kt-layout-id_139c4a-3b > .kt-row-column-wrap{column-gap:var(--global-kb-gap-md, 2rem);row-gap:var(--global-kb-gap-md, 2rem);padding-top:var( --global-kb-row-default-top, 25px );padding-bottom:var( --global-kb-row-default-bottom, 25px );padding-top:80px;padding-bottom:190px;grid-template-columns:minmax(0, 1fr);}#kt-layout-id_139c4a-3b{background-image:url('https:\/\/magicandrituals.com\/wp-content\/uploads\/2022\/04\/tarot-banner.jpg');background-size:cover;background-position:center center;background-attachment:scroll;background-repeat:no-repeat;}#kt-layout-id_139c4a-3b > .kt-row-layout-overlay{opacity:0.30;background-color:var(--global-palette3, #1A202C);}#kt-layout-id_139c4a-3b .kt-row-layout-bottom-sep{height:100px;}#kt-layout-id_139c4a-3b .kt-row-layout-bottom-sep svg{width:100%;}#kt-layout-id_139c4a-3b .kt-row-layout-bottom-sep svg{fill:#ffffff!important;}@media all and (max-width: 1024px){#kt-layout-id_139c4a-3b > .kt-row-column-wrap{grid-template-columns:minmax(0, 1fr);}}@media all and (max-width: 1024px){#kt-layout-id_139c4a-3b .kt-row-layout-bottom-sep{height:px;}}@media all and (max-width: 1024px){#kt-layout-id_139c4a-3b .kt-row-layout-bottom-sep svg{width:%;}}@media all and (max-width: 767px){#kt-layout-id_139c4a-3b > .kt-row-column-wrap{grid-template-columns:minmax(0, 1fr);}#kt-layout-id_139c4a-3b .kt-row-layout-bottom-sep{height:px;}#kt-layout-id_139c4a-3b .kt-row-layout-bottom-sep svg{width:%;}}<\/style>\n<div class=\"wp-block-kadence-rowlayout alignfull\"><div id=\"kt-layout-id_139c4a-3b\" class=\"kt-row-layout-inner kt-row-has-bg kt-layout-id_139c4a-3b\"><div class=\"kt-row-layout-overlay kt-row-overlay-normal\"><\/div><div class=\"kt-row-column-wrap kt-has-1-columns kt-gutter-default kt-v-gutter-default kt-row-valign-top kt-row-layout-equal kt-tab-layout-inherit kt-m-colapse-left-to-right kt-mobile-layout-row\"><style>.kadence-column_b5fdac-33 > .kt-inside-inner-col{border-top-width:0px;border-right-width:0px;border-bottom-width:0px;border-left-width:0px;}.kadence-column_b5fdac-33 > .kt-inside-inner-col,.kadence-column_b5fdac-33 > .kt-inside-inner-col:before{border-top-left-radius:0px;border-top-right-radius:0px;border-bottom-right-radius:0px;border-bottom-left-radius:0px;}.kadence-column_b5fdac-33 > .kt-inside-inner-col{column-gap:var(--global-kb-gap-sm, 1rem);}.kadence-column_b5fdac-33 > .kt-inside-inner-col{flex-direction:column;}.kadence-column_b5fdac-33 > .kt-inside-inner-col > .aligncenter{width:100%;}.kadence-column_b5fdac-33 > .kt-inside-inner-col:before{opacity:0.3;}.kadence-column_b5fdac-33{position:relative;}@media all and (max-width: 1024px){.kadence-column_b5fdac-33 > .kt-inside-inner-col{flex-direction:column;justify-content:center;}}@media all and (max-width: 767px){.kadence-column_b5fdac-33 > .kt-inside-inner-col{flex-direction:column;justify-content:center;}}<\/style>\n<div class=\"wp-block-kadence-column inner-column-1 kadence-column_b5fdac-33\"><div class=\"kt-inside-inner-col\"><style>.wp-block-kadence-advancedheading.kt-adv-heading_a38346-61, .wp-block-kadence-advancedheading.kt-adv-heading_a38346-61[data-kb-block=\"kb-adv-heading_a38346-61\"]{text-align:center;font-size:56px;font-style:normal;}.wp-block-kadence-advancedheading.kt-adv-heading_a38346-61 mark.kt-highlight, .wp-block-kadence-advancedheading.kt-adv-heading_a38346-61[data-kb-block=\"kb-adv-heading_a38346-61\"] mark.kt-highlight{font-style:normal;color:#f76a0c;-webkit-box-decoration-break:clone;box-decoration-break:clone;padding-top:0px;padding-right:0px;padding-bottom:0px;padding-left:0px;}.wp-block-kadence-advancedheading.kt-adv-heading_a38346-61 img.kb-inline-image, .wp-block-kadence-advancedheading.kt-adv-heading_a38346-61[data-kb-block=\"kb-adv-heading_a38346-61\"] img.kb-inline-image{width:150px;vertical-align:baseline;}<\/style>\n<h1 class=\"kt-adv-heading_a38346-61 wp-block-kadence-advancedheading has-theme-palette-9-color has-text-color\" data-kb-block=\"kb-adv-heading_a38346-61\">Tarot<\/h1>\n<\/div><\/div>\n<\/div><div class=\"kt-row-layout-bottom-sep kt-row-sep-type-mtns\"><svg style=\"fill:#ffffff\" viewbox=\"0 0 1000 100\" preserveaspectratio=\"none\"><path d=\"M1000,50l-182.69,-45.286l-292.031,61.197l-190.875,-41.075l-143.748,28.794l-190.656,-23.63l0,70l1000,0l0,-50Z\" style=\"opacity:0.4\"><\/path><path d=\"M1000,57l-152.781,-22.589l-214.383,19.81l-159.318,-21.471l-177.44,25.875l-192.722,5.627l-103.356,-27.275l0,63.023l1000,0l0,-43Z\"><\/path><\/svg><\/div><\/div><\/div>\n\n\n\n<div class=\"wp-block-columns is-layout-flex wp-container-core-columns-is-layout-9d6595d7 wp-block-columns-is-layout-flex\">\n<div class=\"wp-block-column is-layout-flow wp-block-column-is-layout-flow\">\n<p>El Tarot es m\u00e1s que un juego de cartas, es una herramienta para nuestra evoluci\u00f3n. Aunque naci\u00f3 en el siglo XIV, su difusi\u00f3n tuvo que esperar hasta la invenci\u00f3n de la imprenta. Y su uso como m\u00e9todo adivinatorio se populariz\u00f3 en el siglo XVIII.<\/p>\n\n\n\n<p>Hist\u00f3ricamente, la primera noticia sobre su uso en adivinaci\u00f3n proviene de un manuscrito de autor desconocido alrededor de 1750, donde se habla sobre diferentes significados de las cartas.<\/p>\n\n\n\n<p>El tarot, adem\u00e1s de un juego de cartas y un m\u00e9todo de adivinaci\u00f3n; es una herramienta impresionante para nuestra evoluci\u00f3n, si es combinada adecuadamente con la c\u00e1bala.<\/p>\n<\/div>\n\n\n\n<div class=\"wp-block-column is-layout-flow wp-block-column-is-layout-flow\">\n<p>Formada por 78 cartas, 22 arcanos mayores (como las 22 letras del alfabeto hebreo), y 56 arcanos menores. Nos muestra el camino en nuestro \u00e1rbol de la vida, y nos dirigen por los senderos adecuados para nuestro crecimiento. El Tarot representa las fuerzas arquet\u00edpicas de la naturaleza, es una herramienta potente para nuestro autoconocimiento, para usarse como instrumento terap\u00e9utico, para comprender lo profundo de nuestra mente, para nuestro crecimiento espiritual y, en cierta forma, es una representaci\u00f3n distinta del \u00e1rbol de la vida, quiz\u00e1 m\u00e1s accesible dada su enorme simbolog\u00eda.<\/p>\n\n\n\n<p><strong>Sea como sea, el tarot es una de las mejores maneras y m\u00e1s sencillas de acercarnos a la espiritualidad y a nuestro crecimiento interior.<\/strong><\/p>\n<\/div>\n<\/div>\n\n\n<style>#kt-layout-id_1dd92b-a6 > .kt-row-column-wrap{align-content:start;}:where(#kt-layout-id_1dd92b-a6 > .kt-row-column-wrap) > .wp-block-kadence-column{justify-content:start;}#kt-layout-id_1dd92b-a6 > .kt-row-column-wrap{column-gap:var(--global-kb-gap-md, 2rem);row-gap:var(--global-kb-gap-md, 2rem);max-width:var( --global-content-width, 1290px );padding-left:var(--global-content-edge-padding);padding-right:var(--global-content-edge-padding);padding-top:var( --global-kb-row-default-top, 25px );padding-bottom:var( --global-kb-row-default-bottom, 25px );padding-top:var(--global-kb-spacing-sm, 1.5rem);padding-bottom:var(--global-kb-spacing-sm, 1.5rem);grid-template-columns:minmax(0, 1fr);}#kt-layout-id_1dd92b-a6 > .kt-row-layout-overlay{opacity:0.30;}@media all and (max-width: 1024px){#kt-layout-id_1dd92b-a6 > .kt-row-column-wrap{grid-template-columns:minmax(0, 1fr);}}@media all and (max-width: 767px){#kt-layout-id_1dd92b-a6 > .kt-row-column-wrap{grid-template-columns:minmax(0, 1fr);}}<\/style>\n<div class=\"wp-block-kadence-rowlayout alignnone\"><div id=\"kt-layout-id_1dd92b-a6\" class=\"kt-row-layout-inner kt-layout-id_1dd92b-a6\"><div class=\"kt-row-column-wrap kt-has-1-columns kt-gutter-default kt-v-gutter-default kt-row-valign-top kt-row-layout-equal kt-tab-layout-inherit kt-m-colapse-left-to-right kt-mobile-layout-row kb-theme-content-width\"><style>.kadence-column_0f3dcf-57 > .kt-inside-inner-col{border-top-width:0px;border-right-width:0px;border-bottom-width:0px;border-left-width:0px;}.kadence-column_0f3dcf-57 > .kt-inside-inner-col,.kadence-column_0f3dcf-57 > .kt-inside-inner-col:before{border-top-left-radius:0px;border-top-right-radius:0px;border-bottom-right-radius:0px;border-bottom-left-radius:0px;}.kadence-column_0f3dcf-57 > .kt-inside-inner-col{column-gap:var(--global-kb-gap-sm, 1rem);}.kadence-column_0f3dcf-57 > .kt-inside-inner-col{flex-direction:column;}.kadence-column_0f3dcf-57 > .kt-inside-inner-col > .aligncenter{width:100%;}.kadence-column_0f3dcf-57 > .kt-inside-inner-col:before{opacity:0.3;}.kadence-column_0f3dcf-57{position:relative;}@media all and (max-width: 1024px){.kadence-column_0f3dcf-57 > .kt-inside-inner-col{flex-direction:column;justify-content:center;}}@media all and (max-width: 767px){.kadence-column_0f3dcf-57 > .kt-inside-inner-col{flex-direction:column;justify-content:center;}}<\/style>\n<div class=\"wp-block-kadence-column inner-column-1 kadence-column_0f3dcf-57\"><div class=\"kt-inside-inner-col\">        <div class=\"wp-block-getwid-custom-post-type custom-post-type-post has-layout-list\">\n            <div class=\"wp-block-getwid-custom-post-type__wrapper\">\n                \t\t\t\t\t\t\t\t<div class='wp-block-getwid-custom-post-type__post'>\n\t\t\t\t\t\t\t\t\t\n<div class=\"wp-block-getwid-custom-post-type__post-wrapper\">\n            <div class=\"wp-block-getwid-custom-post-type__post-thumbnail\">\n            <a href=\"https:\/\/magicandrituals.com\/es\/los-origenes-del-tarot\/\"><img loading=\"lazy\" decoding=\"async\" width=\"350\" height=\"339\" src=\"https:\/\/magicandrituals.com\/wp-content\/uploads\/2022\/04\/Tarot-cabala.jpg\" class=\"attachment-post-thumbnail size-post-thumbnail wp-post-image\" alt=\"Tarot\" srcset=\"https:\/\/magicandrituals.com\/wp-content\/uploads\/2022\/04\/Tarot-cabala.jpg 350w, https:\/\/magicandrituals.com\/wp-content\/uploads\/2022\/04\/Tarot-cabala-300x291.jpg 300w\" sizes=\"auto, (max-width: 350px) 100vw, 350px\" \/><\/a>\n        <\/div>\n        <div class=\"wp-block-getwid-custom-post-type__content-wrapper\">\n        <div class=\"wp-block-getwid-custom-post-type__post-header\">\n            <h3 class=\"wp-block-getwid-custom-post-type__post-title\"><a href=\"https:\/\/magicandrituals.com\/es\/los-origenes-del-tarot\/\">Los Origenes del Tarot<\/a><\/h3>        <\/div>\n        <div class=\"wp-block-getwid-custom-post-type__post-excerpt \"><p>Las primeras noticias sobre una baraja de tarot surgen en Italia, la m\u00e1s antigua de ellas es la de Filippo Mar\u00eda Visconti (1412-1447),&nbsp; conservada en la Universidad de Yale,&nbsp; La&#8230;<\/p>\n<\/div>\n    <\/div>\n<\/div>\n\t\t\t\t\t\t\t\t<\/div>\n\t\t\t\t\t\t\t            <\/div>\n\n                    <\/div>\n        <\/div><\/div>\n<\/div><\/div><\/div>\n","protected":false},"excerpt":{"rendered":"<p>Tarot El Tarot es m\u00e1s que un juego de cartas, es una herramienta para nuestra evoluci\u00f3n. Aunque naci\u00f3 en el siglo XIV, su difusi\u00f3n tuvo que esperar hasta la invenci\u00f3n de la imprenta. Y su uso como m\u00e9todo adivinatorio se populariz\u00f3 en el siglo XVIII. Hist\u00f3ricamente, la primera noticia sobre su uso en adivinaci\u00f3n proviene&#8230;<\/p>\n","protected":false},"author":1,"featured_media":0,"parent":0,"menu_order":0,"comment_status":"closed","ping_status":"closed","template":"","meta":{"_kad_post_transparent":"","_kad_post_title":"hide","_kad_post_layout":"","_kad_post_sidebar_id":"","_kad_post_content_style":"","_kad_post_vertical_padding":"bottom","_kad_post_feature":"","_kad_post_feature_position":"","_kad_post_header":false,"_kad_post_footer":false,"_kad_post_classname":"","footnotes":""},"class_list":["post-86","page","type-page","status-publish","hentry"],"_links":{"self":[{"href":"https:\/\/magicandrituals.com\/es\/wp-json\/wp\/v2\/pages\/86","targetHints":{"allow":["GET"]}}],"collection":[{"href":"https:\/\/magicandrituals.com\/es\/wp-json\/wp\/v2\/pages"}],"about":[{"href":"https:\/\/magicandrituals.com\/es\/wp-json\/wp\/v2\/types\/page"}],"author":[{"embeddable":true,"href":"https:\/\/magicandrituals.com\/es\/wp-json\/wp\/v2\/users\/1"}],"replies":[{"embeddable":true,"href":"https:\/\/magicandrituals.com\/es\/wp-json\/wp\/v2\/comments?post=86"}],"version-history":[{"count":2,"href":"https:\/\/magicandrituals.com\/es\/wp-json\/wp\/v2\/pages\/86\/revisions"}],"predecessor-version":[{"id":134,"href":"https:\/\/magicandrituals.com\/es\/wp-json\/wp\/v2\/pages\/86\/revisions\/134"}],"wp:attachment":[{"href":"https:\/\/magicandrituals.com\/es\/wp-json\/wp\/v2\/media?parent=86"}],"curies":[{"name":"wp","href":"https:\/\/api.w.org\/{rel}","templated":true}]}}