{"id":84,"date":"2022-04-21T15:41:11","date_gmt":"2022-04-21T15:41:11","guid":{"rendered":"https:\/\/magicandrituals.com\/talismanes-y-amuletos\/"},"modified":"2023-08-04T16:43:52","modified_gmt":"2023-08-04T16:43:52","slug":"talismanes-y-amuletos","status":"publish","type":"page","link":"https:\/\/magicandrituals.com\/es\/talismanes-y-amuletos\/","title":{"rendered":"Talismanes y Amuletos"},"content":{"rendered":"<style>.kb-row-layout-wrap.wp-block-kadence-rowlayout.kb-row-layout-id84_a13978-9f{margin-bottom:40px;}.kb-row-layout-id84_a13978-9f > .kt-row-column-wrap{align-content:start;}:where(.kb-row-layout-id84_a13978-9f > .kt-row-column-wrap) > .wp-block-kadence-column{justify-content:start;}.kb-row-layout-id84_a13978-9f > .kt-row-column-wrap{column-gap:var(--global-kb-gap-md, 2rem);row-gap:var(--global-kb-gap-md, 2rem);padding-top:80px;padding-bottom:190px;grid-template-columns:minmax(0, 1fr);}.kb-row-layout-id84_a13978-9f{background-image:url('https:\/\/magicandrituals.com\/wp-content\/uploads\/2022\/04\/talismans-amulets-banner.jpg');background-size:cover;background-position:center center;background-attachment:scroll;background-repeat:no-repeat;}.kb-row-layout-id84_a13978-9f > .kt-row-layout-overlay{opacity:0.30;background-color:var(--global-palette3, #1A202C);}.kb-row-layout-id84_a13978-9f .kt-row-layout-bottom-sep{height:100px;}.kb-row-layout-id84_a13978-9f .kt-row-layout-bottom-sep svg{width:100%;}.kb-row-layout-id84_a13978-9f .kt-row-layout-bottom-sep svg{fill:#ffffff!important;}@media all and (max-width: 1024px){.kb-row-layout-id84_a13978-9f > .kt-row-column-wrap{grid-template-columns:minmax(0, 1fr);}}@media all and (max-width: 1024px){.kb-row-layout-id84_a13978-9f .kt-row-layout-bottom-sep{height:px;}}@media all and (max-width: 1024px){.kb-row-layout-id84_a13978-9f .kt-row-layout-bottom-sep svg{width:%;}}@media all and (max-width: 767px){.kb-row-layout-id84_a13978-9f > .kt-row-column-wrap{grid-template-columns:minmax(0, 1fr);}.kb-row-layout-id84_a13978-9f .kt-row-layout-bottom-sep{height:px;}.kb-row-layout-id84_a13978-9f .kt-row-layout-bottom-sep svg{width:%;}}<\/style><div class=\"kb-row-layout-wrap kb-row-layout-id84_a13978-9f alignfull kt-row-has-bg wp-block-kadence-rowlayout\"><div class=\"kt-row-layout-overlay kt-row-overlay-normal\"><\/div><div class=\"kt-row-layout-bottom-sep kt-row-sep-type-mtns\"><svg viewBox=\"0 0 1000 100\" preserveAspectRatio=\"none\"><path d=\"M1000,50l-182.69,-45.286l-292.031,61.197l-190.875,-41.075l-143.748,28.794l-190.656,-23.63l0,70l1000,0l0,-50Z\" style=\"opacity: 0.4\" \/><path d=\"M1000,57l-152.781,-22.589l-214.383,19.81l-159.318,-21.471l-177.44,25.875l-192.722,5.627l-103.356,-27.275l0,63.023l1000,0l0,-43Z\" \/><\/svg><\/div><div class=\"kt-row-column-wrap kt-has-1-columns kt-row-layout-equal kt-tab-layout-inherit kt-mobile-layout-row kt-row-valign-top\">\n<style>.kadence-column84_c1601c-2d > .kt-inside-inner-col,.kadence-column84_c1601c-2d > .kt-inside-inner-col:before{border-top-left-radius:0px;border-top-right-radius:0px;border-bottom-right-radius:0px;border-bottom-left-radius:0px;}.kadence-column84_c1601c-2d > .kt-inside-inner-col{column-gap:var(--global-kb-gap-sm, 1rem);}.kadence-column84_c1601c-2d > .kt-inside-inner-col{flex-direction:column;}.kadence-column84_c1601c-2d > .kt-inside-inner-col > .aligncenter{width:100%;}.kadence-column84_c1601c-2d > .kt-inside-inner-col:before{opacity:0.3;}.kadence-column84_c1601c-2d{position:relative;}@media all and (max-width: 1024px){.kadence-column84_c1601c-2d > .kt-inside-inner-col{flex-direction:column;justify-content:center;}}@media all and (max-width: 767px){.kadence-column84_c1601c-2d > .kt-inside-inner-col{flex-direction:column;justify-content:center;}}<\/style>\n<div class=\"wp-block-kadence-column kadence-column84_c1601c-2d inner-column-1\"><div class=\"kt-inside-inner-col\"><style>.wp-block-kadence-advancedheading.kt-adv-heading84_d442f7-c2, .wp-block-kadence-advancedheading.kt-adv-heading84_d442f7-c2[data-kb-block=\"kb-adv-heading84_d442f7-c2\"]{text-align:center;font-size:56px;font-style:normal;}.wp-block-kadence-advancedheading.kt-adv-heading84_d442f7-c2 mark.kt-highlight, .wp-block-kadence-advancedheading.kt-adv-heading84_d442f7-c2[data-kb-block=\"kb-adv-heading84_d442f7-c2\"] mark.kt-highlight{font-style:normal;color:#f76a0c;-webkit-box-decoration-break:clone;box-decoration-break:clone;padding-top:0px;padding-right:0px;padding-bottom:0px;padding-left:0px;}.wp-block-kadence-advancedheading.kt-adv-heading84_d442f7-c2 img.kb-inline-image, .wp-block-kadence-advancedheading.kt-adv-heading84_d442f7-c2[data-kb-block=\"kb-adv-heading84_d442f7-c2\"] img.kb-inline-image{width:150px;vertical-align:baseline;}<\/style>\n<h1 class=\"kt-adv-heading84_d442f7-c2 wp-block-kadence-advancedheading has-theme-palette-9-color has-text-color\" data-kb-block=\"kb-adv-heading84_d442f7-c2\">Talismanes y Amuletos<\/h1>\n<\/div><\/div>\n\n<\/div><\/div>\n\n\n<div class=\"wp-block-columns is-layout-flex wp-container-core-columns-is-layout-9d6595d7 wp-block-columns-is-layout-flex\">\n<div class=\"wp-block-column is-layout-flow wp-block-column-is-layout-flow\">\n<p>\u00bfCrees en los objetos de la suerte o sagrados? El lenguaje refleja el hecho de que mucha gente lo hizo y lo sigue haciendo.<\/p>\n\n\n\n<p>Mientras que la palabra talism\u00e1n, en su uso m\u00e1s estricto, se refiere a un objeto, incluso un ser humano o un animal puede ser considerado un talism\u00e1n, cuya mera presencia de alguna manera provoca que sucedan cosas m\u00e1gicas.<\/p>\n<\/div>\n\n\n\n<div class=\"wp-block-column is-layout-flow wp-block-column-is-layout-flow\">\n<p>El t\u00e9rmino podr\u00eda venir de la palabra \u201ctalism\u00e1n\u201d del franc\u00e9s, espa\u00f1ol o italiano; los tres incluyen palabras de aspecto similar para designar un amuleto de la suerte. Esos tres t\u00e9rminos derivan de una sola palabra \u00e1rabe para un amuleto, \u201cTilsam\u201d. Tilsam a su vez puede ser rastreado hasta el antiguo verbo griego telein, que significa \u201ciniciar en los misterios\u201d o \u201crito religioso\u201d, y si vamos todav\u00eda m\u00e1s atr\u00e1s en el tiempo la podemos relacionar con el t\u00e9rmino griego \u201cteleo\u201d (\u201ccompleto\u201d y \u201cconsagrarse\u201d), viendo tambi\u00e9n su relaci\u00f3n con una acci\u00f3n o ritual para dotar al objeto de su poder.<\/p>\n<\/div>\n<\/div>\n\n\n\n\t\t<div class=\"wp-block-getwid-recent-posts has-layout-grid has-cropped-images\">\n\t\t\t<div class=\"wp-block-getwid-recent-posts__wrapper getwid-columns getwid-columns-3\">\n\t\t\t\t\n<article id=\"post-609\" class=\"wp-block-getwid-recent-posts__post\">\n    <div class=\"wp-block-getwid-recent-posts__post-wrapper\">\n                    <div class=\"wp-block-getwid-recent-posts__post-thumbnail\">\n                <a href=\"https:\/\/magicandrituals.com\/es\/los-talismanes-y-el-dinero\/\"><img loading=\"lazy\" decoding=\"async\" width=\"509\" height=\"473\" src=\"https:\/\/magicandrituals.com\/wp-content\/uploads\/2023\/05\/talisman-and-money-magic.jpg\" class=\"attachment-large size-large wp-post-image\" alt=\"Los Talismanes y el Dinero\" srcset=\"https:\/\/magicandrituals.com\/wp-content\/uploads\/2023\/05\/talisman-and-money-magic.jpg 509w, https:\/\/magicandrituals.com\/wp-content\/uploads\/2023\/05\/talisman-and-money-magic-300x279.jpg 300w\" sizes=\"auto, (max-width: 509px) 100vw, 509px\" \/><\/a>\n            <\/div>\n                            <div class=\"wp-block-getwid-recent-posts__content-wrapper\">\n                                    <header class=\"wp-block-getwid-recent-posts__entry-header\">\n                                                    <h3 class=\"wp-block-getwid-recent-posts__post-title\"><a href=\"https:\/\/magicandrituals.com\/es\/los-talismanes-y-el-dinero\/\">Los Talismanes y el Dinero<\/a><\/h3>                                                                    <\/header>\n                                <div class=\"wp-block-getwid-recent-posts__post-content\">Los talismanes son objetos a los que se atribuyen poderes m\u00e1gicos y que suelen utilizarse para atraer la suerte, la protecci\u00f3n y otras bendiciones. Pueden adoptar formas muy diversas, como&#8230;<\/div>\n                \n                            <\/div>\n            <\/div>\n<\/article>\n\n<article id=\"post-638\" class=\"wp-block-getwid-recent-posts__post\">\n    <div class=\"wp-block-getwid-recent-posts__post-wrapper\">\n                    <div class=\"wp-block-getwid-recent-posts__post-thumbnail\">\n                <a href=\"https:\/\/magicandrituals.com\/es\/el-amuleto-amitabha\/\"><img loading=\"lazy\" decoding=\"async\" width=\"511\" height=\"485\" src=\"https:\/\/magicandrituals.com\/wp-content\/uploads\/2023\/05\/The-Amitabha-amulet-magic.jpg\" class=\"attachment-large size-large wp-post-image\" alt=\"El Amuleto Amitabha\" srcset=\"https:\/\/magicandrituals.com\/wp-content\/uploads\/2023\/05\/The-Amitabha-amulet-magic.jpg 511w, https:\/\/magicandrituals.com\/wp-content\/uploads\/2023\/05\/The-Amitabha-amulet-magic-300x285.jpg 300w\" sizes=\"auto, (max-width: 511px) 100vw, 511px\" \/><\/a>\n            <\/div>\n                            <div class=\"wp-block-getwid-recent-posts__content-wrapper\">\n                                    <header class=\"wp-block-getwid-recent-posts__entry-header\">\n                                                    <h3 class=\"wp-block-getwid-recent-posts__post-title\"><a href=\"https:\/\/magicandrituals.com\/es\/el-amuleto-amitabha\/\">El Amuleto Amitabha<\/a><\/h3>                                                                    <\/header>\n                                <div class=\"wp-block-getwid-recent-posts__post-content\">El amuleto de Amitabha es un objeto popular entre los practicantes del budismo tibetano y los interesados en las ense\u00f1anzas de esta tradici\u00f3n sobre la vida despu\u00e9s de la muerte&#8230;.<\/div>\n                \n                            <\/div>\n            <\/div>\n<\/article>\n\n<article id=\"post-640\" class=\"wp-block-getwid-recent-posts__post\">\n    <div class=\"wp-block-getwid-recent-posts__post-wrapper\">\n                    <div class=\"wp-block-getwid-recent-posts__post-thumbnail\">\n                <a href=\"https:\/\/magicandrituals.com\/es\/el-ojo-de-horus\/\"><img loading=\"lazy\" decoding=\"async\" width=\"513\" height=\"524\" src=\"https:\/\/magicandrituals.com\/wp-content\/uploads\/2023\/05\/The-Eye-of-Horus-magic.jpg\" class=\"attachment-large size-large wp-post-image\" alt=\"El Ojo de Horus\" srcset=\"https:\/\/magicandrituals.com\/wp-content\/uploads\/2023\/05\/The-Eye-of-Horus-magic.jpg 513w, https:\/\/magicandrituals.com\/wp-content\/uploads\/2023\/05\/The-Eye-of-Horus-magic-294x300.jpg 294w\" sizes=\"auto, (max-width: 513px) 100vw, 513px\" \/><\/a>\n            <\/div>\n                            <div class=\"wp-block-getwid-recent-posts__content-wrapper\">\n                                    <header class=\"wp-block-getwid-recent-posts__entry-header\">\n                                                    <h3 class=\"wp-block-getwid-recent-posts__post-title\"><a href=\"https:\/\/magicandrituals.com\/es\/el-ojo-de-horus\/\">El Ojo de Horus<\/a><\/h3>                                                                    <\/header>\n                                <div class=\"wp-block-getwid-recent-posts__post-content\">El Ojo de Horus, tambi\u00e9n conocido como Wadjet o Udjat, es un antiguo s\u00edmbolo egipcio que suele representarse como un ojo humano con una ceja estilizada y una l\u00ednea que&#8230;<\/div>\n                \n                            <\/div>\n            <\/div>\n<\/article>\n\n<article id=\"post-642\" class=\"wp-block-getwid-recent-posts__post\">\n    <div class=\"wp-block-getwid-recent-posts__post-wrapper\">\n                    <div class=\"wp-block-getwid-recent-posts__post-thumbnail\">\n                <a href=\"https:\/\/magicandrituals.com\/es\/el-amuleto-de-la-flor-de-loto\/\"><img loading=\"lazy\" decoding=\"async\" width=\"512\" height=\"543\" src=\"https:\/\/magicandrituals.com\/wp-content\/uploads\/2023\/05\/The-lotus-flower-amulet-magic.jpg\" class=\"attachment-large size-large wp-post-image\" alt=\"El Amuleto de la Flor de Loto\" srcset=\"https:\/\/magicandrituals.com\/wp-content\/uploads\/2023\/05\/The-lotus-flower-amulet-magic.jpg 512w, https:\/\/magicandrituals.com\/wp-content\/uploads\/2023\/05\/The-lotus-flower-amulet-magic-283x300.jpg 283w\" sizes=\"auto, (max-width: 512px) 100vw, 512px\" \/><\/a>\n            <\/div>\n                            <div class=\"wp-block-getwid-recent-posts__content-wrapper\">\n                                    <header class=\"wp-block-getwid-recent-posts__entry-header\">\n                                                    <h3 class=\"wp-block-getwid-recent-posts__post-title\"><a href=\"https:\/\/magicandrituals.com\/es\/el-amuleto-de-la-flor-de-loto\/\">El Amuleto de la Flor de Loto<\/a><\/h3>                                                                    <\/header>\n                                <div class=\"wp-block-getwid-recent-posts__post-content\">La flor de loto es s\u00edmbolo de pureza, iluminaci\u00f3n y renacimiento. Es venerado en muchas culturas y se ha utilizado como amuleto durante siglos para atraer energ\u00eda positiva y buena&#8230;<\/div>\n                \n                            <\/div>\n            <\/div>\n<\/article>\n\n<article id=\"post-463\" class=\"wp-block-getwid-recent-posts__post\">\n    <div class=\"wp-block-getwid-recent-posts__post-wrapper\">\n                    <div class=\"wp-block-getwid-recent-posts__post-thumbnail\">\n                <a href=\"https:\/\/magicandrituals.com\/es\/los-5-amuletos-magicos-mas-poderosos\/\"><img loading=\"lazy\" decoding=\"async\" width=\"513\" height=\"528\" src=\"https:\/\/magicandrituals.com\/wp-content\/uploads\/2023\/05\/The-7-powerfull-amulets-in-the-world-magic.jpg\" class=\"attachment-large size-large wp-post-image\" alt=\"Los 7 amuletos m\u00e1gicos m\u00e1s poderosos\" srcset=\"https:\/\/magicandrituals.com\/wp-content\/uploads\/2023\/05\/The-7-powerfull-amulets-in-the-world-magic.jpg 513w, https:\/\/magicandrituals.com\/wp-content\/uploads\/2023\/05\/The-7-powerfull-amulets-in-the-world-magic-291x300.jpg 291w\" sizes=\"auto, (max-width: 513px) 100vw, 513px\" \/><\/a>\n            <\/div>\n                            <div class=\"wp-block-getwid-recent-posts__content-wrapper\">\n                                    <header class=\"wp-block-getwid-recent-posts__entry-header\">\n                                                    <h3 class=\"wp-block-getwid-recent-posts__post-title\"><a href=\"https:\/\/magicandrituals.com\/es\/los-5-amuletos-magicos-mas-poderosos\/\">Los 7 amuletos m\u00e1gicos m\u00e1s poderosos<\/a><\/h3>                                                                    <\/header>\n                                <div class=\"wp-block-getwid-recent-posts__post-content\">Un amuleto m\u00e1gico es un objeto que normalmente se usa o lleva, que se cree que posee poderes m\u00e1gicos. Puede ser cualquier cosa, desde una simple piedra o moneda, hasta&#8230;<\/div>\n                \n                            <\/div>\n            <\/div>\n<\/article>\n\t\t\t<\/div>\n\t\t<\/div>\n\t\t","protected":false},"excerpt":{"rendered":"<p>Talismanes y Amuletos \u00bfCrees en los objetos de la suerte o sagrados? El lenguaje refleja el hecho de que mucha gente lo hizo y lo sigue haciendo. Mientras que la palabra talism\u00e1n, en su uso m\u00e1s estricto, se refiere a un objeto, incluso un ser humano o un animal puede ser considerado un talism\u00e1n, cuya&#8230;<\/p>\n","protected":false},"author":1,"featured_media":0,"parent":0,"menu_order":0,"comment_status":"closed","ping_status":"closed","template":"","meta":{"_kad_post_transparent":"","_kad_post_title":"hide","_kad_post_layout":"","_kad_post_sidebar_id":"","_kad_post_content_style":"","_kad_post_vertical_padding":"bottom","_kad_post_feature":"","_kad_post_feature_position":"","_kad_post_header":false,"_kad_post_footer":false,"_kad_post_classname":"","footnotes":""},"class_list":["post-84","page","type-page","status-publish","hentry"],"_links":{"self":[{"href":"https:\/\/magicandrituals.com\/es\/wp-json\/wp\/v2\/pages\/84","targetHints":{"allow":["GET"]}}],"collection":[{"href":"https:\/\/magicandrituals.com\/es\/wp-json\/wp\/v2\/pages"}],"about":[{"href":"https:\/\/magicandrituals.com\/es\/wp-json\/wp\/v2\/types\/page"}],"author":[{"embeddable":true,"href":"https:\/\/magicandrituals.com\/es\/wp-json\/wp\/v2\/users\/1"}],"replies":[{"embeddable":true,"href":"https:\/\/magicandrituals.com\/es\/wp-json\/wp\/v2\/comments?post=84"}],"version-history":[{"count":5,"href":"https:\/\/magicandrituals.com\/es\/wp-json\/wp\/v2\/pages\/84\/revisions"}],"predecessor-version":[{"id":634,"href":"https:\/\/magicandrituals.com\/es\/wp-json\/wp\/v2\/pages\/84\/revisions\/634"}],"wp:attachment":[{"href":"https:\/\/magicandrituals.com\/es\/wp-json\/wp\/v2\/media?parent=84"}],"curies":[{"name":"wp","href":"https:\/\/api.w.org\/{rel}","templated":true}]}}