{"id":81,"date":"2022-04-22T14:32:19","date_gmt":"2022-04-22T14:32:19","guid":{"rendered":"https:\/\/magicandrituals.com\/velas-magicas\/"},"modified":"2022-04-26T15:11:03","modified_gmt":"2022-04-26T15:11:03","slug":"velas-magicas","status":"publish","type":"page","link":"https:\/\/magicandrituals.com\/es\/velas-magicas\/","title":{"rendered":"Velas M\u00e1gicas"},"content":{"rendered":"<style>#kt-layout-id_a5d992-6f{margin-bottom:40px;}#kt-layout-id_a5d992-6f > .kt-row-column-wrap{z-index:10;position:relative;align-content:start;}:where(#kt-layout-id_a5d992-6f > .kt-row-column-wrap) > .wp-block-kadence-column{justify-content:start;}#kt-layout-id_a5d992-6f > .kt-row-column-wrap{column-gap:var(--global-kb-gap-md, 2rem);row-gap:var(--global-kb-gap-md, 2rem);padding-top:var( --global-kb-row-default-top, 25px );padding-bottom:var( --global-kb-row-default-bottom, 25px );padding-top:80px;padding-bottom:190px;grid-template-columns:minmax(0, 1fr);}#kt-layout-id_a5d992-6f{background-image:url('https:\/\/magicandrituals.com\/wp-content\/uploads\/2022\/04\/velas-magicas-top.jpg');background-size:cover;background-position:50% 42%;background-attachment:scroll;background-repeat:no-repeat;}#kt-layout-id_a5d992-6f > .kt-row-layout-overlay{opacity:0.30;background-color:var(--global-palette3, #1A202C);}#kt-layout-id_a5d992-6f .kt-row-layout-bottom-sep{height:100px;}#kt-layout-id_a5d992-6f .kt-row-layout-bottom-sep svg{width:100%;}#kt-layout-id_a5d992-6f .kt-row-layout-bottom-sep svg{fill:#ffffff!important;}@media all and (max-width: 1024px){#kt-layout-id_a5d992-6f > .kt-row-column-wrap{grid-template-columns:minmax(0, 1fr);}}@media all and (max-width: 1024px){#kt-layout-id_a5d992-6f .kt-row-layout-bottom-sep{height:px;}}@media all and (max-width: 1024px){#kt-layout-id_a5d992-6f .kt-row-layout-bottom-sep svg{width:%;}}@media all and (max-width: 767px){#kt-layout-id_a5d992-6f > .kt-row-column-wrap{grid-template-columns:minmax(0, 1fr);}#kt-layout-id_a5d992-6f .kt-row-layout-bottom-sep{height:px;}#kt-layout-id_a5d992-6f .kt-row-layout-bottom-sep svg{width:%;}}<\/style>\n<div class=\"wp-block-kadence-rowlayout alignfull\"><div id=\"kt-layout-id_a5d992-6f\" class=\"kt-row-layout-inner kt-row-has-bg kt-layout-id_a5d992-6f\"><div class=\"kt-row-layout-overlay kt-row-overlay-normal\"><\/div><div class=\"kt-row-column-wrap kt-has-1-columns kt-gutter-default kt-v-gutter-default kt-row-valign-top kt-row-layout-equal kt-tab-layout-inherit kt-m-colapse-left-to-right kt-mobile-layout-row\"><style>.kadence-column_b5fdac-33 > .kt-inside-inner-col{border-top-width:0px;border-right-width:0px;border-bottom-width:0px;border-left-width:0px;}.kadence-column_b5fdac-33 > .kt-inside-inner-col,.kadence-column_b5fdac-33 > .kt-inside-inner-col:before{border-top-left-radius:0px;border-top-right-radius:0px;border-bottom-right-radius:0px;border-bottom-left-radius:0px;}.kadence-column_b5fdac-33 > .kt-inside-inner-col{column-gap:var(--global-kb-gap-sm, 1rem);}.kadence-column_b5fdac-33 > .kt-inside-inner-col{flex-direction:column;}.kadence-column_b5fdac-33 > .kt-inside-inner-col > .aligncenter{width:100%;}.kadence-column_b5fdac-33 > .kt-inside-inner-col:before{opacity:0.3;}.kadence-column_b5fdac-33{position:relative;}@media all and (max-width: 1024px){.kadence-column_b5fdac-33 > .kt-inside-inner-col{flex-direction:column;justify-content:center;}}@media all and (max-width: 767px){.kadence-column_b5fdac-33 > .kt-inside-inner-col{flex-direction:column;justify-content:center;}}<\/style>\n<div class=\"wp-block-kadence-column inner-column-1 kadence-column_b5fdac-33\"><div class=\"kt-inside-inner-col\"><style>.wp-block-kadence-advancedheading.kt-adv-heading_5c03ae-fe, .wp-block-kadence-advancedheading.kt-adv-heading_5c03ae-fe[data-kb-block=\"kb-adv-heading_5c03ae-fe\"]{text-align:center;font-size:56px;font-style:normal;}.wp-block-kadence-advancedheading.kt-adv-heading_5c03ae-fe mark.kt-highlight, .wp-block-kadence-advancedheading.kt-adv-heading_5c03ae-fe[data-kb-block=\"kb-adv-heading_5c03ae-fe\"] mark.kt-highlight{font-style:normal;color:#f76a0c;-webkit-box-decoration-break:clone;box-decoration-break:clone;padding-top:0px;padding-right:0px;padding-bottom:0px;padding-left:0px;}.wp-block-kadence-advancedheading.kt-adv-heading_5c03ae-fe img.kb-inline-image, .wp-block-kadence-advancedheading.kt-adv-heading_5c03ae-fe[data-kb-block=\"kb-adv-heading_5c03ae-fe\"] img.kb-inline-image{width:150px;vertical-align:baseline;}<\/style>\n<h1 class=\"kt-adv-heading_5c03ae-fe wp-block-kadence-advancedheading has-theme-palette-9-color has-text-color\" data-kb-block=\"kb-adv-heading_5c03ae-fe\">Velas M\u00e1gicas<\/h1>\n<\/div><\/div>\n<\/div><div class=\"kt-row-layout-bottom-sep kt-row-sep-type-mtns\"><svg style=\"fill:#ffffff\" viewbox=\"0 0 1000 100\" preserveaspectratio=\"none\"><path d=\"M1000,50l-182.69,-45.286l-292.031,61.197l-190.875,-41.075l-143.748,28.794l-190.656,-23.63l0,70l1000,0l0,-50Z\" style=\"opacity:0.4\"><\/path><path d=\"M1000,57l-152.781,-22.589l-214.383,19.81l-159.318,-21.471l-177.44,25.875l-192.722,5.627l-103.356,-27.275l0,63.023l1000,0l0,-43Z\"><\/path><\/svg><\/div><\/div><\/div>\n\n\n\n<div class=\"wp-block-columns is-layout-flex wp-container-core-columns-is-layout-9d6595d7 wp-block-columns-is-layout-flex\">\n<div class=\"wp-block-column is-layout-flow wp-block-column-is-layout-flow\">\n<p>El fuego ha sido usado por el hombre desde los albores del tiempo, en la antigua Media, posteriormente Persia, exist\u00edan los guardianes del fuego, los magos, que deb\u00edan conservar perpetuamente encendida la llama sagrada. Este hecho es muy com\u00fan en diversas civilizaciones; de hecho, en todas las religiones se usa el fuego como elemento para potenciar una oraci\u00f3n, meditar o elaborar un ritual. As\u00ed pues, en la magia, es uno de los elementos principales. La manera m\u00e1s com\u00fan de usarlo es mediante las velas.<\/p>\n<\/div>\n\n\n\n<div class=\"wp-block-column is-layout-flow wp-block-column-is-layout-flow\">\n<p>La palabra vela ,cirio, o candela proviene del lat\u00edn candere, que significa brillar. Y su uso m\u00e1s com\u00fan es iluminar, tanto el exterior como nuestro interior. Nos inducen al recogimiento y a mirar dentro de nosotros.<\/p>\n\n\n\n<p>El uso del fuego en los rituales es tan antiguo como su descubrimiento, nos inducen a la protecci\u00f3n, al calor, a relajarnos y a mirar en nuestro interior.<\/p>\n<\/div>\n<\/div>\n\n\n\n<hr class=\"wp-block-separator\"\/>\n\n\n\n<div class=\"wp-block-columns is-layout-flex wp-container-core-columns-is-layout-9d6595d7 wp-block-columns-is-layout-flex\">\n<div class=\"wp-block-column is-layout-flow wp-block-column-is-layout-flow\">\n<p>Se cree que fueron incentadas por los egipcios alrededor del S. XIV a.c., algunos historiadores las sit\u00faan en el S.XIII a.c. Su uso fue com\u00fan en la Edad Media, siendo fabricadas con sebo y cera de abeja.<\/p>\n\n\n\n<p>La Edad Media fue una \u00e9poca oscura, y en los rituales, el prop\u00f3sito de las velas fue traer luz a esta existencia; de hecho, en aqu\u00e9l entonces s\u00f3lo se pod\u00eda contactar con los \u00e1ngeles a unas horas y d\u00edas determinadas en los rituales con velas que usamos en esta web, la oscuridad predominaba entonces y tan s\u00f3lo exist\u00edan ventanas de luz para contactar.<\/p>\n<\/div>\n\n\n\n<div class=\"wp-block-column is-layout-flow wp-block-column-is-layout-flow\">\n<p>Existen infinidad de rituales con velas, el m\u00e1s simple es encender una vela blanca cada d\u00eda hasta que se cumpla nuestro anhelo. Pero, en general, es muy importante el d\u00eda y el color para darle m\u00e1s fuerza y, si se le a\u00f1ade el sello y se la ritualiza su fuerza se multiplica, tal y c\u00f3mo hacemos con nuestras velas preparadas.<\/p>\n<\/div>\n<\/div>\n\n\n\n<hr class=\"wp-block-separator\"\/>\n\n\n\n<div class=\"wp-block-columns is-layout-flex wp-container-core-columns-is-layout-9d6595d7 wp-block-columns-is-layout-flex\">\n<div class=\"wp-block-column is-layout-flow wp-block-column-is-layout-flow\">\n<p>El fuego, la forma de quemarse, el humo\u2026todo ello nos dan pistas sobre el problema a tratar, si produce humo y chispas, si la llama oscila en ausencia de viento, si la mecha o p\u00e1bilo tarda en prender, si cae hac\u00eda abajo para elevarse despu\u00e9s, si en el origen de la mecha brilla m\u00e1s de lo normal, si arde lentamente, si da vueltas, si se apaga o si la llama crece intensamente m\u00e1s de lo normal\u2026<\/p>\n\n\n\n<p>Los colores de las velas est\u00e1n relacionados con los signos del zodiaco, con los arc\u00e1ngeles, los \u00e1ngeles y los d\u00edas de la semana, por lo tanto tambi\u00e9n con los antiguos dioses greco-romanos y con los planetas.<\/p>\n<\/div>\n\n\n\n<div class=\"wp-block-column is-layout-flow wp-block-column-is-layout-flow\">\n<p>Se puede trabajar cada color de la vela de manera planetaria para diversos prop\u00f3sitos que explicaremos m\u00e1s adelante.<\/p>\n\n\n\n<p>Respecto a los arc\u00e1ngeles, cada uno tiene su color, sus signos y sus sellos, al igual que los \u00e1ngeles de la c\u00e1bala. Los iremos viendo cada uno de manera m\u00e1s profunda en posteriores art\u00edculos.<\/p>\n<\/div>\n<\/div>\n\n\n<style>#kt-layout-id_1f0569-38 > .kt-row-column-wrap{align-content:start;}:where(#kt-layout-id_1f0569-38 > .kt-row-column-wrap) > .wp-block-kadence-column{justify-content:start;}#kt-layout-id_1f0569-38 > .kt-row-column-wrap{column-gap:var(--global-kb-gap-md, 2rem);row-gap:var(--global-kb-gap-md, 2rem);max-width:var( --global-content-width, 1290px );padding-left:var(--global-content-edge-padding);padding-right:var(--global-content-edge-padding);padding-top:var( --global-kb-row-default-top, 25px );padding-bottom:var( --global-kb-row-default-bottom, 25px );padding-top:var(--global-kb-spacing-sm, 1.5rem);padding-bottom:var(--global-kb-spacing-sm, 1.5rem);grid-template-columns:minmax(0, 1fr);}#kt-layout-id_1f0569-38 > .kt-row-layout-overlay{opacity:0.30;}@media all and (max-width: 1024px){#kt-layout-id_1f0569-38 > .kt-row-column-wrap{grid-template-columns:minmax(0, 1fr);}}@media all and (max-width: 767px){#kt-layout-id_1f0569-38 > .kt-row-column-wrap{grid-template-columns:minmax(0, 1fr);}}<\/style>\n<div class=\"wp-block-kadence-rowlayout alignnone\"><div id=\"kt-layout-id_1f0569-38\" class=\"kt-row-layout-inner kt-layout-id_1f0569-38\"><div class=\"kt-row-column-wrap kt-has-1-columns kt-gutter-default kt-v-gutter-default kt-row-valign-top kt-row-layout-equal kt-tab-layout-inherit kt-m-colapse-left-to-right kt-mobile-layout-row kb-theme-content-width\"><style>.kadence-column_150d39-2f > .kt-inside-inner-col{border-top-width:0px;border-right-width:0px;border-bottom-width:0px;border-left-width:0px;}.kadence-column_150d39-2f > .kt-inside-inner-col,.kadence-column_150d39-2f > .kt-inside-inner-col:before{border-top-left-radius:0px;border-top-right-radius:0px;border-bottom-right-radius:0px;border-bottom-left-radius:0px;}.kadence-column_150d39-2f > .kt-inside-inner-col{column-gap:var(--global-kb-gap-sm, 1rem);}.kadence-column_150d39-2f > .kt-inside-inner-col{flex-direction:column;}.kadence-column_150d39-2f > .kt-inside-inner-col > .aligncenter{width:100%;}.kadence-column_150d39-2f > .kt-inside-inner-col:before{opacity:0.3;}.kadence-column_150d39-2f{position:relative;}@media all and (max-width: 1024px){.kadence-column_150d39-2f > .kt-inside-inner-col{flex-direction:column;justify-content:center;}}@media all and (max-width: 767px){.kadence-column_150d39-2f > .kt-inside-inner-col{flex-direction:column;justify-content:center;}}<\/style>\n<div class=\"wp-block-kadence-column inner-column-1 kadence-column_150d39-2f\"><div class=\"kt-inside-inner-col\">        <div class=\"wp-block-getwid-custom-post-type custom-post-type-post has-layout-grid\">\n            <div class=\"wp-block-getwid-custom-post-type__wrapper getwid-columns getwid-columns-3\">\n                \t\t\t\t\t\t\t\t<div class='wp-block-getwid-custom-post-type__post'>\n\t\t\t\t\t\t\t\t\t\n<div class=\"wp-block-getwid-template-post-featured-background-image getwid-padding-top-large getwid-padding-bottom-large getwid-padding-left-large getwid-padding-right-large\" >\n\t\t\t<div class=\"wp-block-getwid-template-post-featured-background-image__image\" style=\"background-image: url(https:\/\/magicandrituals.com\/wp-content\/uploads\/2022\/04\/archangel-elemiah-candle-img-225x300.jpg);\"><\/div>\n\t\t<div class=\"wp-block-getwid-template-post-featured-background-image__foreground\"\n\t\t style=\"background-color: #000; \" \t><\/div>\n\t    <div class=\"wp-block-getwid-template-post-featured-background-image__content\"\n\t\t\t>\n        \n\n<h3 style=\"font-size: 32px;color:#fff;\" class=\"wp-block-getwid-template-post-title has-text-color\"><a class=\"wp-block-getwid-template-post-title__link\" href=\"https:\/\/magicandrituals.com\/es\/vela-magica-del-angel-elemiah\/\">Vela M\u00e1gica del \u00c1ngel Elemiah<\/a><\/h3>\n\n\n<div class=\"wp-block-getwid-template-post-content is-excerpt has-text-color\" style=\"color:#fff;\"><p>Elemiah significa \u201cDios Oculto\u201d, este \u00e1ngel es de caracter\u00edstica femenina. Pertenece al coro de los serafines (en concreto es el cuarto \u00e1ngel del coro). Por lo tanto es un \u00e1ngel&#8230;<\/p><\/div>\n\n    <\/div>\n<\/div>\n\t\t\t\t\t\t\t\t<\/div>\n\t\t\t\t\t\t\t\t\t\t\t\t\t\t\t<div class='wp-block-getwid-custom-post-type__post'>\n\t\t\t\t\t\t\t\t\t\n<div class=\"wp-block-getwid-template-post-featured-background-image getwid-padding-top-large getwid-padding-bottom-large getwid-padding-left-large getwid-padding-right-large\" >\n\t\t\t<div class=\"wp-block-getwid-template-post-featured-background-image__image\" style=\"background-image: url(https:\/\/magicandrituals.com\/wp-content\/uploads\/2022\/04\/vela-arcangel-gabriel-1-228x300.jpg);\"><\/div>\n\t\t<div class=\"wp-block-getwid-template-post-featured-background-image__foreground\"\n\t\t style=\"background-color: #000; \" \t><\/div>\n\t    <div class=\"wp-block-getwid-template-post-featured-background-image__content\"\n\t\t\t>\n        \n\n<h3 style=\"font-size: 32px;color:#fff;\" class=\"wp-block-getwid-template-post-title has-text-color\"><a class=\"wp-block-getwid-template-post-title__link\" href=\"https:\/\/magicandrituals.com\/es\/la-vela-magica-del-arcangel-gabriel\/\">La vela m\u00e1gica del Arc\u00e1ngel Gabriel<\/a><\/h3>\n\n\n<div class=\"wp-block-getwid-template-post-content is-excerpt has-text-color\" style=\"color:#fff;\"><p>La vela del arc\u00e1ngel Gabriel se usa para entrar en contacto con su energ\u00eda y todo lo que aporta. Cada vez que queremos dotar de alma a una situaci\u00f3n, cuando&#8230;<\/p><\/div>\n\n    <\/div>\n<\/div>\n\t\t\t\t\t\t\t\t<\/div>\n\t\t\t\t\t\t\t            <\/div>\n\n                    <\/div>\n        <\/div><\/div>\n<\/div><\/div><\/div>\n","protected":false},"excerpt":{"rendered":"<p>Velas M\u00e1gicas El fuego ha sido usado por el hombre desde los albores del tiempo, en la antigua Media, posteriormente Persia, exist\u00edan los guardianes del fuego, los magos, que deb\u00edan conservar perpetuamente encendida la llama sagrada. Este hecho es muy com\u00fan en diversas civilizaciones; de hecho, en todas las religiones se usa el fuego como&#8230;<\/p>\n","protected":false},"author":1,"featured_media":0,"parent":0,"menu_order":0,"comment_status":"closed","ping_status":"closed","template":"","meta":{"_kad_post_transparent":"","_kad_post_title":"hide","_kad_post_layout":"","_kad_post_sidebar_id":"","_kad_post_content_style":"","_kad_post_vertical_padding":"bottom","_kad_post_feature":"","_kad_post_feature_position":"","_kad_post_header":false,"_kad_post_footer":false,"_kad_post_classname":"","footnotes":""},"class_list":["post-81","page","type-page","status-publish","hentry"],"_links":{"self":[{"href":"https:\/\/magicandrituals.com\/es\/wp-json\/wp\/v2\/pages\/81","targetHints":{"allow":["GET"]}}],"collection":[{"href":"https:\/\/magicandrituals.com\/es\/wp-json\/wp\/v2\/pages"}],"about":[{"href":"https:\/\/magicandrituals.com\/es\/wp-json\/wp\/v2\/types\/page"}],"author":[{"embeddable":true,"href":"https:\/\/magicandrituals.com\/es\/wp-json\/wp\/v2\/users\/1"}],"replies":[{"embeddable":true,"href":"https:\/\/magicandrituals.com\/es\/wp-json\/wp\/v2\/comments?post=81"}],"version-history":[{"count":4,"href":"https:\/\/magicandrituals.com\/es\/wp-json\/wp\/v2\/pages\/81\/revisions"}],"predecessor-version":[{"id":289,"href":"https:\/\/magicandrituals.com\/es\/wp-json\/wp\/v2\/pages\/81\/revisions\/289"}],"wp:attachment":[{"href":"https:\/\/magicandrituals.com\/es\/wp-json\/wp\/v2\/media?parent=81"}],"curies":[{"name":"wp","href":"https:\/\/api.w.org\/{rel}","templated":true}]}}