{"id":76,"date":"2022-04-23T08:17:29","date_gmt":"2022-04-23T08:17:29","guid":{"rendered":"https:\/\/magicandrituals.com\/magia\/"},"modified":"2022-04-25T09:07:38","modified_gmt":"2022-04-25T09:07:38","slug":"magia","status":"publish","type":"page","link":"https:\/\/magicandrituals.com\/es\/magia\/","title":{"rendered":"Magia"},"content":{"rendered":"<style>#kt-layout-id_fdf156-bf{margin-bottom:40px;}#kt-layout-id_fdf156-bf > .kt-row-column-wrap{z-index:10;position:relative;align-content:start;}:where(#kt-layout-id_fdf156-bf > .kt-row-column-wrap) > .wp-block-kadence-column{justify-content:start;}#kt-layout-id_fdf156-bf > .kt-row-column-wrap{column-gap:var(--global-kb-gap-md, 2rem);row-gap:var(--global-kb-gap-md, 2rem);padding-top:var( --global-kb-row-default-top, 25px );padding-bottom:var( --global-kb-row-default-bottom, 25px );padding-top:95px;padding-bottom:227px;grid-template-columns:minmax(0, 1fr);}#kt-layout-id_fdf156-bf{background-image:url('https:\/\/magicandrituals.com\/wp-content\/uploads\/2022\/04\/magia-banner.jpg');background-size:cover;background-position:center center;background-attachment:scroll;background-repeat:no-repeat;}#kt-layout-id_fdf156-bf > .kt-row-layout-overlay{opacity:0.30;background-color:var(--global-palette3, #1A202C);}#kt-layout-id_fdf156-bf .kt-row-layout-bottom-sep{height:100px;}#kt-layout-id_fdf156-bf .kt-row-layout-bottom-sep svg{width:100%;}#kt-layout-id_fdf156-bf .kt-row-layout-bottom-sep svg{fill:#ffffff!important;}@media all and (max-width: 1024px){#kt-layout-id_fdf156-bf > .kt-row-column-wrap{grid-template-columns:minmax(0, 1fr);}}@media all and (max-width: 1024px){#kt-layout-id_fdf156-bf .kt-row-layout-bottom-sep{height:px;}}@media all and (max-width: 1024px){#kt-layout-id_fdf156-bf .kt-row-layout-bottom-sep svg{width:%;}}@media all and (max-width: 767px){#kt-layout-id_fdf156-bf > .kt-row-column-wrap{grid-template-columns:minmax(0, 1fr);}#kt-layout-id_fdf156-bf .kt-row-layout-bottom-sep{height:px;}#kt-layout-id_fdf156-bf .kt-row-layout-bottom-sep svg{width:%;}}<\/style>\n<div class=\"wp-block-kadence-rowlayout alignfull\"><div id=\"kt-layout-id_fdf156-bf\" class=\"kt-row-layout-inner kt-row-has-bg kt-layout-id_fdf156-bf\"><div class=\"kt-row-layout-overlay kt-row-overlay-normal\"><\/div><div class=\"kt-row-column-wrap kt-has-1-columns kt-gutter-default kt-v-gutter-default kt-row-valign-top kt-row-layout-equal kt-tab-layout-inherit kt-m-colapse-left-to-right kt-mobile-layout-row\"><style>.kadence-column_b5fdac-33 > .kt-inside-inner-col{border-top-width:0px;border-right-width:0px;border-bottom-width:0px;border-left-width:0px;}.kadence-column_b5fdac-33 > .kt-inside-inner-col,.kadence-column_b5fdac-33 > .kt-inside-inner-col:before{border-top-left-radius:0px;border-top-right-radius:0px;border-bottom-right-radius:0px;border-bottom-left-radius:0px;}.kadence-column_b5fdac-33 > .kt-inside-inner-col{column-gap:var(--global-kb-gap-sm, 1rem);}.kadence-column_b5fdac-33 > .kt-inside-inner-col{flex-direction:column;}.kadence-column_b5fdac-33 > .kt-inside-inner-col > .aligncenter{width:100%;}.kadence-column_b5fdac-33 > .kt-inside-inner-col:before{opacity:0.3;}.kadence-column_b5fdac-33{position:relative;}@media all and (max-width: 1024px){.kadence-column_b5fdac-33 > .kt-inside-inner-col{flex-direction:column;justify-content:center;}}@media all and (max-width: 767px){.kadence-column_b5fdac-33 > .kt-inside-inner-col{flex-direction:column;justify-content:center;}}<\/style>\n<div class=\"wp-block-kadence-column inner-column-1 kadence-column_b5fdac-33\"><div class=\"kt-inside-inner-col\"><style>.wp-block-kadence-advancedheading.kt-adv-heading_7ad969-4d, .wp-block-kadence-advancedheading.kt-adv-heading_7ad969-4d[data-kb-block=\"kb-adv-heading_7ad969-4d\"]{text-align:center;font-size:56px;font-style:normal;text-shadow:1px 1px 1px var(--global-palette9, #ffffff);}.wp-block-kadence-advancedheading.kt-adv-heading_7ad969-4d mark.kt-highlight, .wp-block-kadence-advancedheading.kt-adv-heading_7ad969-4d[data-kb-block=\"kb-adv-heading_7ad969-4d\"] mark.kt-highlight{font-style:normal;color:#f76a0c;-webkit-box-decoration-break:clone;box-decoration-break:clone;padding-top:0px;padding-right:0px;padding-bottom:0px;padding-left:0px;}.wp-block-kadence-advancedheading.kt-adv-heading_7ad969-4d img.kb-inline-image, .wp-block-kadence-advancedheading.kt-adv-heading_7ad969-4d[data-kb-block=\"kb-adv-heading_7ad969-4d\"] img.kb-inline-image{width:150px;vertical-align:baseline;}@media all and (max-width: 1024px){.wp-block-kadence-advancedheading.kt-adv-heading_7ad969-4d, .wp-block-kadence-advancedheading.kt-adv-heading_7ad969-4d[data-kb-block=\"kb-adv-heading_7ad969-4d\"]{text-shadow:1px 1px 1px var(--global-palette9, #ffffff);}}@media all and (max-width: 767px){.wp-block-kadence-advancedheading.kt-adv-heading_7ad969-4d, .wp-block-kadence-advancedheading.kt-adv-heading_7ad969-4d[data-kb-block=\"kb-adv-heading_7ad969-4d\"]{text-shadow:1px 1px 1px var(--global-palette9, #ffffff);}}<\/style>\n<h1 class=\"kt-adv-heading_7ad969-4d wp-block-kadence-advancedheading has-theme-palette-9-color has-text-color\" data-kb-block=\"kb-adv-heading_7ad969-4d\">Magick<\/h1>\n<\/div><\/div>\n<\/div><div class=\"kt-row-layout-bottom-sep kt-row-sep-type-mtns\"><svg style=\"fill:#ffffff\" viewbox=\"0 0 1000 100\" preserveaspectratio=\"none\"><path d=\"M1000,50l-182.69,-45.286l-292.031,61.197l-190.875,-41.075l-143.748,28.794l-190.656,-23.63l0,70l1000,0l0,-50Z\" style=\"opacity:0.4\"><\/path><path d=\"M1000,57l-152.781,-22.589l-214.383,19.81l-159.318,-21.471l-177.44,25.875l-192.722,5.627l-103.356,-27.275l0,63.023l1000,0l0,-43Z\"><\/path><\/svg><\/div><\/div><\/div>\n\n\n<style>#kt-layout-id_fde205-58 > .kt-row-column-wrap{align-content:start;}:where(#kt-layout-id_fde205-58 > .kt-row-column-wrap) > .wp-block-kadence-column{justify-content:start;}#kt-layout-id_fde205-58 > .kt-row-column-wrap{column-gap:var(--global-kb-gap-md, 2rem);row-gap:var(--global-kb-gap-md, 2rem);padding-top:var( --global-kb-row-default-top, 25px );padding-bottom:var( --global-kb-row-default-bottom, 25px );padding-top:var(--global-kb-spacing-sm, 1.5rem);padding-bottom:var(--global-kb-spacing-sm, 1.5rem);grid-template-columns:minmax(0, 1fr);}#kt-layout-id_fde205-58 > .kt-row-layout-overlay{opacity:0.30;}@media all and (max-width: 1024px){#kt-layout-id_fde205-58 > .kt-row-column-wrap{grid-template-columns:minmax(0, 1fr);}}@media all and (max-width: 767px){#kt-layout-id_fde205-58 > .kt-row-column-wrap{grid-template-columns:minmax(0, 1fr);}}<\/style>\n<div class=\"wp-block-kadence-rowlayout alignnone\"><div id=\"kt-layout-id_fde205-58\" class=\"kt-row-layout-inner kt-layout-id_fde205-58\"><div class=\"kt-row-column-wrap kt-has-1-columns kt-gutter-default kt-v-gutter-default kt-row-valign-top kt-row-layout-equal kt-tab-layout-inherit kt-m-colapse-left-to-right kt-mobile-layout-row\"><style>.kadence-column_dd31b6-07 > .kt-inside-inner-col{border-top-width:0px;border-right-width:0px;border-bottom-width:0px;border-left-width:0px;}.kadence-column_dd31b6-07 > .kt-inside-inner-col,.kadence-column_dd31b6-07 > .kt-inside-inner-col:before{border-top-left-radius:0px;border-top-right-radius:0px;border-bottom-right-radius:0px;border-bottom-left-radius:0px;}.kadence-column_dd31b6-07 > .kt-inside-inner-col{column-gap:var(--global-kb-gap-sm, 1rem);}.kadence-column_dd31b6-07 > .kt-inside-inner-col{flex-direction:column;}.kadence-column_dd31b6-07 > .kt-inside-inner-col > .aligncenter{width:100%;}.kadence-column_dd31b6-07 > .kt-inside-inner-col:before{opacity:0.3;}.kadence-column_dd31b6-07{position:relative;}@media all and (max-width: 1024px){.kadence-column_dd31b6-07 > .kt-inside-inner-col{flex-direction:column;justify-content:center;}}@media all and (max-width: 767px){.kadence-column_dd31b6-07 > .kt-inside-inner-col{flex-direction:column;justify-content:center;}}<\/style>\n<div class=\"wp-block-kadence-column inner-column-1 kadence-column_dd31b6-07\"><div class=\"kt-inside-inner-col\">        <div class=\"wp-block-getwid-custom-post-type custom-post-type-post has-layout-list\">\n            <div class=\"wp-block-getwid-custom-post-type__wrapper\">\n                \t\t\t\t\t\t\t\t<div class='wp-block-getwid-custom-post-type__post'>\n\t\t\t\t\t\t\t\t\t\n<div class=\"wp-block-getwid-custom-post-type__post-wrapper\">\n            <div class=\"wp-block-getwid-custom-post-type__post-thumbnail\">\n            <a href=\"https:\/\/magicandrituals.com\/es\/el-poder-del-nombre-palabras-de-poder\/\"><img loading=\"lazy\" decoding=\"async\" width=\"800\" height=\"396\" src=\"https:\/\/magicandrituals.com\/wp-content\/uploads\/2022\/05\/Power-of-Names-img.jpg\" class=\"attachment-post-thumbnail size-post-thumbnail wp-post-image\" alt=\"Power of Names\" srcset=\"https:\/\/magicandrituals.com\/wp-content\/uploads\/2022\/05\/Power-of-Names-img.jpg 800w, https:\/\/magicandrituals.com\/wp-content\/uploads\/2022\/05\/Power-of-Names-img-300x149.jpg 300w, https:\/\/magicandrituals.com\/wp-content\/uploads\/2022\/05\/Power-of-Names-img-768x380.jpg 768w\" sizes=\"auto, (max-width: 800px) 100vw, 800px\" \/><\/a>\n        <\/div>\n        <div class=\"wp-block-getwid-custom-post-type__content-wrapper\">\n        <div class=\"wp-block-getwid-custom-post-type__post-header\">\n            <h3 class=\"wp-block-getwid-custom-post-type__post-title\"><a href=\"https:\/\/magicandrituals.com\/es\/el-poder-del-nombre-palabras-de-poder\/\">El Poder del Nombre. Palabras de Poder<\/a><\/h3>        <\/div>\n        <div class=\"wp-block-getwid-custom-post-type__post-excerpt \"><p>En la antig\u00fcedad el poder del nombre o de ciertos nombres era fundamental, as\u00ed se usan nombres m\u00e1gicos para obtener un poder o el poder de lo nombrado. B\u00e1sicamente, el&#8230;<\/p>\n<\/div>\n    <\/div>\n<\/div>\n\t\t\t\t\t\t\t\t<\/div>\n\t\t\t\t\t\t\t\t\t\t\t\t\t\t\t<div class='wp-block-getwid-custom-post-type__post'>\n\t\t\t\t\t\t\t\t\t\n<div class=\"wp-block-getwid-custom-post-type__post-wrapper\">\n            <div class=\"wp-block-getwid-custom-post-type__post-thumbnail\">\n            <a href=\"https:\/\/magicandrituals.com\/es\/el-principio\/\"><img loading=\"lazy\" decoding=\"async\" width=\"800\" height=\"526\" src=\"https:\/\/magicandrituals.com\/wp-content\/uploads\/2022\/04\/BIGBANG-el-principio-1.jpg\" class=\"attachment-post-thumbnail size-post-thumbnail wp-post-image\" alt=\"BIGBANG el principio\" srcset=\"https:\/\/magicandrituals.com\/wp-content\/uploads\/2022\/04\/BIGBANG-el-principio-1.jpg 800w, https:\/\/magicandrituals.com\/wp-content\/uploads\/2022\/04\/BIGBANG-el-principio-1-300x197.jpg 300w, https:\/\/magicandrituals.com\/wp-content\/uploads\/2022\/04\/BIGBANG-el-principio-1-768x505.jpg 768w\" sizes=\"auto, (max-width: 800px) 100vw, 800px\" \/><\/a>\n        <\/div>\n        <div class=\"wp-block-getwid-custom-post-type__content-wrapper\">\n        <div class=\"wp-block-getwid-custom-post-type__post-header\">\n            <h3 class=\"wp-block-getwid-custom-post-type__post-title\"><a href=\"https:\/\/magicandrituals.com\/es\/el-principio\/\">El Principio<\/a><\/h3>        <\/div>\n        <div class=\"wp-block-getwid-custom-post-type__post-excerpt \"><p>El universo fue creado de la nada a partir de un \u00fanico punto de luz. Esta nada recibe el nombre de \u201cMundo sin fin El Mundo sin fin estaba lleno&#8230;<\/p>\n<\/div>\n    <\/div>\n<\/div>\n\t\t\t\t\t\t\t\t<\/div>\n\t\t\t\t\t\t\t            <\/div>\n\n                    <\/div>\n        <\/div><\/div>\n<\/div><\/div><\/div>\n","protected":false},"excerpt":{"rendered":"<p>Magick<\/p>\n","protected":false},"author":1,"featured_media":0,"parent":0,"menu_order":0,"comment_status":"closed","ping_status":"closed","template":"","meta":{"_kad_post_transparent":"","_kad_post_title":"hide","_kad_post_layout":"","_kad_post_sidebar_id":"","_kad_post_content_style":"","_kad_post_vertical_padding":"bottom","_kad_post_feature":"","_kad_post_feature_position":"","_kad_post_header":false,"_kad_post_footer":false,"_kad_post_classname":"","footnotes":""},"class_list":["post-76","page","type-page","status-publish","hentry"],"_links":{"self":[{"href":"https:\/\/magicandrituals.com\/es\/wp-json\/wp\/v2\/pages\/76","targetHints":{"allow":["GET"]}}],"collection":[{"href":"https:\/\/magicandrituals.com\/es\/wp-json\/wp\/v2\/pages"}],"about":[{"href":"https:\/\/magicandrituals.com\/es\/wp-json\/wp\/v2\/types\/page"}],"author":[{"embeddable":true,"href":"https:\/\/magicandrituals.com\/es\/wp-json\/wp\/v2\/users\/1"}],"replies":[{"embeddable":true,"href":"https:\/\/magicandrituals.com\/es\/wp-json\/wp\/v2\/comments?post=76"}],"version-history":[{"count":4,"href":"https:\/\/magicandrituals.com\/es\/wp-json\/wp\/v2\/pages\/76\/revisions"}],"predecessor-version":[{"id":144,"href":"https:\/\/magicandrituals.com\/es\/wp-json\/wp\/v2\/pages\/76\/revisions\/144"}],"wp:attachment":[{"href":"https:\/\/magicandrituals.com\/es\/wp-json\/wp\/v2\/media?parent=76"}],"curies":[{"name":"wp","href":"https:\/\/api.w.org\/{rel}","templated":true}]}}