{"id":74,"date":"2022-04-21T13:30:48","date_gmt":"2022-04-21T13:30:48","guid":{"rendered":"https:\/\/magicandrituals.com\/arcangeles\/"},"modified":"2022-10-25T05:50:33","modified_gmt":"2022-10-25T05:50:33","slug":"arcangeles","status":"publish","type":"page","link":"https:\/\/magicandrituals.com\/es\/arcangeles\/","title":{"rendered":"Arc\u00e1ngeles"},"content":{"rendered":"<style>#kt-layout-id_139c4a-3b{margin-bottom:40px;}#kt-layout-id_139c4a-3b > .kt-row-column-wrap{z-index:10;position:relative;align-content:start;}:where(#kt-layout-id_139c4a-3b > .kt-row-column-wrap) > .wp-block-kadence-column{justify-content:start;}#kt-layout-id_139c4a-3b > .kt-row-column-wrap{column-gap:var(--global-kb-gap-md, 2rem);row-gap:var(--global-kb-gap-md, 2rem);padding-top:var( --global-kb-row-default-top, 25px );padding-bottom:var( --global-kb-row-default-bottom, 25px );padding-top:80px;padding-bottom:190px;grid-template-columns:minmax(0, 1fr);}#kt-layout-id_139c4a-3b{background-image:url('https:\/\/magicandrituals.com\/wp-content\/uploads\/2022\/04\/Archangels-cat.jpg');background-size:cover;background-position:center center;background-attachment:scroll;background-repeat:no-repeat;}#kt-layout-id_139c4a-3b > .kt-row-layout-overlay{opacity:0.30;background-color:var(--global-palette3, #1A202C);}#kt-layout-id_139c4a-3b .kt-row-layout-bottom-sep{height:100px;}#kt-layout-id_139c4a-3b .kt-row-layout-bottom-sep svg{width:100%;}#kt-layout-id_139c4a-3b .kt-row-layout-bottom-sep svg{fill:#ffffff!important;}@media all and (max-width: 1024px){#kt-layout-id_139c4a-3b > .kt-row-column-wrap{grid-template-columns:minmax(0, 1fr);}}@media all and (max-width: 1024px){#kt-layout-id_139c4a-3b .kt-row-layout-bottom-sep{height:px;}}@media all and (max-width: 1024px){#kt-layout-id_139c4a-3b .kt-row-layout-bottom-sep svg{width:%;}}@media all and (max-width: 767px){#kt-layout-id_139c4a-3b > .kt-row-column-wrap{grid-template-columns:minmax(0, 1fr);}#kt-layout-id_139c4a-3b .kt-row-layout-bottom-sep{height:px;}#kt-layout-id_139c4a-3b .kt-row-layout-bottom-sep svg{width:%;}}<\/style>\n<div class=\"wp-block-kadence-rowlayout alignfull\"><div id=\"kt-layout-id_139c4a-3b\" class=\"kt-row-layout-inner kt-row-has-bg kt-layout-id_139c4a-3b\"><div class=\"kt-row-layout-overlay kt-row-overlay-normal\"><\/div><div class=\"kt-row-column-wrap kt-has-1-columns kt-gutter-default kt-v-gutter-default kt-row-valign-top kt-row-layout-equal kt-tab-layout-inherit kt-m-colapse-left-to-right kt-mobile-layout-row\"><style>.kadence-column_b5fdac-33 > .kt-inside-inner-col{border-top-width:0px;border-right-width:0px;border-bottom-width:0px;border-left-width:0px;}.kadence-column_b5fdac-33 > .kt-inside-inner-col,.kadence-column_b5fdac-33 > .kt-inside-inner-col:before{border-top-left-radius:0px;border-top-right-radius:0px;border-bottom-right-radius:0px;border-bottom-left-radius:0px;}.kadence-column_b5fdac-33 > .kt-inside-inner-col{column-gap:var(--global-kb-gap-sm, 1rem);}.kadence-column_b5fdac-33 > .kt-inside-inner-col{flex-direction:column;}.kadence-column_b5fdac-33 > .kt-inside-inner-col > .aligncenter{width:100%;}.kadence-column_b5fdac-33 > .kt-inside-inner-col:before{opacity:0.3;}.kadence-column_b5fdac-33{position:relative;}@media all and (max-width: 1024px){.kadence-column_b5fdac-33 > .kt-inside-inner-col{flex-direction:column;justify-content:center;}}@media all and (max-width: 767px){.kadence-column_b5fdac-33 > .kt-inside-inner-col{flex-direction:column;justify-content:center;}}<\/style>\n<div class=\"wp-block-kadence-column inner-column-1 kadence-column_b5fdac-33\"><div class=\"kt-inside-inner-col\"><style>.wp-block-kadence-advancedheading.kt-adv-heading_a38346-61, .wp-block-kadence-advancedheading.kt-adv-heading_a38346-61[data-kb-block=\"kb-adv-heading_a38346-61\"]{text-align:center;font-size:56px;font-style:normal;}.wp-block-kadence-advancedheading.kt-adv-heading_a38346-61 mark.kt-highlight, .wp-block-kadence-advancedheading.kt-adv-heading_a38346-61[data-kb-block=\"kb-adv-heading_a38346-61\"] mark.kt-highlight{font-style:normal;color:#f76a0c;-webkit-box-decoration-break:clone;box-decoration-break:clone;padding-top:0px;padding-right:0px;padding-bottom:0px;padding-left:0px;}.wp-block-kadence-advancedheading.kt-adv-heading_a38346-61 img.kb-inline-image, .wp-block-kadence-advancedheading.kt-adv-heading_a38346-61[data-kb-block=\"kb-adv-heading_a38346-61\"] img.kb-inline-image{width:150px;vertical-align:baseline;}<\/style>\n<h1 class=\"kt-adv-heading_a38346-61 wp-block-kadence-advancedheading has-theme-palette-9-color has-text-color\" data-kb-block=\"kb-adv-heading_a38346-61\">Arc\u00e1ngeles<\/h1>\n<\/div><\/div>\n<\/div><div class=\"kt-row-layout-bottom-sep kt-row-sep-type-mtns\"><svg style=\"fill:#ffffff\" viewBox=\"0 0 1000 100\" preserveAspectRatio=\"none\"><path d=\"M1000,50l-182.69,-45.286l-292.031,61.197l-190.875,-41.075l-143.748,28.794l-190.656,-23.63l0,70l1000,0l0,-50Z\" style=\"opacity:0.4\"><\/path><path d=\"M1000,57l-152.781,-22.589l-214.383,19.81l-159.318,-21.471l-177.44,25.875l-192.722,5.627l-103.356,-27.275l0,63.023l1000,0l0,-43Z\"><\/path><\/svg><\/div><\/div><\/div>\n\n\n\n<div class=\"wp-block-columns is-layout-flex wp-container-core-columns-is-layout-9d6595d7 wp-block-columns-is-layout-flex\">\n<div class=\"wp-block-column is-layout-flow wp-block-column-is-layout-flow\">\n<p>Existe una gran controversia sobre el n\u00famero de arc\u00e1ngeles, un Arc\u00e1ngel es un tipo de \u00e1ngel poderoso, que tiene unas tareas espec\u00edficas y dirige a otros \u00e1ngeles.<\/p>\n\n\n\n<p>La <strong>Iglesia Cat\u00f3lica<\/strong> s\u00f3lo reconoce a tres: Miguel, Rafael y Gabriel.<br>En el <strong>Judaismo<\/strong> apenas hay referencias a \u00e1ngeles y arc\u00e1ngeles, pese a ello, tradicionalmente se aceptan siete.<br>La <strong>Iglesia Ortodoxa<\/strong> reconoce a siete, Miguel, Gabriel, Rafael, Uriel, Yehudiel, Sealtiel y Baraquiel, aunque a veces a\u00f1ade uno m\u00e1s: Jeremiel.<br>Los <strong>coptos<\/strong>, adem\u00e1s de Miguel, Rafael y Gabriel, a\u00f1aden a Uriel (mencionado en el libro de Enoch), Zedekiel, Seratiel y Ananiel.<br>La <strong>Iglesia Anglicana<\/strong> reconoce a los cuatro arc\u00e1ngeles principales pero, en ocasiones, representa a siete; a\u00f1adiendo a Chamuel (Camael), Jofiel y Zadkiel.<br>El <strong>Islam<\/strong> tambi\u00e9n reconoce a siete arc\u00e1ngeles de diferentes nombres, por ejemplo Azrael, el arc\u00e1ngel de la muerte. Los principales ser\u00edan Israfel, Mikhail, Jibrail y Azrael.<br>En el <strong>esoterismo<\/strong>, Agrippa reconoce a Miguel, Gabriel, Rafael, Camael, Haniel (Anael), Zadkiel y Zafkiel. A\u00f1adiendo algunos a Cassiel. Otros consideran la existencia de m\u00e1s arc\u00e1ngeles, como por ejemplo Raziel\u2026<\/p>\n<\/div>\n\n\n\n<div class=\"wp-block-column is-layout-flow wp-block-column-is-layout-flow\">\n<p>Pese a la controversia, los esoteristas y muchas tradiciones antiguas aceptan una correspondencia entre los arc\u00e1ngeles y los siete planetas de la antig\u00fcedad, los siete d\u00edas de la semana y siete dioses griegos.<\/p>\n\n\n\n<p><strong>En la C\u00e1bala, pese a no llamarlos arc\u00e1ngeles, se corresponde uno por cada sephira o esfera.<\/strong><\/p>\n\n\n\n<p>Hay que tener en cuenta que las tradiciones se comunicaban y entrelazaban asimilando conceptos diferentes y a\u00f1adi\u00e9ndolos a los propios.<\/p>\n\n\n\n<p>Sea como fuere, los arc\u00e1ngeles son unas energ\u00edas con las que se pueden trabajar y servirnos de ayuda.<\/p>\n<\/div>\n<\/div>\n\n\n<style>#kt-layout-id_de63e0-47 > .kt-row-column-wrap{align-content:start;}:where(#kt-layout-id_de63e0-47 > .kt-row-column-wrap) > .wp-block-kadence-column{justify-content:start;}#kt-layout-id_de63e0-47 > .kt-row-column-wrap{column-gap:var(--global-kb-gap-md, 2rem);row-gap:var(--global-kb-gap-md, 2rem);padding-top:var( --global-kb-row-default-top, 25px );padding-bottom:var( --global-kb-row-default-bottom, 25px );padding-top:var(--global-kb-spacing-sm, 1.5rem);padding-bottom:var(--global-kb-spacing-sm, 1.5rem);grid-template-columns:minmax(0, 1fr);}#kt-layout-id_de63e0-47 > .kt-row-layout-overlay{opacity:0.30;}@media all and (max-width: 1024px){#kt-layout-id_de63e0-47 > .kt-row-column-wrap{grid-template-columns:minmax(0, 1fr);}}@media all and (max-width: 767px){#kt-layout-id_de63e0-47 > .kt-row-column-wrap{grid-template-columns:minmax(0, 1fr);}}<\/style>\n<div class=\"wp-block-kadence-rowlayout alignnone\"><div id=\"kt-layout-id_de63e0-47\" class=\"kt-row-layout-inner kt-layout-id_de63e0-47\"><div class=\"kt-row-column-wrap kt-has-1-columns kt-gutter-default kt-v-gutter-default kt-row-valign-top kt-row-layout-equal kt-tab-layout-inherit kt-m-colapse-left-to-right kt-mobile-layout-row\"><style>.kadence-column_31536a-49 > .kt-inside-inner-col{border-top-width:0px;border-right-width:0px;border-bottom-width:0px;border-left-width:0px;}.kadence-column_31536a-49 > .kt-inside-inner-col,.kadence-column_31536a-49 > .kt-inside-inner-col:before{border-top-left-radius:0px;border-top-right-radius:0px;border-bottom-right-radius:0px;border-bottom-left-radius:0px;}.kadence-column_31536a-49 > .kt-inside-inner-col{column-gap:var(--global-kb-gap-sm, 1rem);}.kadence-column_31536a-49 > .kt-inside-inner-col{flex-direction:column;}.kadence-column_31536a-49 > .kt-inside-inner-col > .aligncenter{width:100%;}.kadence-column_31536a-49 > .kt-inside-inner-col:before{opacity:0.3;}.kadence-column_31536a-49{position:relative;}@media all and (max-width: 1024px){.kadence-column_31536a-49 > .kt-inside-inner-col{flex-direction:column;justify-content:center;}}@media all and (max-width: 767px){.kadence-column_31536a-49 > .kt-inside-inner-col{flex-direction:column;justify-content:center;}}<\/style>\n<div class=\"wp-block-kadence-column inner-column-1 kadence-column_31536a-49\"><div class=\"kt-inside-inner-col\">        <div class=\"wp-block-getwid-custom-post-type custom-post-type-post has-layout-grid\">\n            <div class=\"wp-block-getwid-custom-post-type__wrapper getwid-columns getwid-columns-3\">\n                \t\t\t\t\t\t\t\t<div class='wp-block-getwid-custom-post-type__post'>\n\t\t\t\t\t\t\t\t\t\n<div class=\"wp-block-getwid-template-post-featured-background-image getwid-padding-top-large getwid-padding-bottom-large getwid-padding-left-large getwid-padding-right-large\" >\n\t\t\t<div class=\"wp-block-getwid-template-post-featured-background-image__image\" style=\"background-image: url(https:\/\/magicandrituals.com\/wp-content\/uploads\/2022\/10\/archangel-camael-marble-heading-300x150.jpg);\"><\/div>\n\t\t<div class=\"wp-block-getwid-template-post-featured-background-image__foreground\"\n\t\t style=\"background-color: #000; \" \t><\/div>\n\t    <div class=\"wp-block-getwid-template-post-featured-background-image__content\"\n\t\t\t>\n        \n\n<h3 style=\"font-size: 32px;color:#fff;\" class=\"wp-block-getwid-template-post-title has-text-color\"><a class=\"wp-block-getwid-template-post-title__link\" href=\"https:\/\/magicandrituals.com\/es\/arcangel-camael-chamuel-esfera-de-guevurah\/\">Arc\u00e1ngel Camael (Chamuel). Esfera de Guevurah<\/a><\/h3>\n\n\n<div class=\"wp-block-getwid-template-post-content is-excerpt has-text-color\" style=\"color:#fff;\"><p>Guevurah es la sefir\u00e1 del rigor, de la severidad, del poder\u2026 Se encuentra en el pilar del rigor del \u00e1rbol de la vida. La imagen m\u00e1gica de esta esfera es&#8230;<\/p><\/div>\n\n    <\/div>\n<\/div>\n\t\t\t\t\t\t\t\t<\/div>\n\t\t\t\t\t\t\t\t\t\t\t\t\t\t\t<div class='wp-block-getwid-custom-post-type__post'>\n\t\t\t\t\t\t\t\t\t\n<div class=\"wp-block-getwid-template-post-featured-background-image getwid-padding-top-large getwid-padding-bottom-large getwid-padding-left-large getwid-padding-right-large\" >\n\t\t\t<div class=\"wp-block-getwid-template-post-featured-background-image__image\" style=\"background-image: url(https:\/\/magicandrituals.com\/wp-content\/uploads\/2022\/09\/zadkiel-name-300x147.jpg);\"><\/div>\n\t\t<div class=\"wp-block-getwid-template-post-featured-background-image__foreground\"\n\t\t style=\"background-color: #000; \" \t><\/div>\n\t    <div class=\"wp-block-getwid-template-post-featured-background-image__content\"\n\t\t\t>\n        \n\n<h3 style=\"font-size: 32px;color:#fff;\" class=\"wp-block-getwid-template-post-title has-text-color\"><a class=\"wp-block-getwid-template-post-title__link\" href=\"https:\/\/magicandrituals.com\/es\/arcangel-tzadkiel-zadkiel-sachiel-esfera-de-chesed\/\">Arc\u00e1ngel Tzadkiel, Zadkiel, Sachiel. Esfera de Chesed<\/a><\/h3>\n\n\n<div class=\"wp-block-getwid-template-post-content is-excerpt has-text-color\" style=\"color:#fff;\"><p>Arc\u00e1ngel de la esfera de Jesed (Chesed), en el \u00e1rbol de la vida. Esta Shepira o esfera es la de la abundancia, la prosperidad, la alegr\u00eda, la buena suerte. La&#8230;<\/p><\/div>\n\n    <\/div>\n<\/div>\n\t\t\t\t\t\t\t\t<\/div>\n\t\t\t\t\t\t\t\t\t\t\t\t\t\t\t<div class='wp-block-getwid-custom-post-type__post'>\n\t\t\t\t\t\t\t\t\t\n<div class=\"wp-block-getwid-template-post-featured-background-image getwid-padding-top-large getwid-padding-bottom-large getwid-padding-left-large getwid-padding-right-large\" >\n\t\t\t<div class=\"wp-block-getwid-template-post-featured-background-image__image\" style=\"background-image: url(https:\/\/magicandrituals.com\/wp-content\/uploads\/2022\/05\/archangel-jehudiel-img-237x300.jpg);\"><\/div>\n\t\t<div class=\"wp-block-getwid-template-post-featured-background-image__foreground\"\n\t\t style=\"background-color: #000; \" \t><\/div>\n\t    <div class=\"wp-block-getwid-template-post-featured-background-image__content\"\n\t\t\t>\n        \n\n<h3 style=\"font-size: 32px;color:#fff;\" class=\"wp-block-getwid-template-post-title has-text-color\"><a class=\"wp-block-getwid-template-post-title__link\" href=\"https:\/\/magicandrituals.com\/es\/arcangel-jehudiel\/\">Arc\u00e1ngel Jehudiel<\/a><\/h3>\n\n\n<div class=\"wp-block-getwid-template-post-content is-excerpt has-text-color\" style=\"color:#fff;\"><p>Jehudiel es uno de los siete arc\u00e1ngeles aceptados por los cat\u00f3licos ortodoxos. Tambi\u00e9n se le conoce como Yehudiel o jegudiel\u2026.En hebreo significa \u201cel que muestra gratitud a Dios\u201d o \u201calabanza&#8230;<\/p><\/div>\n\n    <\/div>\n<\/div>\n\t\t\t\t\t\t\t\t<\/div>\n\t\t\t\t\t\t\t\t\t\t\t\t\t\t\t<div class='wp-block-getwid-custom-post-type__post'>\n\t\t\t\t\t\t\t\t\t\n<div class=\"wp-block-getwid-template-post-featured-background-image getwid-padding-top-large getwid-padding-bottom-large getwid-padding-left-large getwid-padding-right-large\" >\n\t\t\t<div class=\"wp-block-getwid-template-post-featured-background-image__image\" style=\"background-image: url(https:\/\/magicandrituals.com\/wp-content\/uploads\/2022\/04\/archangel-gabriel-img-1-300x246.jpg);\"><\/div>\n\t\t<div class=\"wp-block-getwid-template-post-featured-background-image__foreground\"\n\t\t style=\"background-color: #000; \" \t><\/div>\n\t    <div class=\"wp-block-getwid-template-post-featured-background-image__content\"\n\t\t\t>\n        \n\n<h3 style=\"font-size: 32px;color:#fff;\" class=\"wp-block-getwid-template-post-title has-text-color\"><a class=\"wp-block-getwid-template-post-title__link\" href=\"https:\/\/magicandrituals.com\/es\/el-arcangel-gabriel\/\">El Arc\u00e1ngel Gabriel<\/a><\/h3>\n\n\n<div class=\"wp-block-getwid-template-post-content is-excerpt has-text-color\" style=\"color:#fff;\"><p>Gabriel significa en hebreo fortaleza de Dios o fuerza de Dios, \u05d2\u05b7\u05bc\u05d1\u05b0\u05e8\u05b4\u05d9\u05d0\u05b5\u05dc,, aparece citado en la Biblia junto a Miguel y Rafael. Seg\u00fan una leyenda jud\u00eda, es el encargado de&#8230;<\/p><\/div>\n\n    <\/div>\n<\/div>\n\t\t\t\t\t\t\t\t<\/div>\n\t\t\t\t\t\t\t\t\t\t\t\t\t\t\t<div class='wp-block-getwid-custom-post-type__post'>\n\t\t\t\t\t\t\t\t\t\n<div class=\"wp-block-getwid-template-post-featured-background-image getwid-padding-top-large getwid-padding-bottom-large getwid-padding-left-large getwid-padding-right-large\" >\n\t\t\t<div class=\"wp-block-getwid-template-post-featured-background-image__image\" style=\"background-image: url(https:\/\/magicandrituals.com\/wp-content\/uploads\/2022\/04\/archangel-uriel-img-1-300x184.jpg);\"><\/div>\n\t\t<div class=\"wp-block-getwid-template-post-featured-background-image__foreground\"\n\t\t style=\"background-color: #000; \" \t><\/div>\n\t    <div class=\"wp-block-getwid-template-post-featured-background-image__content\"\n\t\t\t>\n        \n\n<h3 style=\"font-size: 32px;color:#fff;\" class=\"wp-block-getwid-template-post-title has-text-color\"><a class=\"wp-block-getwid-template-post-title__link\" href=\"https:\/\/magicandrituals.com\/es\/el-arcangel-uriel\/\">El Arc\u00e1ngel Uriel<\/a><\/h3>\n\n\n<div class=\"wp-block-getwid-template-post-content is-excerpt has-text-color\" style=\"color:#fff;\"><p>Uriel, Oriel, Nuriel, Uryan, Jeremiel, Suriel, Auriel, Vretil, Puruel, Phanuel, Jehoel, Fanuel, Ramiel; son los principales nombres por los que es conocido este arc\u00e1ngel. \u05d0\u05d5\u05bc\u05e8\u05b4\u05d9\u05d0\u05b5 \u00abDios es mi luz\u00bb o&#8230;<\/p><\/div>\n\n    <\/div>\n<\/div>\n\t\t\t\t\t\t\t\t<\/div>\n\t\t\t\t\t\t\t\t\t\t\t\t\t\t\t<div class='wp-block-getwid-custom-post-type__post'>\n\t\t\t\t\t\t\t\t\t\n<div class=\"wp-block-getwid-template-post-featured-background-image getwid-padding-top-large getwid-padding-bottom-large getwid-padding-left-large getwid-padding-right-large\" >\n\t\t\t<div class=\"wp-block-getwid-template-post-featured-background-image__image\" style=\"background-image: url(https:\/\/magicandrituals.com\/wp-content\/uploads\/2022\/04\/Archangel-Raphael-img-1-300x193.jpg);\"><\/div>\n\t\t<div class=\"wp-block-getwid-template-post-featured-background-image__foreground\"\n\t\t style=\"background-color: #000; \" \t><\/div>\n\t    <div class=\"wp-block-getwid-template-post-featured-background-image__content\"\n\t\t\t>\n        \n\n<h3 style=\"font-size: 32px;color:#fff;\" class=\"wp-block-getwid-template-post-title has-text-color\"><a class=\"wp-block-getwid-template-post-title__link\" href=\"https:\/\/magicandrituals.com\/es\/el-arcangel-rafael\/\">El Arc\u00e1ngel Rafael<\/a><\/h3>\n\n\n<div class=\"wp-block-getwid-template-post-content is-excerpt has-text-color\" style=\"color:#fff;\"><p>El Arc\u00e1ngel Rafael es uno de los tres arc\u00e1ngeles cuyo nombre aparece en la Biblia. Proviene del hebreo \u05e8\u05e4\u05d0\u05dc y significa medicina de Dios, por lo que su atributo para&#8230;<\/p><\/div>\n\n    <\/div>\n<\/div>\n\t\t\t\t\t\t\t\t<\/div>\n\t\t\t\t\t\t\t\t\t\t\t\t\t\t\t<div class='wp-block-getwid-custom-post-type__post'>\n\t\t\t\t\t\t\t\t\t\n<div class=\"wp-block-getwid-template-post-featured-background-image getwid-padding-top-large getwid-padding-bottom-large getwid-padding-left-large getwid-padding-right-large\" >\n\t\t\t<div class=\"wp-block-getwid-template-post-featured-background-image__image\" style=\"background-image: url(https:\/\/magicandrituals.com\/wp-content\/uploads\/2022\/04\/arcangel-miguel-1-291x300.jpg);\"><\/div>\n\t\t<div class=\"wp-block-getwid-template-post-featured-background-image__foreground\"\n\t\t style=\"background-color: #000; \" \t><\/div>\n\t    <div class=\"wp-block-getwid-template-post-featured-background-image__content\"\n\t\t\t>\n        \n\n<h3 style=\"font-size: 32px;color:#fff;\" class=\"wp-block-getwid-template-post-title has-text-color\"><a class=\"wp-block-getwid-template-post-title__link\" href=\"https:\/\/magicandrituals.com\/es\/el-arcangel-miguel\/\">El Arc\u00e1ngel Miguel<\/a><\/h3>\n\n\n<div class=\"wp-block-getwid-template-post-content is-excerpt has-text-color\" style=\"color:#fff;\"><p>Miguel, en hebreo significa \u00bfQui\u00e9n como Dios?&nbsp; \u05de\u05d9\u05db\u05d0\u05dc\u200e . En las religiones judeo-cristianas e isl\u00e1mica est\u00e1 considerado el jefe de los ej\u00e9rcitos de Dios. Es el regente de la sephira&#8230;<\/p><\/div>\n\n    <\/div>\n<\/div>\n\t\t\t\t\t\t\t\t<\/div>\n\t\t\t\t\t\t\t            <\/div>\n\n                            <nav class=\"navigation pagination\" role=\"navigation\">\n                    <h2 class=\"screen-reader-text\"><\/h2>\n                    <div class=\"nav-links\">\n                                        <\/div>\n                <\/nav>\n                    <\/div>\n        <\/div><\/div>\n<\/div><\/div><\/div>\n","protected":false},"excerpt":{"rendered":"<p>Arc\u00e1ngeles Existe una gran controversia sobre el n\u00famero de arc\u00e1ngeles, un Arc\u00e1ngel es un tipo de \u00e1ngel poderoso, que tiene unas tareas espec\u00edficas y dirige a otros \u00e1ngeles. La Iglesia Cat\u00f3lica s\u00f3lo reconoce a tres: Miguel, Rafael y Gabriel.En el Judaismo apenas hay referencias a \u00e1ngeles y arc\u00e1ngeles, pese a ello, tradicionalmente se aceptan siete.La&#8230;<\/p>\n","protected":false},"author":1,"featured_media":0,"parent":0,"menu_order":0,"comment_status":"closed","ping_status":"closed","template":"","meta":{"_kad_post_transparent":"","_kad_post_title":"hide","_kad_post_layout":"","_kad_post_sidebar_id":"","_kad_post_content_style":"","_kad_post_vertical_padding":"bottom","_kad_post_feature":"","_kad_post_feature_position":"","_kad_post_header":false,"_kad_post_footer":false,"_kad_post_classname":"","footnotes":""},"class_list":["post-74","page","type-page","status-publish","hentry"],"_links":{"self":[{"href":"https:\/\/magicandrituals.com\/es\/wp-json\/wp\/v2\/pages\/74","targetHints":{"allow":["GET"]}}],"collection":[{"href":"https:\/\/magicandrituals.com\/es\/wp-json\/wp\/v2\/pages"}],"about":[{"href":"https:\/\/magicandrituals.com\/es\/wp-json\/wp\/v2\/types\/page"}],"author":[{"embeddable":true,"href":"https:\/\/magicandrituals.com\/es\/wp-json\/wp\/v2\/users\/1"}],"replies":[{"embeddable":true,"href":"https:\/\/magicandrituals.com\/es\/wp-json\/wp\/v2\/comments?post=74"}],"version-history":[{"count":5,"href":"https:\/\/magicandrituals.com\/es\/wp-json\/wp\/v2\/pages\/74\/revisions"}],"predecessor-version":[{"id":435,"href":"https:\/\/magicandrituals.com\/es\/wp-json\/wp\/v2\/pages\/74\/revisions\/435"}],"wp:attachment":[{"href":"https:\/\/magicandrituals.com\/es\/wp-json\/wp\/v2\/media?parent=74"}],"curies":[{"name":"wp","href":"https:\/\/api.w.org\/{rel}","templated":true}]}}