{"id":346,"date":"2022-05-10T08:11:32","date_gmt":"2022-05-10T08:11:32","guid":{"rendered":"https:\/\/magicandrituals.com\/rituales\/"},"modified":"2023-08-10T16:11:42","modified_gmt":"2023-08-10T16:11:42","slug":"rituales","status":"publish","type":"page","link":"https:\/\/magicandrituals.com\/es\/rituales\/","title":{"rendered":"Rituales"},"content":{"rendered":"<style>.kb-row-layout-wrap.wp-block-kadence-rowlayout.kb-row-layout-id346_b51ead-80{margin-bottom:40px;}.kb-row-layout-id346_b51ead-80 > .kt-row-column-wrap{align-content:start;}:where(.kb-row-layout-id346_b51ead-80 > .kt-row-column-wrap) > .wp-block-kadence-column{justify-content:start;}.kb-row-layout-id346_b51ead-80 > .kt-row-column-wrap{column-gap:var(--global-kb-gap-md, 2rem);row-gap:var(--global-kb-gap-md, 2rem);padding-top:95px;padding-bottom:227px;grid-template-columns:minmax(0, 1fr);}.kb-row-layout-id346_b51ead-80{background-image:url('https:\/\/magicandrituals.com\/wp-content\/uploads\/2022\/05\/rituals-bg.jpg');background-size:cover;background-position:center center;background-attachment:scroll;background-repeat:no-repeat;}.kb-row-layout-id346_b51ead-80 > .kt-row-layout-overlay{opacity:0.30;background-color:var(--global-palette3, #1A202C);}.kb-row-layout-id346_b51ead-80 .kt-row-layout-bottom-sep{height:100px;}.kb-row-layout-id346_b51ead-80 .kt-row-layout-bottom-sep svg{width:100%;}.kb-row-layout-id346_b51ead-80 .kt-row-layout-bottom-sep svg{fill:#ffffff!important;}@media all and (max-width: 1024px){.kb-row-layout-id346_b51ead-80 > .kt-row-column-wrap{grid-template-columns:minmax(0, 1fr);}}@media all and (max-width: 1024px){.kb-row-layout-id346_b51ead-80 .kt-row-layout-bottom-sep{height:px;}}@media all and (max-width: 1024px){.kb-row-layout-id346_b51ead-80 .kt-row-layout-bottom-sep svg{width:%;}}@media all and (max-width: 767px){.kb-row-layout-id346_b51ead-80 > .kt-row-column-wrap{grid-template-columns:minmax(0, 1fr);}.kb-row-layout-id346_b51ead-80 .kt-row-layout-bottom-sep{height:px;}.kb-row-layout-id346_b51ead-80 .kt-row-layout-bottom-sep svg{width:%;}}<\/style><div class=\"kb-row-layout-wrap kb-row-layout-id346_b51ead-80 alignfull kt-row-has-bg wp-block-kadence-rowlayout\"><div class=\"kt-row-layout-overlay kt-row-overlay-normal\"><\/div><div class=\"kt-row-layout-bottom-sep kt-row-sep-type-mtns\"><svg viewBox=\"0 0 1000 100\" preserveAspectRatio=\"none\"><path d=\"M1000,50l-182.69,-45.286l-292.031,61.197l-190.875,-41.075l-143.748,28.794l-190.656,-23.63l0,70l1000,0l0,-50Z\" style=\"opacity: 0.4\" \/><path d=\"M1000,57l-152.781,-22.589l-214.383,19.81l-159.318,-21.471l-177.44,25.875l-192.722,5.627l-103.356,-27.275l0,63.023l1000,0l0,-43Z\" \/><\/svg><\/div><div class=\"kt-row-column-wrap kt-has-1-columns kt-row-layout-equal kt-tab-layout-inherit kt-mobile-layout-row kt-row-valign-top\">\n<style>.kadence-column346_8e8fcb-da > .kt-inside-inner-col,.kadence-column346_8e8fcb-da > .kt-inside-inner-col:before{border-top-left-radius:0px;border-top-right-radius:0px;border-bottom-right-radius:0px;border-bottom-left-radius:0px;}.kadence-column346_8e8fcb-da > .kt-inside-inner-col{column-gap:var(--global-kb-gap-sm, 1rem);}.kadence-column346_8e8fcb-da > .kt-inside-inner-col{flex-direction:column;}.kadence-column346_8e8fcb-da > .kt-inside-inner-col > .aligncenter{width:100%;}.kadence-column346_8e8fcb-da > .kt-inside-inner-col:before{opacity:0.3;}.kadence-column346_8e8fcb-da{position:relative;}@media all and (max-width: 1024px){.kadence-column346_8e8fcb-da > .kt-inside-inner-col{flex-direction:column;justify-content:center;}}@media all and (max-width: 767px){.kadence-column346_8e8fcb-da > .kt-inside-inner-col{flex-direction:column;justify-content:center;}}<\/style>\n<div class=\"wp-block-kadence-column kadence-column346_8e8fcb-da inner-column-1\"><div class=\"kt-inside-inner-col\"><style>.wp-block-kadence-advancedheading.kt-adv-heading346_98906d-e6, .wp-block-kadence-advancedheading.kt-adv-heading346_98906d-e6[data-kb-block=\"kb-adv-heading346_98906d-e6\"]{text-align:center;font-size:56px;font-style:normal;text-shadow:1px 1px 1px var(--global-palette9, #ffffff);}.wp-block-kadence-advancedheading.kt-adv-heading346_98906d-e6 mark.kt-highlight, .wp-block-kadence-advancedheading.kt-adv-heading346_98906d-e6[data-kb-block=\"kb-adv-heading346_98906d-e6\"] mark.kt-highlight{font-style:normal;color:#f76a0c;-webkit-box-decoration-break:clone;box-decoration-break:clone;padding-top:0px;padding-right:0px;padding-bottom:0px;padding-left:0px;}.wp-block-kadence-advancedheading.kt-adv-heading346_98906d-e6 img.kb-inline-image, .wp-block-kadence-advancedheading.kt-adv-heading346_98906d-e6[data-kb-block=\"kb-adv-heading346_98906d-e6\"] img.kb-inline-image{width:150px;vertical-align:baseline;}@media all and (max-width: 1024px){.wp-block-kadence-advancedheading.kt-adv-heading346_98906d-e6, .wp-block-kadence-advancedheading.kt-adv-heading346_98906d-e6[data-kb-block=\"kb-adv-heading346_98906d-e6\"]{text-shadow:1px 1px 1px var(--global-palette9, #ffffff);}}@media all and (max-width: 767px){.wp-block-kadence-advancedheading.kt-adv-heading346_98906d-e6, .wp-block-kadence-advancedheading.kt-adv-heading346_98906d-e6[data-kb-block=\"kb-adv-heading346_98906d-e6\"]{text-shadow:1px 1px 1px var(--global-palette9, #ffffff);}}<\/style>\n<h1 class=\"kt-adv-heading346_98906d-e6 wp-block-kadence-advancedheading has-theme-palette-9-color has-text-color\" data-kb-block=\"kb-adv-heading346_98906d-e6\">Rituales<\/h1>\n<\/div><\/div>\n\n<\/div><\/div>\n\n\n<div class=\"wp-block-columns is-layout-flex wp-container-core-columns-is-layout-9d6595d7 wp-block-columns-is-layout-flex\">\n<div class=\"wp-block-column is-layout-flow wp-block-column-is-layout-flow\">\n<p>Los <strong>rituales<\/strong> son una forma de pr\u00e1ctica espiritual que a menudo se realizan con el prop\u00f3sito de honrar, recordar o invocar la presencia de una o m\u00e1s deidades.<\/p>\n\n\n\n<p>Hay muchos rituales que se pueden realizar para honrar a varias deidades. Uno de los m\u00e1s populares es realizar un ritual para pedir protecci\u00f3n a un arc\u00e1ngel.<\/p>\n\n\n\n<p>Para realizar un ritual para pedir protecci\u00f3n a un arc\u00e1ngel, primero debe limpiar su espacio y luego instalar un altar con elementos como incienso, velas y flores. Coloque una imagen del arc\u00e1ngel que desea invocar en el centro y luego encienda su incienso y velas mientras recita oraciones.<\/p>\n<\/div>\n\n\n\n<div class=\"wp-block-column is-layout-flow wp-block-column-is-layout-flow\">\n<p>La palabra \u00abritual\u00bb se deriva de la palabra latina \u00abr\u012btus\u00bb, que significa \u00abcorrecto, adecuado y correcto\u00bb. Los rituales son un conjunto de comportamientos o acciones que uno realiza para un prop\u00f3sito espec\u00edfico.<\/p>\n\n\n\n<p>Hay muchos tipos diferentes de rituales. Algunos de ellos tienen un significado religioso y otros son solo tradiciones a las que las personas se adhieren sin ning\u00fan motivo en particular. Por ejemplo, algunas personas pueden usar la misma ropa todos los d\u00edas porque creen que les traer\u00e1 buena suerte.<\/p>\n\n\n\n<p>Algunos rituales provienen de creencias religiosas como el cristianismo y el juda\u00edsmo. Los cristianos creen en siete arc\u00e1ngeles que sirven como protectores de la humanidad: Michael, Gabriel, Raphael, Uriel, Chamuel (o Haniel), Jophiel (o Zadkiel) y Raguel (o Remiel).<\/p>\n<\/div>\n<\/div>\n\n\n<style>.wp-block-kadence-spacer.kt-block-spacer-346_88d3ac-50 .kt-block-spacer{height:60px;}.wp-block-kadence-spacer.kt-block-spacer-346_88d3ac-50 .kt-divider{border-top-width:1px;height:1px;border-top-color:#eee;width:80%;border-top-style:solid;}<\/style>\n<div class=\"wp-block-kadence-spacer aligncenter kt-block-spacer-346_88d3ac-50\"><div class=\"kt-block-spacer kt-block-spacer-halign-center\"><hr class=\"kt-divider\"\/><\/div><\/div>\n\n\n\n<p><strong>Los rituales son una forma de vida para algunas personas<\/strong>. Les ayudan a deshacerse de sus sentimientos negativos, despejar su mente, conectarse con el universo y sentirse mejor.<\/p>\n\n\n\n<ul class=\"wp-block-list\">\n<li>El primer paso para realizar un ritual es tener un objetivo en mente. Por ejemplo, si quieres limpiar tu cuerpo, debes tener agua lista y cualquier otro elemento que necesites para el ritual.<\/li>\n\n\n\n<li>El segundo paso es comenzar el ritual comenzando con oraci\u00f3n o meditaci\u00f3n y luego procediendo con rituales de limpieza o cualquier otra actividad que sea necesaria para su objetivo.<\/li>\n\n\n\n<li>El tercer paso es terminar el ritual agradeciendo a Dios por su ayuda y protecci\u00f3n durante su tiempo de necesidad.<\/li>\n<\/ul>\n\n\n<style>.wp-block-kadence-spacer.kt-block-spacer-346_2cb9d9-1b .kt-block-spacer{height:60px;}.wp-block-kadence-spacer.kt-block-spacer-346_2cb9d9-1b .kt-divider{border-top-width:1px;height:1px;border-top-color:#eee;width:80%;border-top-style:solid;}<\/style>\n<div class=\"wp-block-kadence-spacer aligncenter kt-block-spacer-346_2cb9d9-1b\"><div class=\"kt-block-spacer kt-block-spacer-halign-center\"><hr class=\"kt-divider\"\/><\/div><\/div>\n\n\n        <div class=\"wp-block-getwid-custom-post-type custom-post-type-post has-layout-grid\">\n            <div class=\"wp-block-getwid-custom-post-type__wrapper getwid-columns getwid-columns-3\">\n                \t\t\t\t\t\t\t\t<div class='wp-block-getwid-custom-post-type__post'>\n\t\t\t\t\t\t\t\t\t\n<div class=\"wp-block-getwid-template-post-featured-background-image getwid-padding-top-large getwid-padding-bottom-large getwid-padding-left-large getwid-padding-right-large\" >\n\t\t\t<div class=\"wp-block-getwid-template-post-featured-background-image__image\" style=\"background-image: url(https:\/\/magicandrituals.com\/wp-content\/uploads\/2023\/08\/Mandala-Amulet-magic-300x237.jpg);\"><\/div>\n\t\t<div class=\"wp-block-getwid-template-post-featured-background-image__foreground\"\n\t\t style=\"background-color: #000; \" \t><\/div>\n\t    <div class=\"wp-block-getwid-template-post-featured-background-image__content\"\n\t\t\t>\n        \n\n<h3 style=\"font-size: 32px;color:#fff;\" class=\"wp-block-getwid-template-post-title has-text-color\"><a class=\"wp-block-getwid-template-post-title__link\" href=\"https:\/\/magicandrituals.com\/es\/el-mandala-magico\/\">El Mandala M\u00e1gico<\/a><\/h3>\n\n\n<div class=\"wp-block-getwid-template-post-content is-excerpt has-text-color\" style=\"color:#fff;\"><p>Los mandalas son patrones geom\u00e9tricos sim\u00e9tricos que se originaron en diversas culturas antiguas, incluyendo la hind\u00fa, budista, tibetana y nativa americana. Aunque su significado y prop\u00f3sito pueden variar seg\u00fan la&#8230;<\/p><\/div>\n\n    <\/div>\n<\/div>\n\t\t\t\t\t\t\t\t<\/div>\n\t\t\t\t\t\t\t\t\t\t\t\t\t\t\t<div class='wp-block-getwid-custom-post-type__post'>\n\t\t\t\t\t\t\t\t\t\n<div class=\"wp-block-getwid-template-post-featured-background-image getwid-padding-top-large getwid-padding-bottom-large getwid-padding-left-large getwid-padding-right-large\" >\n\t\t\t<div class=\"wp-block-getwid-template-post-featured-background-image__image\" style=\"background-image: url(https:\/\/magicandrituals.com\/wp-content\/uploads\/2023\/05\/The-Ankh-rituals-magic-f-300x294.jpg);\"><\/div>\n\t\t<div class=\"wp-block-getwid-template-post-featured-background-image__foreground\"\n\t\t style=\"background-color: #000; \" \t><\/div>\n\t    <div class=\"wp-block-getwid-template-post-featured-background-image__content\"\n\t\t\t>\n        \n\n<h3 style=\"font-size: 32px;color:#fff;\" class=\"wp-block-getwid-template-post-title has-text-color\"><a class=\"wp-block-getwid-template-post-title__link\" href=\"https:\/\/magicandrituals.com\/es\/los-rituales-del-ankh\/\">Los rituales del Ankh<\/a><\/h3>\n\n\n<div class=\"wp-block-getwid-template-post-content is-excerpt has-text-color\" style=\"color:#fff;\"><p>El Ankh es un antiguo s\u00edmbolo egipcio que representa la vida, la fertilidad y el m\u00e1s all\u00e1. Es un s\u00edmbolo poderoso que ha sido venerado por muchas culturas a lo&#8230;<\/p><\/div>\n\n    <\/div>\n<\/div>\n\t\t\t\t\t\t\t\t<\/div>\n\t\t\t\t\t\t\t\t\t\t\t\t\t\t\t<div class='wp-block-getwid-custom-post-type__post'>\n\t\t\t\t\t\t\t\t\t\n<div class=\"wp-block-getwid-template-post-featured-background-image getwid-padding-top-large getwid-padding-bottom-large getwid-padding-left-large getwid-padding-right-large\" >\n\t\t\t<div class=\"wp-block-getwid-template-post-featured-background-image__image\" style=\"background-image: url();\"><\/div>\n\t\t<div class=\"wp-block-getwid-template-post-featured-background-image__foreground\"\n\t\t style=\"background-color: #000; \" \t><\/div>\n\t    <div class=\"wp-block-getwid-template-post-featured-background-image__content\"\n\t\t\t>\n        \n\n<h3 style=\"font-size: 32px;color:#fff;\" class=\"wp-block-getwid-template-post-title has-text-color\"><a class=\"wp-block-getwid-template-post-title__link\" href=\"https:\/\/magicandrituals.com\/es\/el-ritual-del-sello-de-saturno\/\">El ritual del sello de Saturno<\/a><\/h3>\n\n\n<div class=\"wp-block-getwid-template-post-content is-excerpt has-text-color\" style=\"color:#fff;\"><p>El sello de Saturno es un ritual que se utiliza desde la antig\u00fcedad para alejar los malos esp\u00edritus. El sello se hace dibujando un pentagrama en el suelo con un&#8230;<\/p><\/div>\n\n    <\/div>\n<\/div>\n\t\t\t\t\t\t\t\t<\/div>\n\t\t\t\t\t\t\t\t\t\t\t\t\t\t\t<div class='wp-block-getwid-custom-post-type__post'>\n\t\t\t\t\t\t\t\t\t\n<div class=\"wp-block-getwid-template-post-featured-background-image getwid-padding-top-large getwid-padding-bottom-large getwid-padding-left-large getwid-padding-right-large\" >\n\t\t\t<div class=\"wp-block-getwid-template-post-featured-background-image__image\" style=\"background-image: url(https:\/\/magicandrituals.com\/wp-content\/uploads\/2022\/05\/sello-jupiter-300x297.png);\"><\/div>\n\t\t<div class=\"wp-block-getwid-template-post-featured-background-image__foreground\"\n\t\t style=\"background-color: #000; \" \t><\/div>\n\t    <div class=\"wp-block-getwid-template-post-featured-background-image__content\"\n\t\t\t>\n        \n\n<h3 style=\"font-size: 32px;color:#fff;\" class=\"wp-block-getwid-template-post-title has-text-color\"><a class=\"wp-block-getwid-template-post-title__link\" href=\"https:\/\/magicandrituals.com\/es\/ritual-del-primer-pantaculo-de-jupiter-de-la-llave-de-salomon\/\">Ritual del Primer pant\u00e1culo de J\u00fapiter de la Llave de Salom\u00f3n<\/a><\/h3>\n\n\n<div class=\"wp-block-getwid-template-post-content is-excerpt has-text-color\" style=\"color:#fff;\"><p>Seg\u00fan McGregor Mathers (cuyo nombre real fue Samuel Liddell, uno de los fundadores de la Golden Dawn), que tradujo la llave de Salom\u00f3n (la mayor y la menor) y emple\u00f3&#8230;<\/p><\/div>\n\n    <\/div>\n<\/div>\n\t\t\t\t\t\t\t\t<\/div>\n\t\t\t\t\t\t\t            <\/div>\n\n                    <\/div>\n        ","protected":false},"excerpt":{"rendered":"<p>Rituales Los rituales son una forma de pr\u00e1ctica espiritual que a menudo se realizan con el prop\u00f3sito de honrar, recordar o invocar la presencia de una o m\u00e1s deidades. Hay muchos rituales que se pueden realizar para honrar a varias deidades. Uno de los m\u00e1s populares es realizar un ritual para pedir protecci\u00f3n a un&#8230;<\/p>\n","protected":false},"author":1,"featured_media":0,"parent":0,"menu_order":0,"comment_status":"closed","ping_status":"closed","template":"","meta":{"_kad_post_transparent":"","_kad_post_title":"hide","_kad_post_layout":"","_kad_post_sidebar_id":"","_kad_post_content_style":"","_kad_post_vertical_padding":"bottom","_kad_post_feature":"","_kad_post_feature_position":"","_kad_post_header":false,"_kad_post_footer":false,"_kad_post_classname":"","footnotes":""},"class_list":["post-346","page","type-page","status-publish","hentry"],"_links":{"self":[{"href":"https:\/\/magicandrituals.com\/es\/wp-json\/wp\/v2\/pages\/346","targetHints":{"allow":["GET"]}}],"collection":[{"href":"https:\/\/magicandrituals.com\/es\/wp-json\/wp\/v2\/pages"}],"about":[{"href":"https:\/\/magicandrituals.com\/es\/wp-json\/wp\/v2\/types\/page"}],"author":[{"embeddable":true,"href":"https:\/\/magicandrituals.com\/es\/wp-json\/wp\/v2\/users\/1"}],"replies":[{"embeddable":true,"href":"https:\/\/magicandrituals.com\/es\/wp-json\/wp\/v2\/comments?post=346"}],"version-history":[{"count":5,"href":"https:\/\/magicandrituals.com\/es\/wp-json\/wp\/v2\/pages\/346\/revisions"}],"predecessor-version":[{"id":661,"href":"https:\/\/magicandrituals.com\/es\/wp-json\/wp\/v2\/pages\/346\/revisions\/661"}],"wp:attachment":[{"href":"https:\/\/magicandrituals.com\/es\/wp-json\/wp\/v2\/media?parent=346"}],"curies":[{"name":"wp","href":"https:\/\/api.w.org\/{rel}","templated":true}]}}